{"id":10076,"date":"2021-02-04T11:45:25","date_gmt":"2021-02-04T11:45:25","guid":{"rendered":"https:\/\/tranarakademin.se\/?page_id=10076"},"modified":"2024-11-26T12:35:20","modified_gmt":"2024-11-26T12:35:20","slug":"pt-int-tack","status":"publish","type":"page","link":"https:\/\/tranarakademin.se\/en\/pt-int-tack\/","title":{"rendered":"Tack f\u00f6r din intresseanm\u00e4lan"},"content":{"rendered":"<h2>\n\t\tTack f\u00f6r din intresseanm\u00e4lan\n\t<\/h2>\n\t<p>Inom n\u00e5gra minuter kommer du f\u00e5 ett mail fr\u00e5n oss med viktig information. Om mailet dr\u00f6jer ber vi dig att kontrollera din skr\u00e4ppost eller kampanjmapp.<\/p>\n\t\t\t\t<img decoding=\"async\" src=\"https:\/\/tranarakademin.se\/wp-content\/uploads\/2024\/10\/TA_45-600x400.jpg\" alt=\"TA_45\" itemprop=\"image\" height=\"400\" width=\"600\" title=\"TA_45\" onerror=\"this.style.display='none'\"  \/>\n\t<h3><strong><u>Kom ig\u00e5ng direkt!<\/u><\/strong><\/h3>\n<p>Vill du veta exakt hur utbildningen kan hj\u00e4lpa dig att n\u00e5 dina m\u00e5l? Boka en kort, kostnadsfri genomg\u00e5ng d\u00e4r du f\u00e5r personlig v\u00e4gledning och svar p\u00e5 alla dina fr\u00e5gor. Det \u00e4r det snabbaste s\u00e4ttet att f\u00e5 en klar bild och komma ett steg n\u00e4rmare dina dr\u00f6mmar.<\/p>\n\n\t\t\t<a href=\"\" target=\"_self\">\n\t\t\t\t\t\t\tBOKA KONSULTATION >>\n\t\t\t\t\t<\/a>\n\t<iframe src=\"https:\/\/widget.reco.se\/v2\/widget\/1645877?mode=HORIZONTAL_QUOTE\" width=\"100%\" height=\"225\" scrolling=\"no\" data-reactroot=\"\"><\/iframe>","protected":false},"excerpt":{"rendered":"<p>Tack f\u00f6r din intresseanm\u00e4lan Inom n\u00e5gra minuter kommer du f\u00e5 ett mail fr\u00e5n oss med viktig information. Om mailet dr\u00f6jer ber vi dig att kontrollera din skr\u00e4ppost eller kampanjmapp. Kom ig\u00e5ng direkt! Vill du veta exakt hur utbildningen kan hj\u00e4lpa dig att n\u00e5 dina m\u00e5l? Boka en kort, kostnadsfri genomg\u00e5ng d\u00e4r du f\u00e5r personlig v\u00e4gledning [&hellip;]<\/p>\n","protected":false},"author":1,"featured_media":0,"parent":0,"menu_order":0,"comment_status":"closed","ping_status":"closed","template":"","meta":{"site-sidebar-layout":"default","site-content-layout":"default","ast-site-content-layout":"default","site-content-style":"default","site-sidebar-style":"default","ast-global-header-display":"","ast-banner-title-visibility":"","ast-main-header-display":"","ast-hfb-above-header-display":"","ast-hfb-below-header-display":"","ast-hfb-mobile-header-display":"","site-post-title":"disabled","ast-breadcrumbs-content":"","ast-featured-img":"","footer-sml-layout":"","ast-disable-related-posts":"","theme-transparent-header-meta":"disabled","adv-header-id-meta":"","stick-header-meta":"default","header-above-stick-meta":"","header-main-stick-meta":"","header-below-stick-meta":"","astra-migrate-meta-layouts":"default","ast-page-background-enabled":"default","ast-page-background-meta":{"desktop":{"background-color":"","background-image":"","background-repeat":"repeat","background-position":"center center","background-size":"auto","background-attachment":"scroll","background-type":"","background-media":"","overlay-type":"","overlay-color":"","overlay-opacity":"","overlay-gradient":""},"tablet":{"background-color":"","background-image":"","background-repeat":"repeat","background-position":"center center","background-size":"auto","background-attachment":"scroll","background-type":"","background-media":"","overlay-type":"","overlay-color":"","overlay-opacity":"","overlay-gradient":""},"mobile":{"background-color":"","background-image":"","background-repeat":"repeat","background-position":"center center","background-size":"auto","background-attachment":"scroll","background-type":"","background-media":"","overlay-type":"","overlay-color":"","overlay-opacity":"","overlay-gradient":""}},"ast-content-background-meta":{"desktop":{"background-color":"var(--ast-global-color-5)","background-image":"","background-repeat":"repeat","background-position":"center center","background-size":"auto","background-attachment":"scroll","background-type":"","background-media":"","overlay-type":"","overlay-color":"","overlay-opacity":"","overlay-gradient":""},"tablet":{"background-color":"var(--ast-global-color-5)","background-image":"","background-repeat":"repeat","background-position":"center center","background-size":"auto","background-attachment":"scroll","background-type":"","background-media":"","overlay-type":"","overlay-color":"","overlay-opacity":"","overlay-gradient":""},"mobile":{"background-color":"var(--ast-global-color-5)","background-image":"","background-repeat":"repeat","background-position":"center center","background-size":"auto","background-attachment":"scroll","background-type":"","background-media":"","overlay-type":"","overlay-color":"","overlay-opacity":"","overlay-gradient":""}},"footnotes":""},"tags":[109],"class_list":["post-10076","page","type-page","status-publish","hentry","tag-bekaftelsel-intressenamalan-pt"],"yoast_head":"<!-- This site is optimized with the Yoast SEO plugin v27.2 - https:\/\/yoast.com\/product\/yoast-seo-wordpress\/ -->\n<title>Tack f\u00f6r din intresseanm\u00e4lan - Tr\u00e4narakademin<\/title>\n<meta name=\"robots\" content=\"index, follow, max-snippet:-1, max-image-preview:large, max-video-preview:-1\" \/>\n<link rel=\"canonical\" href=\"https:\/\/tranarakademin.se\/en\/pt-int-tack\/\" \/>\n<meta property=\"og:locale\" content=\"en_GB\" \/>\n<meta property=\"og:type\" content=\"article\" \/>\n<meta property=\"og:title\" content=\"Tack f\u00f6r din intresseanm\u00e4lan - Tr\u00e4narakademin\" \/>\n<meta property=\"og:description\" content=\"Tack f\u00f6r din intresseanm\u00e4lan Inom n\u00e5gra minuter kommer du f\u00e5 ett mail fr\u00e5n oss med viktig information. Om mailet dr\u00f6jer ber vi dig att kontrollera din skr\u00e4ppost eller kampanjmapp. Kom ig\u00e5ng direkt! Vill du veta exakt hur utbildningen kan hj\u00e4lpa dig att n\u00e5 dina m\u00e5l? Boka en kort, kostnadsfri genomg\u00e5ng d\u00e4r du f\u00e5r personlig v\u00e4gledning [&hellip;]\" \/>\n<meta property=\"og:url\" content=\"https:\/\/tranarakademin.se\/en\/pt-int-tack\/\" \/>\n<meta property=\"og:site_name\" content=\"Tr\u00e4narakademin\" \/>\n<meta property=\"article:modified_time\" content=\"2024-11-26T12:35:20+00:00\" \/>\n<meta property=\"og:image\" content=\"https:\/\/tranarakademin.se\/wp-content\/uploads\/2024\/10\/TA_45-600x400.jpg\" \/>\n<meta name=\"twitter:card\" content=\"summary_large_image\" \/>\n<meta name=\"twitter:label1\" content=\"Est. reading time\" \/>\n\t<meta name=\"twitter:data1\" content=\"1 minute\" \/>\n<script type=\"application\/ld+json\" class=\"yoast-schema-graph\">{\"@context\":\"https:\/\/schema.org\",\"@graph\":[{\"@type\":\"WebPage\",\"@id\":\"https:\/\/tranarakademin.se\/pt-int-tack\/\",\"url\":\"https:\/\/tranarakademin.se\/pt-int-tack\/\",\"name\":\"Tack f\u00f6r din intresseanm\u00e4lan - Tr\u00e4narakademin\",\"isPartOf\":{\"@id\":\"https:\/\/tranarakademin.se\/#website\"},\"primaryImageOfPage\":{\"@id\":\"https:\/\/tranarakademin.se\/pt-int-tack\/#primaryimage\"},\"image\":{\"@id\":\"https:\/\/tranarakademin.se\/pt-int-tack\/#primaryimage\"},\"thumbnailUrl\":\"https:\/\/tranarakademin.se\/wp-content\/uploads\/2024\/10\/TA_45-600x400.jpg\",\"datePublished\":\"2021-02-04T11:45:25+00:00\",\"dateModified\":\"2024-11-26T12:35:20+00:00\",\"breadcrumb\":{\"@id\":\"https:\/\/tranarakademin.se\/pt-int-tack\/#breadcrumb\"},\"inLanguage\":\"en-GB\",\"potentialAction\":[{\"@type\":\"ReadAction\",\"target\":[\"https:\/\/tranarakademin.se\/pt-int-tack\/\"]}]},{\"@type\":\"ImageObject\",\"inLanguage\":\"en-GB\",\"@id\":\"https:\/\/tranarakademin.se\/pt-int-tack\/#primaryimage\",\"url\":\"https:\/\/tranarakademin.se\/wp-content\/uploads\/2024\/10\/TA_45-600x400.jpg\",\"contentUrl\":\"https:\/\/tranarakademin.se\/wp-content\/uploads\/2024\/10\/TA_45-600x400.jpg\"},{\"@type\":\"BreadcrumbList\",\"@id\":\"https:\/\/tranarakademin.se\/pt-int-tack\/#breadcrumb\",\"itemListElement\":[{\"@type\":\"ListItem\",\"position\":1,\"name\":\"Hem\",\"item\":\"https:\/\/tranarakademin.se\/\"},{\"@type\":\"ListItem\",\"position\":2,\"name\":\"Bek\u00e4ftelsel Intressenam\u00e4lan PT\",\"item\":\"https:\/\/tranarakademin.se\/tag\/bekaftelsel-intressenamalan-pt\/\"},{\"@type\":\"ListItem\",\"position\":3,\"name\":\"Tack f\u00f6r din intresseanm\u00e4lan\"}]},{\"@type\":\"WebSite\",\"@id\":\"https:\/\/tranarakademin.se\/#website\",\"url\":\"https:\/\/tranarakademin.se\/\",\"name\":\"Tr\u00e4narakademin\",\"description\":\"Framg\u00e5ng, Vetenskap och Gemenskap\",\"publisher\":{\"@id\":\"https:\/\/tranarakademin.se\/#organization\"},\"potentialAction\":[{\"@type\":\"SearchAction\",\"target\":{\"@type\":\"EntryPoint\",\"urlTemplate\":\"https:\/\/tranarakademin.se\/?s={search_term_string}\"},\"query-input\":{\"@type\":\"PropertyValueSpecification\",\"valueRequired\":true,\"valueName\":\"search_term_string\"}}],\"inLanguage\":\"en-GB\"},{\"@type\":\"Organization\",\"@id\":\"https:\/\/tranarakademin.se\/#organization\",\"name\":\"Tr\u00e4narakademin\",\"url\":\"https:\/\/tranarakademin.se\/\",\"logo\":{\"@type\":\"ImageObject\",\"inLanguage\":\"en-GB\",\"@id\":\"https:\/\/tranarakademin.se\/#\/schema\/logo\/image\/\",\"url\":\"https:\/\/tranarakademin.se\/wp-content\/uploads\/2020\/04\/Logotyp-TA_Vertical-small-Blue.png\",\"contentUrl\":\"https:\/\/tranarakademin.se\/wp-content\/uploads\/2020\/04\/Logotyp-TA_Vertical-small-Blue.png\",\"width\":798,\"height\":464,\"caption\":\"Tr\u00e4narakademin\"},\"image\":{\"@id\":\"https:\/\/tranarakademin.se\/#\/schema\/logo\/image\/\"}}]}<\/script>\n<!-- \/ Yoast SEO plugin. -->","yoast_head_json":{"title":"Tack f\u00f6r din intresseanm\u00e4lan - Tr\u00e4narakademin","robots":{"index":"index","follow":"follow","max-snippet":"max-snippet:-1","max-image-preview":"max-image-preview:large","max-video-preview":"max-video-preview:-1"},"canonical":"https:\/\/tranarakademin.se\/en\/pt-int-tack\/","og_locale":"en_GB","og_type":"article","og_title":"Tack f\u00f6r din intresseanm\u00e4lan - Tr\u00e4narakademin","og_description":"Tack f\u00f6r din intresseanm\u00e4lan Inom n\u00e5gra minuter kommer du f\u00e5 ett mail fr\u00e5n oss med viktig information. Om mailet dr\u00f6jer ber vi dig att kontrollera din skr\u00e4ppost eller kampanjmapp. Kom ig\u00e5ng direkt! Vill du veta exakt hur utbildningen kan hj\u00e4lpa dig att n\u00e5 dina m\u00e5l? Boka en kort, kostnadsfri genomg\u00e5ng d\u00e4r du f\u00e5r personlig v\u00e4gledning [&hellip;]","og_url":"https:\/\/tranarakademin.se\/en\/pt-int-tack\/","og_site_name":"Tr\u00e4narakademin","article_modified_time":"2024-11-26T12:35:20+00:00","og_image":[{"url":"https:\/\/tranarakademin.se\/wp-content\/uploads\/2024\/10\/TA_45-600x400.jpg","type":"","width":"","height":""}],"twitter_card":"summary_large_image","twitter_misc":{"Est. reading time":"1 minute"},"schema":{"@context":"https:\/\/schema.org","@graph":[{"@type":"WebPage","@id":"https:\/\/tranarakademin.se\/pt-int-tack\/","url":"https:\/\/tranarakademin.se\/pt-int-tack\/","name":"Tack f\u00f6r din intresseanm\u00e4lan - Tr\u00e4narakademin","isPartOf":{"@id":"https:\/\/tranarakademin.se\/#website"},"primaryImageOfPage":{"@id":"https:\/\/tranarakademin.se\/pt-int-tack\/#primaryimage"},"image":{"@id":"https:\/\/tranarakademin.se\/pt-int-tack\/#primaryimage"},"thumbnailUrl":"https:\/\/tranarakademin.se\/wp-content\/uploads\/2024\/10\/TA_45-600x400.jpg","datePublished":"2021-02-04T11:45:25+00:00","dateModified":"2024-11-26T12:35:20+00:00","breadcrumb":{"@id":"https:\/\/tranarakademin.se\/pt-int-tack\/#breadcrumb"},"inLanguage":"en-GB","potentialAction":[{"@type":"ReadAction","target":["https:\/\/tranarakademin.se\/pt-int-tack\/"]}]},{"@type":"ImageObject","inLanguage":"en-GB","@id":"https:\/\/tranarakademin.se\/pt-int-tack\/#primaryimage","url":"https:\/\/tranarakademin.se\/wp-content\/uploads\/2024\/10\/TA_45-600x400.jpg","contentUrl":"https:\/\/tranarakademin.se\/wp-content\/uploads\/2024\/10\/TA_45-600x400.jpg"},{"@type":"BreadcrumbList","@id":"https:\/\/tranarakademin.se\/pt-int-tack\/#breadcrumb","itemListElement":[{"@type":"ListItem","position":1,"name":"Hem","item":"https:\/\/tranarakademin.se\/"},{"@type":"ListItem","position":2,"name":"Bek\u00e4ftelsel Intressenam\u00e4lan PT","item":"https:\/\/tranarakademin.se\/tag\/bekaftelsel-intressenamalan-pt\/"},{"@type":"ListItem","position":3,"name":"Tack f\u00f6r din intresseanm\u00e4lan"}]},{"@type":"WebSite","@id":"https:\/\/tranarakademin.se\/#website","url":"https:\/\/tranarakademin.se\/","name":"Tr\u00e4narakademin","description":"Success, Science and Community","publisher":{"@id":"https:\/\/tranarakademin.se\/#organization"},"potentialAction":[{"@type":"SearchAction","target":{"@type":"EntryPoint","urlTemplate":"https:\/\/tranarakademin.se\/?s={search_term_string}"},"query-input":{"@type":"PropertyValueSpecification","valueRequired":true,"valueName":"search_term_string"}}],"inLanguage":"en-GB"},{"@type":"Organization","@id":"https:\/\/tranarakademin.se\/#organization","name":"Tr\u00e4narakademin","url":"https:\/\/tranarakademin.se\/","logo":{"@type":"ImageObject","inLanguage":"en-GB","@id":"https:\/\/tranarakademin.se\/#\/schema\/logo\/image\/","url":"https:\/\/tranarakademin.se\/wp-content\/uploads\/2020\/04\/Logotyp-TA_Vertical-small-Blue.png","contentUrl":"https:\/\/tranarakademin.se\/wp-content\/uploads\/2020\/04\/Logotyp-TA_Vertical-small-Blue.png","width":798,"height":464,"caption":"Tr\u00e4narakademin"},"image":{"@id":"https:\/\/tranarakademin.se\/#\/schema\/logo\/image\/"}}]}},"_links":{"self":[{"href":"https:\/\/tranarakademin.se\/en\/wp-json\/wp\/v2\/pages\/10076","targetHints":{"allow":["GET"]}}],"collection":[{"href":"https:\/\/tranarakademin.se\/en\/wp-json\/wp\/v2\/pages"}],"about":[{"href":"https:\/\/tranarakademin.se\/en\/wp-json\/wp\/v2\/types\/page"}],"author":[{"embeddable":true,"href":"https:\/\/tranarakademin.se\/en\/wp-json\/wp\/v2\/users\/1"}],"replies":[{"embeddable":true,"href":"https:\/\/tranarakademin.se\/en\/wp-json\/wp\/v2\/comments?post=10076"}],"version-history":[{"count":2,"href":"https:\/\/tranarakademin.se\/en\/wp-json\/wp\/v2\/pages\/10076\/revisions"}],"predecessor-version":[{"id":13643,"href":"https:\/\/tranarakademin.se\/en\/wp-json\/wp\/v2\/pages\/10076\/revisions\/13643"}],"wp:attachment":[{"href":"https:\/\/tranarakademin.se\/en\/wp-json\/wp\/v2\/media?parent=10076"}],"wp:term":[{"taxonomy":"post_tag","embeddable":true,"href":"https:\/\/tranarakademin.se\/en\/wp-json\/wp\/v2\/tags?post=10076"}],"curies":[{"name":"wp","href":"https:\/\/api.w.org\/{rel}","templated":true}]}}