{"id":10806,"date":"2021-09-27T19:25:28","date_gmt":"2021-09-27T19:25:28","guid":{"rendered":"https:\/\/tranarakademin.se\/?page_id=10806"},"modified":"2021-09-27T19:32:28","modified_gmt":"2021-09-27T19:32:28","slug":"anmalan-boka-samtal","status":"publish","type":"page","link":"https:\/\/tranarakademin.se\/en\/anmalan-boka-samtal\/","title":{"rendered":"Tack f\u00f6r din anm\u00e4lan boka samtal"},"content":{"rendered":"<h3>\n\t\tBoka ett samtal f\u00f6r att slutf\u00f6ra dina anm\u00e4lan\n\t<\/h3>\n\t<p>Tack vi har nu tagit emot dina uppgifter. F\u00f6r att slutf\u00f6ra dina anm\u00e4lan beh\u00f6ver du boka ett m\u00f6te med oss via kalendern nedan. Detta f\u00f6r att vi ska kunna s\u00e4kerst\u00e4lla att utbildningen \u00e4r en bra match f\u00f6r dig.<\/p>\n\t<!-- Calendly inline widget begin -->\n<!-- Calendly inline widget end -->","protected":false},"excerpt":{"rendered":"<p>Boka ett samtal f\u00f6r att slutf\u00f6ra dina anm\u00e4lan Tack vi har nu tagit emot dina uppgifter. F\u00f6r att slutf\u00f6ra dina anm\u00e4lan beh\u00f6ver du boka ett m\u00f6te med oss via kalendern nedan. Detta f\u00f6r att vi ska kunna s\u00e4kerst\u00e4lla att utbildningen \u00e4r en bra match f\u00f6r dig.<\/p>","protected":false},"author":1,"featured_media":0,"parent":0,"menu_order":0,"comment_status":"closed","ping_status":"closed","template":"","meta":{"site-sidebar-layout":"default","site-content-layout":"default","ast-site-content-layout":"default","site-content-style":"default","site-sidebar-style":"default","ast-global-header-display":"","ast-banner-title-visibility":"","ast-main-header-display":"","ast-hfb-above-header-display":"","ast-hfb-below-header-display":"","ast-hfb-mobile-header-display":"","site-post-title":"disabled","ast-breadcrumbs-content":"","ast-featured-img":"","footer-sml-layout":"","ast-disable-related-posts":"","theme-transparent-header-meta":"disabled","adv-header-id-meta":"","stick-header-meta":"default","header-above-stick-meta":"","header-main-stick-meta":"","header-below-stick-meta":"","astra-migrate-meta-layouts":"default","ast-page-background-enabled":"default","ast-page-background-meta":{"desktop":{"background-color":"","background-image":"","background-repeat":"repeat","background-position":"center center","background-size":"auto","background-attachment":"scroll","background-type":"","background-media":"","overlay-type":"","overlay-color":"","overlay-opacity":"","overlay-gradient":""},"tablet":{"background-color":"","background-image":"","background-repeat":"repeat","background-position":"center center","background-size":"auto","background-attachment":"scroll","background-type":"","background-media":"","overlay-type":"","overlay-color":"","overlay-opacity":"","overlay-gradient":""},"mobile":{"background-color":"","background-image":"","background-repeat":"repeat","background-position":"center center","background-size":"auto","background-attachment":"scroll","background-type":"","background-media":"","overlay-type":"","overlay-color":"","overlay-opacity":"","overlay-gradient":""}},"ast-content-background-meta":{"desktop":{"background-color":"var(--ast-global-color-5)","background-image":"","background-repeat":"repeat","background-position":"center center","background-size":"auto","background-attachment":"scroll","background-type":"","background-media":"","overlay-type":"","overlay-color":"","overlay-opacity":"","overlay-gradient":""},"tablet":{"background-color":"var(--ast-global-color-5)","background-image":"","background-repeat":"repeat","background-position":"center center","background-size":"auto","background-attachment":"scroll","background-type":"","background-media":"","overlay-type":"","overlay-color":"","overlay-opacity":"","overlay-gradient":""},"mobile":{"background-color":"var(--ast-global-color-5)","background-image":"","background-repeat":"repeat","background-position":"center center","background-size":"auto","background-attachment":"scroll","background-type":"","background-media":"","overlay-type":"","overlay-color":"","overlay-opacity":"","overlay-gradient":""}},"footnotes":""},"tags":[],"class_list":["post-10806","page","type-page","status-publish","hentry"],"yoast_head":"<!-- This site is optimized with the Yoast SEO plugin v27.2 - https:\/\/yoast.com\/product\/yoast-seo-wordpress\/ -->\n<title>Tack f\u00f6r din anm\u00e4lan boka samtal - Tr\u00e4narakademin<\/title>\n<meta name=\"robots\" content=\"index, follow, max-snippet:-1, max-image-preview:large, max-video-preview:-1\" \/>\n<link rel=\"canonical\" href=\"https:\/\/tranarakademin.se\/en\/anmalan-pt\/anmalan-boka-samtal\/\" \/>\n<meta property=\"og:locale\" content=\"en_GB\" \/>\n<meta property=\"og:type\" content=\"article\" \/>\n<meta property=\"og:title\" content=\"Tack f\u00f6r din anm\u00e4lan boka samtal - Tr\u00e4narakademin\" \/>\n<meta property=\"og:description\" content=\"Boka ett samtal f\u00f6r att slutf\u00f6ra dina anm\u00e4lan Tack vi har nu tagit emot dina uppgifter. F\u00f6r att slutf\u00f6ra dina anm\u00e4lan beh\u00f6ver du boka ett m\u00f6te med oss via kalendern nedan. Detta f\u00f6r att vi ska kunna s\u00e4kerst\u00e4lla att utbildningen \u00e4r en bra match f\u00f6r dig.\" \/>\n<meta property=\"og:url\" content=\"https:\/\/tranarakademin.se\/en\/anmalan-pt\/anmalan-boka-samtal\/\" \/>\n<meta property=\"og:site_name\" content=\"Tr\u00e4narakademin\" \/>\n<meta property=\"article:modified_time\" content=\"2021-09-27T19:32:28+00:00\" \/>\n<meta name=\"twitter:card\" content=\"summary_large_image\" \/>\n<meta name=\"twitter:label1\" content=\"Est. reading time\" \/>\n\t<meta name=\"twitter:data1\" content=\"1 minute\" \/>\n<script type=\"application\/ld+json\" class=\"yoast-schema-graph\">{\"@context\":\"https:\/\/schema.org\",\"@graph\":[{\"@type\":\"WebPage\",\"@id\":\"https:\/\/tranarakademin.se\/anmalan-pt\/anmalan-boka-samtal\/\",\"url\":\"https:\/\/tranarakademin.se\/anmalan-pt\/anmalan-boka-samtal\/\",\"name\":\"Tack f\u00f6r din anm\u00e4lan boka samtal - Tr\u00e4narakademin\",\"isPartOf\":{\"@id\":\"https:\/\/tranarakademin.se\/#website\"},\"datePublished\":\"2021-09-27T19:25:28+00:00\",\"dateModified\":\"2021-09-27T19:32:28+00:00\",\"breadcrumb\":{\"@id\":\"https:\/\/tranarakademin.se\/anmalan-pt\/anmalan-boka-samtal\/#breadcrumb\"},\"inLanguage\":\"en-GB\",\"potentialAction\":[{\"@type\":\"ReadAction\",\"target\":[\"https:\/\/tranarakademin.se\/anmalan-pt\/anmalan-boka-samtal\/\"]}]},{\"@type\":\"BreadcrumbList\",\"@id\":\"https:\/\/tranarakademin.se\/anmalan-pt\/anmalan-boka-samtal\/#breadcrumb\",\"itemListElement\":[{\"@type\":\"ListItem\",\"position\":1,\"name\":\"Hem\",\"item\":\"https:\/\/tranarakademin.se\/\"},{\"@type\":\"ListItem\",\"position\":2,\"name\":\"Tack f\u00f6r din anm\u00e4lan boka samtal\"}]},{\"@type\":\"WebSite\",\"@id\":\"https:\/\/tranarakademin.se\/#website\",\"url\":\"https:\/\/tranarakademin.se\/\",\"name\":\"Tr\u00e4narakademin\",\"description\":\"Framg\u00e5ng, Vetenskap och Gemenskap\",\"publisher\":{\"@id\":\"https:\/\/tranarakademin.se\/#organization\"},\"potentialAction\":[{\"@type\":\"SearchAction\",\"target\":{\"@type\":\"EntryPoint\",\"urlTemplate\":\"https:\/\/tranarakademin.se\/?s={search_term_string}\"},\"query-input\":{\"@type\":\"PropertyValueSpecification\",\"valueRequired\":true,\"valueName\":\"search_term_string\"}}],\"inLanguage\":\"en-GB\"},{\"@type\":\"Organization\",\"@id\":\"https:\/\/tranarakademin.se\/#organization\",\"name\":\"Tr\u00e4narakademin\",\"url\":\"https:\/\/tranarakademin.se\/\",\"logo\":{\"@type\":\"ImageObject\",\"inLanguage\":\"en-GB\",\"@id\":\"https:\/\/tranarakademin.se\/#\/schema\/logo\/image\/\",\"url\":\"https:\/\/tranarakademin.se\/wp-content\/uploads\/2020\/04\/Logotyp-TA_Vertical-small-Blue.png\",\"contentUrl\":\"https:\/\/tranarakademin.se\/wp-content\/uploads\/2020\/04\/Logotyp-TA_Vertical-small-Blue.png\",\"width\":798,\"height\":464,\"caption\":\"Tr\u00e4narakademin\"},\"image\":{\"@id\":\"https:\/\/tranarakademin.se\/#\/schema\/logo\/image\/\"}}]}<\/script>\n<!-- \/ Yoast SEO plugin. -->","yoast_head_json":{"title":"Tack f\u00f6r din anm\u00e4lan boka samtal - Tr\u00e4narakademin","robots":{"index":"index","follow":"follow","max-snippet":"max-snippet:-1","max-image-preview":"max-image-preview:large","max-video-preview":"max-video-preview:-1"},"canonical":"https:\/\/tranarakademin.se\/en\/anmalan-pt\/anmalan-boka-samtal\/","og_locale":"en_GB","og_type":"article","og_title":"Tack f\u00f6r din anm\u00e4lan boka samtal - Tr\u00e4narakademin","og_description":"Boka ett samtal f\u00f6r att slutf\u00f6ra dina anm\u00e4lan Tack vi har nu tagit emot dina uppgifter. F\u00f6r att slutf\u00f6ra dina anm\u00e4lan beh\u00f6ver du boka ett m\u00f6te med oss via kalendern nedan. Detta f\u00f6r att vi ska kunna s\u00e4kerst\u00e4lla att utbildningen \u00e4r en bra match f\u00f6r dig.","og_url":"https:\/\/tranarakademin.se\/en\/anmalan-pt\/anmalan-boka-samtal\/","og_site_name":"Tr\u00e4narakademin","article_modified_time":"2021-09-27T19:32:28+00:00","twitter_card":"summary_large_image","twitter_misc":{"Est. reading time":"1 minute"},"schema":{"@context":"https:\/\/schema.org","@graph":[{"@type":"WebPage","@id":"https:\/\/tranarakademin.se\/anmalan-pt\/anmalan-boka-samtal\/","url":"https:\/\/tranarakademin.se\/anmalan-pt\/anmalan-boka-samtal\/","name":"Tack f\u00f6r din anm\u00e4lan boka samtal - Tr\u00e4narakademin","isPartOf":{"@id":"https:\/\/tranarakademin.se\/#website"},"datePublished":"2021-09-27T19:25:28+00:00","dateModified":"2021-09-27T19:32:28+00:00","breadcrumb":{"@id":"https:\/\/tranarakademin.se\/anmalan-pt\/anmalan-boka-samtal\/#breadcrumb"},"inLanguage":"en-GB","potentialAction":[{"@type":"ReadAction","target":["https:\/\/tranarakademin.se\/anmalan-pt\/anmalan-boka-samtal\/"]}]},{"@type":"BreadcrumbList","@id":"https:\/\/tranarakademin.se\/anmalan-pt\/anmalan-boka-samtal\/#breadcrumb","itemListElement":[{"@type":"ListItem","position":1,"name":"Hem","item":"https:\/\/tranarakademin.se\/"},{"@type":"ListItem","position":2,"name":"Tack f\u00f6r din anm\u00e4lan boka samtal"}]},{"@type":"WebSite","@id":"https:\/\/tranarakademin.se\/#website","url":"https:\/\/tranarakademin.se\/","name":"Tr\u00e4narakademin","description":"Success, Science and Community","publisher":{"@id":"https:\/\/tranarakademin.se\/#organization"},"potentialAction":[{"@type":"SearchAction","target":{"@type":"EntryPoint","urlTemplate":"https:\/\/tranarakademin.se\/?s={search_term_string}"},"query-input":{"@type":"PropertyValueSpecification","valueRequired":true,"valueName":"search_term_string"}}],"inLanguage":"en-GB"},{"@type":"Organization","@id":"https:\/\/tranarakademin.se\/#organization","name":"Tr\u00e4narakademin","url":"https:\/\/tranarakademin.se\/","logo":{"@type":"ImageObject","inLanguage":"en-GB","@id":"https:\/\/tranarakademin.se\/#\/schema\/logo\/image\/","url":"https:\/\/tranarakademin.se\/wp-content\/uploads\/2020\/04\/Logotyp-TA_Vertical-small-Blue.png","contentUrl":"https:\/\/tranarakademin.se\/wp-content\/uploads\/2020\/04\/Logotyp-TA_Vertical-small-Blue.png","width":798,"height":464,"caption":"Tr\u00e4narakademin"},"image":{"@id":"https:\/\/tranarakademin.se\/#\/schema\/logo\/image\/"}}]}},"_links":{"self":[{"href":"https:\/\/tranarakademin.se\/en\/wp-json\/wp\/v2\/pages\/10806","targetHints":{"allow":["GET"]}}],"collection":[{"href":"https:\/\/tranarakademin.se\/en\/wp-json\/wp\/v2\/pages"}],"about":[{"href":"https:\/\/tranarakademin.se\/en\/wp-json\/wp\/v2\/types\/page"}],"author":[{"embeddable":true,"href":"https:\/\/tranarakademin.se\/en\/wp-json\/wp\/v2\/users\/1"}],"replies":[{"embeddable":true,"href":"https:\/\/tranarakademin.se\/en\/wp-json\/wp\/v2\/comments?post=10806"}],"version-history":[{"count":0,"href":"https:\/\/tranarakademin.se\/en\/wp-json\/wp\/v2\/pages\/10806\/revisions"}],"wp:attachment":[{"href":"https:\/\/tranarakademin.se\/en\/wp-json\/wp\/v2\/media?parent=10806"}],"wp:term":[{"taxonomy":"post_tag","embeddable":true,"href":"https:\/\/tranarakademin.se\/en\/wp-json\/wp\/v2\/tags?post=10806"}],"curies":[{"name":"wp","href":"https:\/\/api.w.org\/{rel}","templated":true}]}}