{"id":11047,"date":"2021-11-30T20:38:49","date_gmt":"2021-11-30T20:38:49","guid":{"rendered":"https:\/\/tranarakademin.se\/?page_id=11047"},"modified":"2021-12-01T14:56:13","modified_gmt":"2021-12-01T14:56:13","slug":"masterclass-preview","status":"publish","type":"page","link":"https:\/\/tranarakademin.se\/en\/masterclass-preview\/","title":{"rendered":"Smakprov Tr\u00e4ningsdesign f\u00f6r maxstyrka och sp\u00e4nst"},"content":{"rendered":"<h3>\n\t\tStefan \u00c5gren intervju och masterclass Coachesummit\n\t<\/h3>\n\t<iframe src=\"https:\/\/player.vimeo.com\/video\/647332284?h=a4c249de26&amp;dnt=1&amp;app_id=122963\" width=\"500\" height=\"281\" frameborder=\"0\" allow=\"autoplay; fullscreen; picture-in-picture\" allowfullscreen><\/iframe>\n\t<h3><strong>Just nu f\u00e5r du 25% rabatt p\u00e5 Stefans MasterClass\u00a0<\/strong><\/h3>\n<h4><strong>Tr\u00e4ningsdesign f\u00f6r maxstyrka och sp\u00e4nst<\/strong><\/h4>\n\t\t\t\t<img decoding=\"async\" src=\"https:\/\/tranarakademin.se\/wp-content\/uploads\/2021\/11\/MasterClass-Stefan-300x169.png\" alt=\"MasterClass Stefan\" itemprop=\"image\" height=\"169\" width=\"300\" title=\"MasterClass Stefan\" onerror=\"this.style.display='none'\"  \/>\n\t\t\t<a href=\"https:\/\/tranarakademin.se\/en\/utbildning\/traningsdesign-for-maxstyrka-och-spanst\/?apply_coupon=stefan\" target=\"_self\" role=\"button\" rel=\"noopener\">\n\t\t\t\t\t\t\tL\u00e4s mer och applicera min rabatt >>\n\t\t\t\t\t<\/a>\n\t<p><strong>P.s. vill du utbilda dig tillsammans med Stefan p\u00e5 Bos\u00f6n under v\u00e5r utbildning Cert. Strength and Mobility Specialist? L\u00e4s d\u00e5 mer genom att trycka p\u00e5 knappen nedan<\/strong><\/p>\n\t\t\t<a href=\"https:\/\/tranarakademin.se\/en\/utbildning\/cert-strength-and-mobility-specialist\/\" target=\"_self\" role=\"button\" rel=\"noopener\">\n\t\t\t\t\t\t\tL\u00e4s mer om utbildningen >>\n\t\t\t\t\t<\/a>\n\t<iframe src=\"https:\/\/widget.reco.se\/v2\/widget\/1645877?mode=HORIZONTAL_QUOTE\" width=\"100%\" height=\"225\" scrolling=\"no\" data-reactroot=\"\"><\/iframe>","protected":false},"excerpt":{"rendered":"<p>Stefan \u00c5gren intervju och masterclass Coachesummit Just nu f\u00e5r du 25% rabatt p\u00e5 Stefans MasterClass\u00a0 Tr\u00e4ningsdesign f\u00f6r maxstyrka och sp\u00e4nst L\u00e4s mer och applicera min rabatt >> P.s. vill du utbilda dig tillsammans med Stefan p\u00e5 Bos\u00f6n under v\u00e5r utbildning Cert. Strength and Mobility Specialist? L\u00e4s d\u00e5 mer genom att trycka p\u00e5 knappen nedan L\u00e4s [&hellip;]<\/p>\n","protected":false},"author":1,"featured_media":0,"parent":0,"menu_order":0,"comment_status":"closed","ping_status":"closed","template":"","meta":{"site-sidebar-layout":"","site-content-layout":"","ast-site-content-layout":"default","site-content-style":"default","site-sidebar-style":"default","ast-global-header-display":"","ast-banner-title-visibility":"","ast-main-header-display":"","ast-hfb-above-header-display":"","ast-hfb-below-header-display":"","ast-hfb-mobile-header-display":"","site-post-title":"disabled","ast-breadcrumbs-content":"","ast-featured-img":"","footer-sml-layout":"","ast-disable-related-posts":"","theme-transparent-header-meta":"","adv-header-id-meta":"","stick-header-meta":"","header-above-stick-meta":"","header-main-stick-meta":"","header-below-stick-meta":"","astra-migrate-meta-layouts":"default","ast-page-background-enabled":"default","ast-page-background-meta":{"desktop":{"background-color":"","background-image":"","background-repeat":"repeat","background-position":"center center","background-size":"auto","background-attachment":"scroll","background-type":"","background-media":"","overlay-type":"","overlay-color":"","overlay-opacity":"","overlay-gradient":""},"tablet":{"background-color":"","background-image":"","background-repeat":"repeat","background-position":"center center","background-size":"auto","background-attachment":"scroll","background-type":"","background-media":"","overlay-type":"","overlay-color":"","overlay-opacity":"","overlay-gradient":""},"mobile":{"background-color":"","background-image":"","background-repeat":"repeat","background-position":"center center","background-size":"auto","background-attachment":"scroll","background-type":"","background-media":"","overlay-type":"","overlay-color":"","overlay-opacity":"","overlay-gradient":""}},"ast-content-background-meta":{"desktop":{"background-color":"var(--ast-global-color-5)","background-image":"","background-repeat":"repeat","background-position":"center center","background-size":"auto","background-attachment":"scroll","background-type":"","background-media":"","overlay-type":"","overlay-color":"","overlay-opacity":"","overlay-gradient":""},"tablet":{"background-color":"var(--ast-global-color-5)","background-image":"","background-repeat":"repeat","background-position":"center center","background-size":"auto","background-attachment":"scroll","background-type":"","background-media":"","overlay-type":"","overlay-color":"","overlay-opacity":"","overlay-gradient":""},"mobile":{"background-color":"var(--ast-global-color-5)","background-image":"","background-repeat":"repeat","background-position":"center center","background-size":"auto","background-attachment":"scroll","background-type":"","background-media":"","overlay-type":"","overlay-color":"","overlay-opacity":"","overlay-gradient":""}},"footnotes":""},"tags":[],"class_list":["post-11047","page","type-page","status-publish","hentry"],"yoast_head":"<!-- This site is optimized with the Yoast SEO plugin v27.2 - https:\/\/yoast.com\/product\/yoast-seo-wordpress\/ -->\n<title>Smakprov Tr\u00e4ningsdesign f\u00f6r maxstyrka och sp\u00e4nst - Tr\u00e4narakademin<\/title>\n<meta name=\"robots\" content=\"index, follow, max-snippet:-1, max-image-preview:large, max-video-preview:-1\" \/>\n<link rel=\"canonical\" href=\"https:\/\/tranarakademin.se\/en\/masterclass-preview\/\" \/>\n<meta property=\"og:locale\" content=\"en_GB\" \/>\n<meta property=\"og:type\" content=\"article\" \/>\n<meta property=\"og:title\" content=\"Smakprov Tr\u00e4ningsdesign f\u00f6r maxstyrka och sp\u00e4nst - Tr\u00e4narakademin\" \/>\n<meta property=\"og:description\" content=\"Stefan \u00c5gren intervju och masterclass Coachesummit Just nu f\u00e5r du 25% rabatt p\u00e5 Stefans MasterClass\u00a0 Tr\u00e4ningsdesign f\u00f6r maxstyrka och sp\u00e4nst L\u00e4s mer och applicera min rabatt &gt;&gt; P.s. vill du utbilda dig tillsammans med Stefan p\u00e5 Bos\u00f6n under v\u00e5r utbildning Cert. Strength and Mobility Specialist? L\u00e4s d\u00e5 mer genom att trycka p\u00e5 knappen nedan L\u00e4s [&hellip;]\" \/>\n<meta property=\"og:url\" content=\"https:\/\/tranarakademin.se\/en\/masterclass-preview\/\" \/>\n<meta property=\"og:site_name\" content=\"Tr\u00e4narakademin\" \/>\n<meta property=\"article:modified_time\" content=\"2021-12-01T14:56:13+00:00\" \/>\n<meta property=\"og:image\" content=\"https:\/\/tranarakademin.se\/wp-content\/uploads\/2021\/11\/MasterClass-Stefan-300x169.png\" \/>\n<meta name=\"twitter:card\" content=\"summary_large_image\" \/>\n<meta name=\"twitter:label1\" content=\"Est. reading time\" \/>\n\t<meta name=\"twitter:data1\" content=\"1 minute\" \/>\n<script type=\"application\/ld+json\" class=\"yoast-schema-graph\">{\"@context\":\"https:\/\/schema.org\",\"@graph\":[{\"@type\":\"WebPage\",\"@id\":\"https:\/\/tranarakademin.se\/masterclass-preview\/\",\"url\":\"https:\/\/tranarakademin.se\/masterclass-preview\/\",\"name\":\"Smakprov Tr\u00e4ningsdesign f\u00f6r maxstyrka och sp\u00e4nst - Tr\u00e4narakademin\",\"isPartOf\":{\"@id\":\"https:\/\/tranarakademin.se\/#website\"},\"primaryImageOfPage\":{\"@id\":\"https:\/\/tranarakademin.se\/masterclass-preview\/#primaryimage\"},\"image\":{\"@id\":\"https:\/\/tranarakademin.se\/masterclass-preview\/#primaryimage\"},\"thumbnailUrl\":\"https:\/\/tranarakademin.se\/wp-content\/uploads\/2021\/11\/MasterClass-Stefan-300x169.png\",\"datePublished\":\"2021-11-30T20:38:49+00:00\",\"dateModified\":\"2021-12-01T14:56:13+00:00\",\"breadcrumb\":{\"@id\":\"https:\/\/tranarakademin.se\/masterclass-preview\/#breadcrumb\"},\"inLanguage\":\"en-GB\",\"potentialAction\":[{\"@type\":\"ReadAction\",\"target\":[\"https:\/\/tranarakademin.se\/masterclass-preview\/\"]}]},{\"@type\":\"ImageObject\",\"inLanguage\":\"en-GB\",\"@id\":\"https:\/\/tranarakademin.se\/masterclass-preview\/#primaryimage\",\"url\":\"https:\/\/tranarakademin.se\/wp-content\/uploads\/2021\/11\/MasterClass-Stefan-300x169.png\",\"contentUrl\":\"https:\/\/tranarakademin.se\/wp-content\/uploads\/2021\/11\/MasterClass-Stefan-300x169.png\"},{\"@type\":\"BreadcrumbList\",\"@id\":\"https:\/\/tranarakademin.se\/masterclass-preview\/#breadcrumb\",\"itemListElement\":[{\"@type\":\"ListItem\",\"position\":1,\"name\":\"Hem\",\"item\":\"https:\/\/tranarakademin.se\/\"},{\"@type\":\"ListItem\",\"position\":2,\"name\":\"Smakprov Tr\u00e4ningsdesign f\u00f6r maxstyrka och sp\u00e4nst\"}]},{\"@type\":\"WebSite\",\"@id\":\"https:\/\/tranarakademin.se\/#website\",\"url\":\"https:\/\/tranarakademin.se\/\",\"name\":\"Tr\u00e4narakademin\",\"description\":\"Framg\u00e5ng, Vetenskap och Gemenskap\",\"publisher\":{\"@id\":\"https:\/\/tranarakademin.se\/#organization\"},\"potentialAction\":[{\"@type\":\"SearchAction\",\"target\":{\"@type\":\"EntryPoint\",\"urlTemplate\":\"https:\/\/tranarakademin.se\/?s={search_term_string}\"},\"query-input\":{\"@type\":\"PropertyValueSpecification\",\"valueRequired\":true,\"valueName\":\"search_term_string\"}}],\"inLanguage\":\"en-GB\"},{\"@type\":\"Organization\",\"@id\":\"https:\/\/tranarakademin.se\/#organization\",\"name\":\"Tr\u00e4narakademin\",\"url\":\"https:\/\/tranarakademin.se\/\",\"logo\":{\"@type\":\"ImageObject\",\"inLanguage\":\"en-GB\",\"@id\":\"https:\/\/tranarakademin.se\/#\/schema\/logo\/image\/\",\"url\":\"https:\/\/tranarakademin.se\/wp-content\/uploads\/2020\/04\/Logotyp-TA_Vertical-small-Blue.png\",\"contentUrl\":\"https:\/\/tranarakademin.se\/wp-content\/uploads\/2020\/04\/Logotyp-TA_Vertical-small-Blue.png\",\"width\":798,\"height\":464,\"caption\":\"Tr\u00e4narakademin\"},\"image\":{\"@id\":\"https:\/\/tranarakademin.se\/#\/schema\/logo\/image\/\"}}]}<\/script>\n<!-- \/ Yoast SEO plugin. -->","yoast_head_json":{"title":"Smakprov Tr\u00e4ningsdesign f\u00f6r maxstyrka och sp\u00e4nst - Tr\u00e4narakademin","robots":{"index":"index","follow":"follow","max-snippet":"max-snippet:-1","max-image-preview":"max-image-preview:large","max-video-preview":"max-video-preview:-1"},"canonical":"https:\/\/tranarakademin.se\/en\/masterclass-preview\/","og_locale":"en_GB","og_type":"article","og_title":"Smakprov Tr\u00e4ningsdesign f\u00f6r maxstyrka och sp\u00e4nst - Tr\u00e4narakademin","og_description":"Stefan \u00c5gren intervju och masterclass Coachesummit Just nu f\u00e5r du 25% rabatt p\u00e5 Stefans MasterClass\u00a0 Tr\u00e4ningsdesign f\u00f6r maxstyrka och sp\u00e4nst L\u00e4s mer och applicera min rabatt >> P.s. vill du utbilda dig tillsammans med Stefan p\u00e5 Bos\u00f6n under v\u00e5r utbildning Cert. Strength and Mobility Specialist? L\u00e4s d\u00e5 mer genom att trycka p\u00e5 knappen nedan L\u00e4s [&hellip;]","og_url":"https:\/\/tranarakademin.se\/en\/masterclass-preview\/","og_site_name":"Tr\u00e4narakademin","article_modified_time":"2021-12-01T14:56:13+00:00","og_image":[{"url":"https:\/\/tranarakademin.se\/wp-content\/uploads\/2021\/11\/MasterClass-Stefan-300x169.png","type":"","width":"","height":""}],"twitter_card":"summary_large_image","twitter_misc":{"Est. reading time":"1 minute"},"schema":{"@context":"https:\/\/schema.org","@graph":[{"@type":"WebPage","@id":"https:\/\/tranarakademin.se\/masterclass-preview\/","url":"https:\/\/tranarakademin.se\/masterclass-preview\/","name":"Smakprov Tr\u00e4ningsdesign f\u00f6r maxstyrka och sp\u00e4nst - Tr\u00e4narakademin","isPartOf":{"@id":"https:\/\/tranarakademin.se\/#website"},"primaryImageOfPage":{"@id":"https:\/\/tranarakademin.se\/masterclass-preview\/#primaryimage"},"image":{"@id":"https:\/\/tranarakademin.se\/masterclass-preview\/#primaryimage"},"thumbnailUrl":"https:\/\/tranarakademin.se\/wp-content\/uploads\/2021\/11\/MasterClass-Stefan-300x169.png","datePublished":"2021-11-30T20:38:49+00:00","dateModified":"2021-12-01T14:56:13+00:00","breadcrumb":{"@id":"https:\/\/tranarakademin.se\/masterclass-preview\/#breadcrumb"},"inLanguage":"en-GB","potentialAction":[{"@type":"ReadAction","target":["https:\/\/tranarakademin.se\/masterclass-preview\/"]}]},{"@type":"ImageObject","inLanguage":"en-GB","@id":"https:\/\/tranarakademin.se\/masterclass-preview\/#primaryimage","url":"https:\/\/tranarakademin.se\/wp-content\/uploads\/2021\/11\/MasterClass-Stefan-300x169.png","contentUrl":"https:\/\/tranarakademin.se\/wp-content\/uploads\/2021\/11\/MasterClass-Stefan-300x169.png"},{"@type":"BreadcrumbList","@id":"https:\/\/tranarakademin.se\/masterclass-preview\/#breadcrumb","itemListElement":[{"@type":"ListItem","position":1,"name":"Hem","item":"https:\/\/tranarakademin.se\/"},{"@type":"ListItem","position":2,"name":"Smakprov Tr\u00e4ningsdesign f\u00f6r maxstyrka och sp\u00e4nst"}]},{"@type":"WebSite","@id":"https:\/\/tranarakademin.se\/#website","url":"https:\/\/tranarakademin.se\/","name":"Tr\u00e4narakademin","description":"Success, Science and Community","publisher":{"@id":"https:\/\/tranarakademin.se\/#organization"},"potentialAction":[{"@type":"SearchAction","target":{"@type":"EntryPoint","urlTemplate":"https:\/\/tranarakademin.se\/?s={search_term_string}"},"query-input":{"@type":"PropertyValueSpecification","valueRequired":true,"valueName":"search_term_string"}}],"inLanguage":"en-GB"},{"@type":"Organization","@id":"https:\/\/tranarakademin.se\/#organization","name":"Tr\u00e4narakademin","url":"https:\/\/tranarakademin.se\/","logo":{"@type":"ImageObject","inLanguage":"en-GB","@id":"https:\/\/tranarakademin.se\/#\/schema\/logo\/image\/","url":"https:\/\/tranarakademin.se\/wp-content\/uploads\/2020\/04\/Logotyp-TA_Vertical-small-Blue.png","contentUrl":"https:\/\/tranarakademin.se\/wp-content\/uploads\/2020\/04\/Logotyp-TA_Vertical-small-Blue.png","width":798,"height":464,"caption":"Tr\u00e4narakademin"},"image":{"@id":"https:\/\/tranarakademin.se\/#\/schema\/logo\/image\/"}}]}},"_links":{"self":[{"href":"https:\/\/tranarakademin.se\/en\/wp-json\/wp\/v2\/pages\/11047","targetHints":{"allow":["GET"]}}],"collection":[{"href":"https:\/\/tranarakademin.se\/en\/wp-json\/wp\/v2\/pages"}],"about":[{"href":"https:\/\/tranarakademin.se\/en\/wp-json\/wp\/v2\/types\/page"}],"author":[{"embeddable":true,"href":"https:\/\/tranarakademin.se\/en\/wp-json\/wp\/v2\/users\/1"}],"replies":[{"embeddable":true,"href":"https:\/\/tranarakademin.se\/en\/wp-json\/wp\/v2\/comments?post=11047"}],"version-history":[{"count":0,"href":"https:\/\/tranarakademin.se\/en\/wp-json\/wp\/v2\/pages\/11047\/revisions"}],"wp:attachment":[{"href":"https:\/\/tranarakademin.se\/en\/wp-json\/wp\/v2\/media?parent=11047"}],"wp:term":[{"taxonomy":"post_tag","embeddable":true,"href":"https:\/\/tranarakademin.se\/en\/wp-json\/wp\/v2\/tags?post=11047"}],"curies":[{"name":"wp","href":"https:\/\/api.w.org\/{rel}","templated":true}]}}