{"id":11643,"date":"2022-12-23T20:30:50","date_gmt":"2022-12-23T20:30:50","guid":{"rendered":"https:\/\/tranarakademin.se\/?page_id=11643"},"modified":"2022-12-27T12:29:18","modified_gmt":"2022-12-27T12:29:18","slug":"smakprov-sc","status":"publish","type":"page","link":"https:\/\/tranarakademin.se\/en\/smakprov-sc\/","title":{"rendered":"Smakprov Dipl. Strength Coach"},"content":{"rendered":"<iframe src=\"https:\/\/player.vimeo.com\/video\/649039663?h=0fc89dd3d8&amp;dnt=1&amp;app_id=122963\" width=\"500\" height=\"281\" frameborder=\"0\" allow=\"autoplay; fullscreen; picture-in-picture\" allowfullscreen=\"\"><\/iframe>\n\t<h2><strong>Vill du l\u00e4ra dig mer om tr\u00e4ningsdesign och teknik f\u00f6r styrketr\u00e4ning?<br>\n<\/strong><\/h2>\n<h4>Kolla d\u00e5 in v\u00e5r senaste vidareutbildning Dipl. Strenght Coach p\u00e5 Bos\u00f6n<\/h4>\n\t\t\t\t<img decoding=\"async\" src=\"https:\/\/tranarakademin.se\/wp-content\/uploads\/2022\/12\/IMG_4157-300x225.jpg\" alt=\"IMG_4157\" itemprop=\"image\" height=\"225\" width=\"300\" title=\"IMG_4157\" onerror=\"this.style.display='none'\">\n\t\t\t<a href=\"https:\/\/tranarakademin.se\/en\/utbildning\/diplomerad-strength-coach\/\" target=\"_self\" role=\"button\" rel=\"noopener\">\n\t\t\t\t\t\t\tBli Dipl. Strength Coach &gt;&gt;\n\t\t\t\t\t<\/a>\n\t<iframe src=\"https:\/\/widget.reco.se\/v2\/widget\/1645877?mode=HORIZONTAL_QUOTE\" width=\"100%\" height=\"225\" scrolling=\"no\" data-reactroot=\"\"><\/iframe>","protected":false},"excerpt":{"rendered":"<p>Vill du l\u00e4ra dig mer om tr\u00e4ningsdesign och teknik f\u00f6r styrketr\u00e4ning? Kolla d\u00e5 in v\u00e5r senaste vidareutbildning Dipl. Strenght Coach p\u00e5 Bos\u00f6n Bli Dipl. Strength Coach &gt;&gt;<\/p>","protected":false},"author":1,"featured_media":0,"parent":0,"menu_order":0,"comment_status":"closed","ping_status":"closed","template":"","meta":{"site-sidebar-layout":"default","site-content-layout":"","ast-site-content-layout":"default","site-content-style":"default","site-sidebar-style":"default","ast-global-header-display":"","ast-banner-title-visibility":"","ast-main-header-display":"","ast-hfb-above-header-display":"","ast-hfb-below-header-display":"","ast-hfb-mobile-header-display":"","site-post-title":"disabled","ast-breadcrumbs-content":"","ast-featured-img":"","footer-sml-layout":"","ast-disable-related-posts":"","theme-transparent-header-meta":"disabled","adv-header-id-meta":"","stick-header-meta":"","header-above-stick-meta":"","header-main-stick-meta":"","header-below-stick-meta":"","astra-migrate-meta-layouts":"default","ast-page-background-enabled":"default","ast-page-background-meta":{"desktop":{"background-color":"","background-image":"","background-repeat":"repeat","background-position":"center center","background-size":"auto","background-attachment":"scroll","background-type":"","background-media":"","overlay-type":"","overlay-color":"","overlay-opacity":"","overlay-gradient":""},"tablet":{"background-color":"","background-image":"","background-repeat":"repeat","background-position":"center center","background-size":"auto","background-attachment":"scroll","background-type":"","background-media":"","overlay-type":"","overlay-color":"","overlay-opacity":"","overlay-gradient":""},"mobile":{"background-color":"","background-image":"","background-repeat":"repeat","background-position":"center center","background-size":"auto","background-attachment":"scroll","background-type":"","background-media":"","overlay-type":"","overlay-color":"","overlay-opacity":"","overlay-gradient":""}},"ast-content-background-meta":{"desktop":{"background-color":"var(--ast-global-color-5)","background-image":"","background-repeat":"repeat","background-position":"center center","background-size":"auto","background-attachment":"scroll","background-type":"","background-media":"","overlay-type":"","overlay-color":"","overlay-opacity":"","overlay-gradient":""},"tablet":{"background-color":"var(--ast-global-color-5)","background-image":"","background-repeat":"repeat","background-position":"center center","background-size":"auto","background-attachment":"scroll","background-type":"","background-media":"","overlay-type":"","overlay-color":"","overlay-opacity":"","overlay-gradient":""},"mobile":{"background-color":"var(--ast-global-color-5)","background-image":"","background-repeat":"repeat","background-position":"center center","background-size":"auto","background-attachment":"scroll","background-type":"","background-media":"","overlay-type":"","overlay-color":"","overlay-opacity":"","overlay-gradient":""}},"footnotes":""},"tags":[],"class_list":["post-11643","page","type-page","status-publish","hentry"],"yoast_head":"<!-- This site is optimized with the Yoast SEO plugin v27.2 - https:\/\/yoast.com\/product\/yoast-seo-wordpress\/ -->\n<title>Smakprov Dipl. Strength Coach - Tr\u00e4narakademin<\/title>\n<meta name=\"robots\" content=\"index, follow, max-snippet:-1, max-image-preview:large, max-video-preview:-1\" \/>\n<link rel=\"canonical\" href=\"https:\/\/tranarakademin.se\/en\/smakprov-sc\/\" \/>\n<meta property=\"og:locale\" content=\"en_GB\" \/>\n<meta property=\"og:type\" content=\"article\" \/>\n<meta property=\"og:title\" content=\"Smakprov Dipl. Strength Coach - Tr\u00e4narakademin\" \/>\n<meta property=\"og:description\" content=\"Vill du l\u00e4ra dig mer om tr\u00e4ningsdesign och teknik f\u00f6r styrketr\u00e4ning? Kolla d\u00e5 in v\u00e5r senaste vidareutbildning Dipl. Strenght Coach p\u00e5 Bos\u00f6n Bli Dipl. Strength Coach &gt;&gt;\" \/>\n<meta property=\"og:url\" content=\"https:\/\/tranarakademin.se\/en\/smakprov-sc\/\" \/>\n<meta property=\"og:site_name\" content=\"Tr\u00e4narakademin\" \/>\n<meta property=\"article:modified_time\" content=\"2022-12-27T12:29:18+00:00\" \/>\n<meta property=\"og:image\" content=\"https:\/\/tranarakademin.se\/wp-content\/uploads\/2022\/12\/IMG_4157-300x225.jpg\" \/>\n<meta name=\"twitter:card\" content=\"summary_large_image\" \/>\n<meta name=\"twitter:label1\" content=\"Est. reading time\" \/>\n\t<meta name=\"twitter:data1\" content=\"1 minute\" \/>\n<script type=\"application\/ld+json\" class=\"yoast-schema-graph\">{\"@context\":\"https:\/\/schema.org\",\"@graph\":[{\"@type\":\"WebPage\",\"@id\":\"https:\/\/tranarakademin.se\/smakprov-sc\/\",\"url\":\"https:\/\/tranarakademin.se\/smakprov-sc\/\",\"name\":\"Smakprov Dipl. Strength Coach - Tr\u00e4narakademin\",\"isPartOf\":{\"@id\":\"https:\/\/tranarakademin.se\/#website\"},\"primaryImageOfPage\":{\"@id\":\"https:\/\/tranarakademin.se\/smakprov-sc\/#primaryimage\"},\"image\":{\"@id\":\"https:\/\/tranarakademin.se\/smakprov-sc\/#primaryimage\"},\"thumbnailUrl\":\"https:\/\/tranarakademin.se\/wp-content\/uploads\/2022\/12\/IMG_4157-300x225.jpg\",\"datePublished\":\"2022-12-23T20:30:50+00:00\",\"dateModified\":\"2022-12-27T12:29:18+00:00\",\"breadcrumb\":{\"@id\":\"https:\/\/tranarakademin.se\/smakprov-sc\/#breadcrumb\"},\"inLanguage\":\"en-GB\",\"potentialAction\":[{\"@type\":\"ReadAction\",\"target\":[\"https:\/\/tranarakademin.se\/smakprov-sc\/\"]}]},{\"@type\":\"ImageObject\",\"inLanguage\":\"en-GB\",\"@id\":\"https:\/\/tranarakademin.se\/smakprov-sc\/#primaryimage\",\"url\":\"https:\/\/tranarakademin.se\/wp-content\/uploads\/2022\/12\/IMG_4157-300x225.jpg\",\"contentUrl\":\"https:\/\/tranarakademin.se\/wp-content\/uploads\/2022\/12\/IMG_4157-300x225.jpg\"},{\"@type\":\"BreadcrumbList\",\"@id\":\"https:\/\/tranarakademin.se\/smakprov-sc\/#breadcrumb\",\"itemListElement\":[{\"@type\":\"ListItem\",\"position\":1,\"name\":\"Hem\",\"item\":\"https:\/\/tranarakademin.se\/\"},{\"@type\":\"ListItem\",\"position\":2,\"name\":\"Smakprov Dipl. Strength Coach\"}]},{\"@type\":\"WebSite\",\"@id\":\"https:\/\/tranarakademin.se\/#website\",\"url\":\"https:\/\/tranarakademin.se\/\",\"name\":\"Tr\u00e4narakademin\",\"description\":\"Framg\u00e5ng, Vetenskap och Gemenskap\",\"publisher\":{\"@id\":\"https:\/\/tranarakademin.se\/#organization\"},\"potentialAction\":[{\"@type\":\"SearchAction\",\"target\":{\"@type\":\"EntryPoint\",\"urlTemplate\":\"https:\/\/tranarakademin.se\/?s={search_term_string}\"},\"query-input\":{\"@type\":\"PropertyValueSpecification\",\"valueRequired\":true,\"valueName\":\"search_term_string\"}}],\"inLanguage\":\"en-GB\"},{\"@type\":\"Organization\",\"@id\":\"https:\/\/tranarakademin.se\/#organization\",\"name\":\"Tr\u00e4narakademin\",\"url\":\"https:\/\/tranarakademin.se\/\",\"logo\":{\"@type\":\"ImageObject\",\"inLanguage\":\"en-GB\",\"@id\":\"https:\/\/tranarakademin.se\/#\/schema\/logo\/image\/\",\"url\":\"https:\/\/tranarakademin.se\/wp-content\/uploads\/2020\/04\/Logotyp-TA_Vertical-small-Blue.png\",\"contentUrl\":\"https:\/\/tranarakademin.se\/wp-content\/uploads\/2020\/04\/Logotyp-TA_Vertical-small-Blue.png\",\"width\":798,\"height\":464,\"caption\":\"Tr\u00e4narakademin\"},\"image\":{\"@id\":\"https:\/\/tranarakademin.se\/#\/schema\/logo\/image\/\"}}]}<\/script>\n<!-- \/ Yoast SEO plugin. -->","yoast_head_json":{"title":"Smakprov Dipl. Strength Coach - Tr\u00e4narakademin","robots":{"index":"index","follow":"follow","max-snippet":"max-snippet:-1","max-image-preview":"max-image-preview:large","max-video-preview":"max-video-preview:-1"},"canonical":"https:\/\/tranarakademin.se\/en\/smakprov-sc\/","og_locale":"en_GB","og_type":"article","og_title":"Smakprov Dipl. Strength Coach - Tr\u00e4narakademin","og_description":"Vill du l\u00e4ra dig mer om tr\u00e4ningsdesign och teknik f\u00f6r styrketr\u00e4ning? Kolla d\u00e5 in v\u00e5r senaste vidareutbildning Dipl. Strenght Coach p\u00e5 Bos\u00f6n Bli Dipl. Strength Coach &gt;&gt;","og_url":"https:\/\/tranarakademin.se\/en\/smakprov-sc\/","og_site_name":"Tr\u00e4narakademin","article_modified_time":"2022-12-27T12:29:18+00:00","og_image":[{"url":"https:\/\/tranarakademin.se\/wp-content\/uploads\/2022\/12\/IMG_4157-300x225.jpg","type":"","width":"","height":""}],"twitter_card":"summary_large_image","twitter_misc":{"Est. reading time":"1 minute"},"schema":{"@context":"https:\/\/schema.org","@graph":[{"@type":"WebPage","@id":"https:\/\/tranarakademin.se\/smakprov-sc\/","url":"https:\/\/tranarakademin.se\/smakprov-sc\/","name":"Smakprov Dipl. Strength Coach - Tr\u00e4narakademin","isPartOf":{"@id":"https:\/\/tranarakademin.se\/#website"},"primaryImageOfPage":{"@id":"https:\/\/tranarakademin.se\/smakprov-sc\/#primaryimage"},"image":{"@id":"https:\/\/tranarakademin.se\/smakprov-sc\/#primaryimage"},"thumbnailUrl":"https:\/\/tranarakademin.se\/wp-content\/uploads\/2022\/12\/IMG_4157-300x225.jpg","datePublished":"2022-12-23T20:30:50+00:00","dateModified":"2022-12-27T12:29:18+00:00","breadcrumb":{"@id":"https:\/\/tranarakademin.se\/smakprov-sc\/#breadcrumb"},"inLanguage":"en-GB","potentialAction":[{"@type":"ReadAction","target":["https:\/\/tranarakademin.se\/smakprov-sc\/"]}]},{"@type":"ImageObject","inLanguage":"en-GB","@id":"https:\/\/tranarakademin.se\/smakprov-sc\/#primaryimage","url":"https:\/\/tranarakademin.se\/wp-content\/uploads\/2022\/12\/IMG_4157-300x225.jpg","contentUrl":"https:\/\/tranarakademin.se\/wp-content\/uploads\/2022\/12\/IMG_4157-300x225.jpg"},{"@type":"BreadcrumbList","@id":"https:\/\/tranarakademin.se\/smakprov-sc\/#breadcrumb","itemListElement":[{"@type":"ListItem","position":1,"name":"Hem","item":"https:\/\/tranarakademin.se\/"},{"@type":"ListItem","position":2,"name":"Smakprov Dipl. Strength Coach"}]},{"@type":"WebSite","@id":"https:\/\/tranarakademin.se\/#website","url":"https:\/\/tranarakademin.se\/","name":"Tr\u00e4narakademin","description":"Success, Science and Community","publisher":{"@id":"https:\/\/tranarakademin.se\/#organization"},"potentialAction":[{"@type":"SearchAction","target":{"@type":"EntryPoint","urlTemplate":"https:\/\/tranarakademin.se\/?s={search_term_string}"},"query-input":{"@type":"PropertyValueSpecification","valueRequired":true,"valueName":"search_term_string"}}],"inLanguage":"en-GB"},{"@type":"Organization","@id":"https:\/\/tranarakademin.se\/#organization","name":"Tr\u00e4narakademin","url":"https:\/\/tranarakademin.se\/","logo":{"@type":"ImageObject","inLanguage":"en-GB","@id":"https:\/\/tranarakademin.se\/#\/schema\/logo\/image\/","url":"https:\/\/tranarakademin.se\/wp-content\/uploads\/2020\/04\/Logotyp-TA_Vertical-small-Blue.png","contentUrl":"https:\/\/tranarakademin.se\/wp-content\/uploads\/2020\/04\/Logotyp-TA_Vertical-small-Blue.png","width":798,"height":464,"caption":"Tr\u00e4narakademin"},"image":{"@id":"https:\/\/tranarakademin.se\/#\/schema\/logo\/image\/"}}]}},"_links":{"self":[{"href":"https:\/\/tranarakademin.se\/en\/wp-json\/wp\/v2\/pages\/11643","targetHints":{"allow":["GET"]}}],"collection":[{"href":"https:\/\/tranarakademin.se\/en\/wp-json\/wp\/v2\/pages"}],"about":[{"href":"https:\/\/tranarakademin.se\/en\/wp-json\/wp\/v2\/types\/page"}],"author":[{"embeddable":true,"href":"https:\/\/tranarakademin.se\/en\/wp-json\/wp\/v2\/users\/1"}],"replies":[{"embeddable":true,"href":"https:\/\/tranarakademin.se\/en\/wp-json\/wp\/v2\/comments?post=11643"}],"version-history":[{"count":5,"href":"https:\/\/tranarakademin.se\/en\/wp-json\/wp\/v2\/pages\/11643\/revisions"}],"predecessor-version":[{"id":11654,"href":"https:\/\/tranarakademin.se\/en\/wp-json\/wp\/v2\/pages\/11643\/revisions\/11654"}],"wp:attachment":[{"href":"https:\/\/tranarakademin.se\/en\/wp-json\/wp\/v2\/media?parent=11643"}],"wp:term":[{"taxonomy":"post_tag","embeddable":true,"href":"https:\/\/tranarakademin.se\/en\/wp-json\/wp\/v2\/tags?post=11643"}],"curies":[{"name":"wp","href":"https:\/\/api.w.org\/{rel}","templated":true}]}}