{"id":13700,"date":"2024-12-05T21:07:45","date_gmt":"2024-12-05T21:07:45","guid":{"rendered":"https:\/\/tranarakademin.se\/?page_id=13700"},"modified":"2026-04-03T07:58:35","modified_gmt":"2026-04-03T07:58:35","slug":"pt-webinar-3","status":"publish","type":"page","link":"https:\/\/tranarakademin.se\/en\/pt-webinar-3\/","title":{"rendered":"Webinar landningsida"},"content":{"rendered":"<figure itemscope itemtype=\"https:\/\/schema.org\/ImageObject\">\n\t\t\t\t<img decoding=\"async\" src=\"https:\/\/tranarakademin.se\/wp-content\/uploads\/2020\/04\/Logotyp-TA_Vertical-small-White.png\" alt=\"Logotyp TA_Vertical small White\" height=\"466\" width=\"798\" title=\"Logotyp TA_Vertical small White\" onerror=\"this.style.display='none'\" loading=\"lazy\" \/>\n\t<\/figure>\n\t\t<h1>\n\t\t\tByt karri\u00e4r och b\u00f6rja jobba som PT p\u00e5 sex m\u00e5nader med v\u00e5r jobbgaranti\n\t\t<\/h1>\n\t\t\t<p>Delta p\u00e5 v\u00e5rt webbinarium och uppt\u00e4ck stegen som hj\u00e4lpt hundratals av v\u00e5ra studenter att byta karri\u00e4r, f\u00e5 jobb under utbildningen och bygga en framtid inom tr\u00e4ning.<\/p>\t\t\n<h3>\n\t\t\tPs. Kolla in videon om webinaret\t<\/h3>\n\t\t<iframe src=\"https:\/\/player.vimeo.com\/video\/1140573243?dnt=1&amp;app_id=122963\" width=\"500\" height=\"281\" frameborder=\"0\" allow=\"autoplay; fullscreen; picture-in-picture; clipboard-write; encrypted-media; web-share\" referrerpolicy=\"strict-origin-when-cross-origin\"><\/iframe>\t\n\t<p><em>Endast 13 platser kvar<\/em><\/p>\n<figure itemscope itemtype=\"https:\/\/schema.org\/ImageObject\">\n\t\t\t\t<img decoding=\"async\" src=\"https:\/\/tranarakademin.se\/wp-content\/uploads\/2024\/12\/pilar-ner.png\" alt=\"pilar ner\" height=\"40\" width=\"634\" title=\"pilar ner\" onerror=\"this.style.display='none'\" loading=\"lazy\" \/>\n\t<\/figure>\n\t<h3><b>H\u00e4ng med live f\u00f6r att ta del av v\u00e5rt hemliga erbjudande\u00a0 &#8211; eller se reprisen fr\u00e5n webbinariet direkt<\/b><\/h3>\n\t\t\t<a href=\"#\"  target=\"_self\">\n\t\t\t\t\t\t\tDELTA I WEBBINARIET DEN 7 APRIL KL 18:00   >>\n\t\t\t\t\t<\/a>\n\t\t\t<a href=\"#\"  target=\"_self\">\n\t\t\t\t\t\t\tDELTA I WEBBINARIET DEN 23 APRIL KL 18:00 >>\n\t\t\t\t\t<\/a>\n\t<p><em>N\u00e5gra av de arbetsgivare vi samarbetar med som letar tr\u00e4nare just nu!<\/em><\/p>\n<figure itemscope itemtype=\"https:\/\/schema.org\/ImageObject\">\n\t\t\t\t<img decoding=\"async\" src=\"https:\/\/tranarakademin.se\/wp-content\/uploads\/2024\/10\/gymsammarbeten.png\" alt=\"gymsammarbeten\" height=\"160\" width=\"2400\" title=\"gymsammarbeten\" onerror=\"this.style.display='none'\" loading=\"lazy\" \/>\n\t<\/figure>\n\t<p>P\u00e5 Tr\u00e4narakademin har vi hj\u00e4lpt hundratals personer att <strong>lyckas i sina PT-karri\u00e4rer,<\/strong> och n\u00e5gra av dem f\u00e5r du m\u00f6ta under webinaret. Efterfr\u00e5gan p\u00e5 tr\u00e4nare med <strong>Nationell licens<\/strong> \u00e4r st\u00f6rre \u00e4n n\u00e5gonsin hos v\u00e5ra samarbetspartner. Under webinaret f\u00e5r du en klar och tydlig bild av hur du kan starta din egen karri\u00e4r som PT och tr\u00e4nare, <strong>utan krav p\u00e5 tidigare erfarenhet.<\/strong><\/p>\n<figure itemscope itemtype=\"https:\/\/schema.org\/ImageObject\">\n\t\t\t\t<img decoding=\"async\" src=\"https:\/\/tranarakademin.se\/wp-content\/uploads\/2024\/12\/PT-studenter-anatomi-undervisning-scaled.jpg\" alt=\"PT-studenter anatomi undervisning\" height=\"1138\" width=\"1920\" title=\"PT-studenter anatomi undervisning\" onerror=\"this.style.display='none'\" loading=\"lazy\" \/>\n\t<\/figure>\n<h2>\n\t\t\tVad du f\u00e5r l\u00e4r dig under webbinariet:\t<\/h2>\n\t<ul>\n\t\t\t<li>\n\t\t\t\tHur v\u00e5ra tidigare studenter har lyckats som PT\n\t\t\t<\/li>\n\t\t\t<li>\n\t\t\t\tVad arbetsgivarna tittar efter och vilka egenskaper som \u00e4r viktiga f\u00f6r att lyckas\n\t\t\t<\/li>\n\t\t\t<li>\n\t\t\t\tL\u00f6ner och hur mycket man tj\u00e4nar som PT\n\t\t\t<\/li>\n\t\t\t<li>\n\t\t\t\tHur du kan utbilda dig parallelt med ditt nuvarande arbete\n\t\t\t<\/li>\n\t\t\t<li>\n\t\t\t\tHur du kan landa ditt f\u00f6rsta jobb som PT inom 6 m\u00e5nader med v\u00e5r jobbgaranti\n\t\t\t<\/li>\n\t\t<\/ul>\n<figure itemscope itemtype=\"https:\/\/schema.org\/ImageObject\">\n\t\t\t\t<img decoding=\"async\" src=\"https:\/\/tranarakademin.se\/wp-content\/uploads\/2025\/11\/image.jpg\" alt=\"image\" height=\"1536\" width=\"1024\" title=\"image\" onerror=\"this.style.display='none'\" loading=\"lazy\" \/>\n\t<\/figure>\n\t<h3><b>Exklusivt webinarerbjudande<\/b><\/h3>\n\ud83c\udf81 Under webinaret delar vi ett exklusivt erbjudande. Erbjudandet \u00e4r tidsbegr\u00e4nsat och g\u00e4ller bara f\u00f6r dig som \u00e4r anm\u00e4ld.<br \/>\n<strong>Det sl\u00e4pps inte n\u00e5gon annanstans<\/strong>, s\u00e5 se till att vara med.\n\t\t\t<a href=\"#\"  target=\"_self\">\n\t\t\t\t\t\t\tDELTA I WEBBINARIET DEN 7 APRIL KL 18:00   >>\n\t\t\t\t\t<\/a>\n\t\t\t<a href=\"#\"  target=\"_self\">\n\t\t\t\t\t\t\tDELTA I WEBBINARIET DEN 23 APRIL KL 18:00 >>\n\t\t\t\t\t<\/a>\n<figure itemscope itemtype=\"https:\/\/schema.org\/ImageObject\">\n\t\t\t\t<img decoding=\"async\" src=\"https:\/\/tranarakademin.se\/wp-content\/uploads\/2023\/03\/Kundomdomen-TA.png\" alt=\"Kundomdo\u0308men TA\" height=\"100\" width=\"800\" title=\"Kundomdo\u0308men TA\" onerror=\"this.style.display='none'\" loading=\"lazy\" \/>\n\t<\/figure>\n<h2>\n\t\t\tH\u00f6r vad v\u00e5ra studenter tycker\t<\/h2>\n\t<meta itemprop=\"name\" content=\"Intervju med Emelie\" \/><meta itemprop=\"description\" content=\"Intervju med Emelie student fr\u00e5n PT-utbildningen\" \/><meta itemprop=\"uploadDate\" content=\"2024-03-28T10:00+00:00\" \/><meta itemprop=\"thumbnailUrl\" content=\"https:\/\/tranarakademin.se\/wp-content\/uploads\/2024\/03\/Emelie-student-tranarakademin.jpg\" \/><meta itemprop=\"contentUrl\" content=\"https:\/\/vimeo.com\/928303976\" \/><meta itemprop=\"embedUrl\" content=\"https:\/\/vimeo.com\/928303976\" \/>\t\n\t\t\t<img decoding=\"async\" src=\"https:\/\/i.vimeocdn.com\/video\/1823636575-34e29ce6ef086b2b1a263dfc03cb6082177a4418c23ee4e2d61a8c50fa38fbd9-d_640?region=us\" alt=\"Intervju med Emelie\" \/>\t\t\t\t\t\t\t\n\t\t\t\t\tPlay Video\n\t\t\tIntervju med Emelie\n\t<meta itemprop=\"name\" content=\"Intervju med Anthony\" \/><meta itemprop=\"description\" content=\"Intervju med Anthony student fr\u00e5n PT-utbildningen\" \/><meta itemprop=\"uploadDate\" content=\"2024-03-28T10:00+00:00\" \/><meta itemprop=\"thumbnailUrl\" content=\"https:\/\/tranarakademin.se\/wp-content\/uploads\/2024\/03\/Anthony-student-Tranarakademin.jpg\" \/><meta itemprop=\"contentUrl\" content=\"https:\/\/vimeo.com\/928304007\" \/><meta itemprop=\"embedUrl\" content=\"https:\/\/vimeo.com\/928304007\" \/>\t\n\t\t\t<img decoding=\"async\" src=\"https:\/\/i.vimeocdn.com\/video\/1823652189-e520e48dcabd2cb12c072d218f7f1d336275d562830d42f9309cc944938fde78-d_640?region=us\" alt=\"Intervju med Anthony\" \/>\t\t\t\t\t\t\t\n\t\t\t\t\tPlay Video\n\t\t\tIntervju med Anthony\n\t<meta itemprop=\"name\" content=\"Intervju med Nick\" \/><meta itemprop=\"description\" content=\"Intervju med Nick student fr\u00e5n PT-utbildningen\" \/><meta itemprop=\"uploadDate\" content=\"2024-03-28T10:00+00:00\" \/><meta itemprop=\"thumbnailUrl\" content=\"https:\/\/tranarakademin.se\/wp-content\/uploads\/2024\/03\/Nick-student-Tranarakademin.jpg\" \/><meta itemprop=\"contentUrl\" content=\"https:\/\/vimeo.com\/928304038\" \/><meta itemprop=\"embedUrl\" content=\"https:\/\/vimeo.com\/928304038\" \/>\t\n\t\t\t<img decoding=\"async\" src=\"https:\/\/i.vimeocdn.com\/video\/1823643811-b2142dc9c345371dfd40039663c67b428c6e09ce330606dbfe5cdfa632edd128-d_640?region=us\" alt=\"Intervju med Nick\" \/>\t\t\t\t\t\t\t\n\t\t\t\t\tPlay Video\n\t\t\tIntervju med Nick\n\t<meta itemprop=\"name\" content=\"Intervju med Marika\" \/><meta itemprop=\"description\" content=\"Intervju med Marika student fr\u00e5n PT-utbildningen\" \/><meta itemprop=\"uploadDate\" content=\"2024-03-28T10:00+00:00\" \/><meta itemprop=\"thumbnailUrl\" content=\"https:\/\/tranarakademin.se\/wp-content\/uploads\/2024\/03\/Marika-student-PT-utbildningen.jpg\" \/><meta itemprop=\"contentUrl\" content=\"https:\/\/vimeo.com\/928303946\" \/><meta itemprop=\"embedUrl\" content=\"https:\/\/vimeo.com\/928303946\" \/>\t\n\t\t\t<img decoding=\"async\" src=\"https:\/\/i.vimeocdn.com\/video\/1823649447-7ae3bf9c7390463d7c9ffc805c7f2bd0ac2b20693b2f29794d7e0f5c6a6de62d-d_640?region=us\" alt=\"Intervju med Marika\" \/>\t\t\t\t\t\t\t\n\t\t\t\t\tPlay Video\n\t\t\tIntervju med Marika\n\t<p>&#8230;eller l\u00e4s alla v\u00e5ra studentomd\u00f6men p\u00e5 Reco<\/p>\n\t<iframe src=\"https:\/\/widget.reco.se\/v2\/widget\/1645877?mode=HORIZONTAL_QUOTE\" width=\"100%\" height=\"225\" scrolling=\"no\" data-reactroot=\"\"><\/iframe>\n<h2>\n\t\t\tVad arbetsgivarna har att s\u00e4ga om v\u00e5r studenter\t<\/h2>\n                        <img decoding=\"async\" src=\"https:\/\/tranarakademin.se\/wp-content\/uploads\/2020\/04\/mats-suneback-300x300.jpg\" alt=\"Bild p\u00e5 SATS:s PT-chef\" itemprop=\"image\" height=\"300\" width=\"300\" title=\"Mats suneb\u00e4ck\"  \/>\n\t\t                    <h5>Mats Suneb\u00e4ck<\/h5>\n                \t\t        \tPT chef p\u00e5 SATS\n\t\t        \t\t        \t<blockquote><p>Tr\u00e4narakademin levererar en kvalitativ PT- och tr\u00e4narutbildning. Utbildningen f\u00f6rbereder studenterna mycket v\u00e4l och m\u00e5nga av deras studenter har f\u00e5tt jobb hos oss och visat p\u00e5 fina prestationer i tr\u00e4narrollen.\u00a0\u00a0<\/p><\/blockquote>\n                        <img decoding=\"async\" src=\"https:\/\/tranarakademin.se\/wp-content\/uploads\/2023\/03\/Jonas-Lissjanis-297x300.jpg\" alt=\"Jonas Lissjanis\" itemprop=\"image\" height=\"300\" width=\"297\" title=\"Jonas Lissjanis\"  \/>\n\t\t                    <h4>Jonas Lissjanis<\/h4>\n                \t\t        \tPT chef p\u00e5 STC Training Club\n\t\t        \t\t        \t<blockquote><p>Tr\u00e4narakademins PT-utbildning sticker ut i utbildningsbranschen. Jag rekommenderar utbildningen starkt till dig som vill bli efterfr\u00e5gad p\u00e5 arbetsmarknaden.<\/p><\/blockquote>\n<h2>\n\t\t\tKan ni verkligen garantera jobb?\t<\/h2>\n\t<p>JA! V\u00e5r jobbgaranti \u00e4r utformad f\u00f6r att ge dig en trygg och s\u00e4ker start p\u00e5 din karri\u00e4r som personlig tr\u00e4nare. Genom den h\u00f6gsta niv\u00e5n av tr\u00e4narlicens och v\u00e5ra starka samarbeten med ledande tr\u00e4ningskedjor som SATS, STC, Fitness 24, Twich och Grand Fitness kan vi erbjuda v\u00e5ra studenter unika m\u00f6jligheter p\u00e5 arbetsmarknaden.<\/p>\n<p><strong>S\u00e5 h\u00e4r fungerar v\u00e5r jobbgaranti:<\/strong><\/p>\n<ol>\n<li><strong>Personlig jobbkonsultation:<\/strong> Vi inleder med ett individuellt samtal d\u00e4r vi diskuterar din bakgrund, dina m\u00e5l och besvarar dina fr\u00e5gor om utbildningen och jobbgarantin. Detta m\u00f6te hj\u00e4lper oss att f\u00f6rst\u00e5 hur vi b\u00e4st kan st\u00f6dja dig p\u00e5 din resa mot att bli en framg\u00e5ngsrik PT.<\/li>\n<li><strong>Karri\u00e4rcoaching:<\/strong> Du f\u00e5r tillg\u00e5ng till professionell v\u00e4gledning f\u00f6r att s\u00e4tta upp karri\u00e4rm\u00e5l, f\u00f6rbereda dig f\u00f6r intervjuer och marknadsf\u00f6ra dig sj\u00e4lv som personlig tr\u00e4nare. Vi hj\u00e4lper dig att s\u00e4tta dig i kontakt med flera olika arbetsgivare.<\/li>\n<li><strong>Arbetsgivarkontakter under utbildningen<\/strong>: Under utbildningen f\u00e5r du m\u00f6jlighet att tr\u00e4ffa flera arbetsgivare f\u00f6r att l\u00e4ra k\u00e4nna deras verksamheter och boka intervjuer. Via studentportalen f\u00e5r du ocks\u00e5 direktkontakt med rekryterarna hos v\u00e5ra st\u00f6rsta samarbetspartners.<\/li>\n<li><strong>Praktik och mentorskap:<\/strong> Under utbildningen f\u00e5r du praktisk erfarenhet med riktiga kunder samt individuellt st\u00f6d f\u00f6r att utveckla dina f\u00e4rdigheter som PT.<\/li>\n<li><strong>Uppf\u00f6ljning och eget ansvar:<\/strong> Vi s\u00e4tter upp tydliga och realistiska jobbm\u00e5l tillsammans med dig och f\u00f6rv\u00e4ntar oss att du aktivt deltar i jobbs\u00f6kningsprocessen. Det inneb\u00e4r att delta i karri\u00e4rcoaching, s\u00f6ka jobb hos v\u00e5ra samarbetspartners och vara \u00f6ppen f\u00f6r m\u00f6jligheter b\u00e5de inom och utanf\u00f6r din hemkommun.<\/li>\n<\/ol>\n<p>V\u00e5r statistik visar att <strong>94% av v\u00e5ra studenter som s\u00f6ker jobb f\u00e5r anst\u00e4llning direkt efter utbildningen<\/strong>. Skulle du, trots aktivt deltagande och uppfyllande av v\u00e5ra villkor, inte f\u00e5 en anst\u00e4llning, ja\u00a0d\u00e5 \u00e5terbetalar vi 50% av utbildningskostnaden och forts\u00e4tter att ge dig karri\u00e4rst\u00f6d.<\/p>\n\t\t\t<a href=\"#demo2\"  target=\"_self\">\n\t\t\t\t\t\t\tDELTA I WEBINARIET >>\n\t\t\t\t\t<\/a>\n<h3>\n\t\t\tTr\u00e4narakademin <br \/> in numbers\t<\/h3>\n\t\t+1,000\n\t\t\t\t\tUtbildade tr\u00e4nare och coacher\n\t\t15 \u00e5r\n\t\t\t\t\tav kunskapsutveckling\n\t\t<h4>\n\t\t\tModal Box\n\t\t\t\t\t<\/h4>\n\t\t<h5>modal-<\/h5>\n\t\tClick here to edit the &#8221;modal-box&#8221; settings. This text is only for editing and will not appear after you publish the changes.\t\n\t\t\t\t\t\tPreview\n\t\t\tmodal-","protected":false},"excerpt":{"rendered":"<p>Byt karri\u00e4r och b\u00f6rja jobba som PT p\u00e5 sex m\u00e5nader med v\u00e5r jobbgaranti Delta p\u00e5 v\u00e5rt webbinarium och uppt\u00e4ck stegen som hj\u00e4lpt hundratals av v\u00e5ra studenter att byta karri\u00e4r, f\u00e5 jobb under utbildningen och bygga en framtid inom tr\u00e4ning. Ps. Kolla in videon om webinaret Endast 13 platser kvar H\u00e4ng med live f\u00f6r att ta [&hellip;]<\/p>\n","protected":false},"author":1,"featured_media":0,"parent":0,"menu_order":0,"comment_status":"closed","ping_status":"closed","template":"","meta":{"site-sidebar-layout":"default","site-content-layout":"default","ast-site-content-layout":"default","site-content-style":"default","site-sidebar-style":"default","ast-global-header-display":"disabled","ast-banner-title-visibility":"","ast-main-header-display":"","ast-hfb-above-header-display":"","ast-hfb-below-header-display":"","ast-hfb-mobile-header-display":"","site-post-title":"disabled","ast-breadcrumbs-content":"","ast-featured-img":"","footer-sml-layout":"","ast-disable-related-posts":"","theme-transparent-header-meta":"default","adv-header-id-meta":"","stick-header-meta":"default","header-above-stick-meta":"","header-main-stick-meta":"","header-below-stick-meta":"","astra-migrate-meta-layouts":"set","ast-page-background-enabled":"default","ast-page-background-meta":{"desktop":{"background-color":"","background-image":"","background-repeat":"repeat","background-position":"center center","background-size":"auto","background-attachment":"scroll","background-type":"","background-media":"","overlay-type":"","overlay-color":"","overlay-opacity":"","overlay-gradient":""},"tablet":{"background-color":"","background-image":"","background-repeat":"repeat","background-position":"center center","background-size":"auto","background-attachment":"scroll","background-type":"","background-media":"","overlay-type":"","overlay-color":"","overlay-opacity":"","overlay-gradient":""},"mobile":{"background-color":"","background-image":"","background-repeat":"repeat","background-position":"center center","background-size":"auto","background-attachment":"scroll","background-type":"","background-media":"","overlay-type":"","overlay-color":"","overlay-opacity":"","overlay-gradient":""}},"ast-content-background-meta":{"desktop":{"background-color":"var(--ast-global-color-5)","background-image":"","background-repeat":"repeat","background-position":"center center","background-size":"auto","background-attachment":"scroll","background-type":"","background-media":"","overlay-type":"","overlay-color":"","overlay-opacity":"","overlay-gradient":""},"tablet":{"background-color":"var(--ast-global-color-5)","background-image":"","background-repeat":"repeat","background-position":"center center","background-size":"auto","background-attachment":"scroll","background-type":"","background-media":"","overlay-type":"","overlay-color":"","overlay-opacity":"","overlay-gradient":""},"mobile":{"background-color":"var(--ast-global-color-5)","background-image":"","background-repeat":"repeat","background-position":"center center","background-size":"auto","background-attachment":"scroll","background-type":"","background-media":"","overlay-type":"","overlay-color":"","overlay-opacity":"","overlay-gradient":""}},"footnotes":""},"tags":[],"class_list":["post-13700","page","type-page","status-publish","hentry"],"yoast_head":"<!-- This site is optimized with the Yoast SEO plugin v27.2 - https:\/\/yoast.com\/product\/yoast-seo-wordpress\/ -->\n<title>Webinar landningsida - Tr\u00e4narakademin<\/title>\n<meta name=\"robots\" content=\"index, follow, max-snippet:-1, max-image-preview:large, max-video-preview:-1\" \/>\n<link rel=\"canonical\" href=\"https:\/\/tranarakademin.se\/en\/pt-webinar-3\/\" \/>\n<meta property=\"og:locale\" content=\"en_GB\" \/>\n<meta property=\"og:type\" content=\"article\" \/>\n<meta property=\"og:title\" content=\"Webinar landningsida - Tr\u00e4narakademin\" \/>\n<meta property=\"og:description\" content=\"Byt karri\u00e4r och b\u00f6rja jobba som PT p\u00e5 sex m\u00e5nader med v\u00e5r jobbgaranti Delta p\u00e5 v\u00e5rt webbinarium och uppt\u00e4ck stegen som hj\u00e4lpt hundratals av v\u00e5ra studenter att byta karri\u00e4r, f\u00e5 jobb under utbildningen och bygga en framtid inom tr\u00e4ning. Ps. Kolla in videon om webinaret Endast 13 platser kvar H\u00e4ng med live f\u00f6r att ta [&hellip;]\" \/>\n<meta property=\"og:url\" content=\"https:\/\/tranarakademin.se\/en\/pt-webinar-3\/\" \/>\n<meta property=\"og:site_name\" content=\"Tr\u00e4narakademin\" \/>\n<meta property=\"article:modified_time\" content=\"2026-04-03T07:58:35+00:00\" \/>\n<meta property=\"og:image\" content=\"https:\/\/tranarakademin.se\/wp-content\/uploads\/2020\/04\/Logotyp-TA_Vertical-small-White.png\" \/>\n<meta name=\"twitter:card\" content=\"summary_large_image\" \/>\n<meta name=\"twitter:label1\" content=\"Est. reading time\" \/>\n\t<meta name=\"twitter:data1\" content=\"6 minutes\" \/>\n<script type=\"application\/ld+json\" class=\"yoast-schema-graph\">{\"@context\":\"https:\/\/schema.org\",\"@graph\":[{\"@type\":\"WebPage\",\"@id\":\"https:\/\/tranarakademin.se\/pt-webinar-3\/\",\"url\":\"https:\/\/tranarakademin.se\/pt-webinar-3\/\",\"name\":\"Webinar landningsida - Tr\u00e4narakademin\",\"isPartOf\":{\"@id\":\"https:\/\/tranarakademin.se\/#website\"},\"primaryImageOfPage\":{\"@id\":\"https:\/\/tranarakademin.se\/pt-webinar-3\/#primaryimage\"},\"image\":{\"@id\":\"https:\/\/tranarakademin.se\/pt-webinar-3\/#primaryimage\"},\"thumbnailUrl\":\"https:\/\/tranarakademin.se\/wp-content\/uploads\/2020\/04\/Logotyp-TA_Vertical-small-White.png\",\"datePublished\":\"2024-12-05T21:07:45+00:00\",\"dateModified\":\"2026-04-03T07:58:35+00:00\",\"breadcrumb\":{\"@id\":\"https:\/\/tranarakademin.se\/pt-webinar-3\/#breadcrumb\"},\"inLanguage\":\"en-GB\",\"potentialAction\":[{\"@type\":\"ReadAction\",\"target\":[\"https:\/\/tranarakademin.se\/pt-webinar-3\/\"]}]},{\"@type\":\"ImageObject\",\"inLanguage\":\"en-GB\",\"@id\":\"https:\/\/tranarakademin.se\/pt-webinar-3\/#primaryimage\",\"url\":\"https:\/\/tranarakademin.se\/wp-content\/uploads\/2020\/04\/Logotyp-TA_Vertical-small-White.png\",\"contentUrl\":\"https:\/\/tranarakademin.se\/wp-content\/uploads\/2020\/04\/Logotyp-TA_Vertical-small-White.png\"},{\"@type\":\"BreadcrumbList\",\"@id\":\"https:\/\/tranarakademin.se\/pt-webinar-3\/#breadcrumb\",\"itemListElement\":[{\"@type\":\"ListItem\",\"position\":1,\"name\":\"Hem\",\"item\":\"https:\/\/tranarakademin.se\/\"},{\"@type\":\"ListItem\",\"position\":2,\"name\":\"Webinar landningsida\"}]},{\"@type\":\"WebSite\",\"@id\":\"https:\/\/tranarakademin.se\/#website\",\"url\":\"https:\/\/tranarakademin.se\/\",\"name\":\"Tr\u00e4narakademin\",\"description\":\"Framg\u00e5ng, Vetenskap och Gemenskap\",\"publisher\":{\"@id\":\"https:\/\/tranarakademin.se\/#organization\"},\"potentialAction\":[{\"@type\":\"SearchAction\",\"target\":{\"@type\":\"EntryPoint\",\"urlTemplate\":\"https:\/\/tranarakademin.se\/?s={search_term_string}\"},\"query-input\":{\"@type\":\"PropertyValueSpecification\",\"valueRequired\":true,\"valueName\":\"search_term_string\"}}],\"inLanguage\":\"en-GB\"},{\"@type\":\"Organization\",\"@id\":\"https:\/\/tranarakademin.se\/#organization\",\"name\":\"Tr\u00e4narakademin\",\"url\":\"https:\/\/tranarakademin.se\/\",\"logo\":{\"@type\":\"ImageObject\",\"inLanguage\":\"en-GB\",\"@id\":\"https:\/\/tranarakademin.se\/#\/schema\/logo\/image\/\",\"url\":\"https:\/\/tranarakademin.se\/wp-content\/uploads\/2020\/04\/Logotyp-TA_Vertical-small-Blue.png\",\"contentUrl\":\"https:\/\/tranarakademin.se\/wp-content\/uploads\/2020\/04\/Logotyp-TA_Vertical-small-Blue.png\",\"width\":798,\"height\":464,\"caption\":\"Tr\u00e4narakademin\"},\"image\":{\"@id\":\"https:\/\/tranarakademin.se\/#\/schema\/logo\/image\/\"}}]}<\/script>\n<!-- \/ Yoast SEO plugin. -->","yoast_head_json":{"title":"Webinar landningsida - Tr\u00e4narakademin","robots":{"index":"index","follow":"follow","max-snippet":"max-snippet:-1","max-image-preview":"max-image-preview:large","max-video-preview":"max-video-preview:-1"},"canonical":"https:\/\/tranarakademin.se\/en\/pt-webinar-3\/","og_locale":"en_GB","og_type":"article","og_title":"Webinar landningsida - Tr\u00e4narakademin","og_description":"Byt karri\u00e4r och b\u00f6rja jobba som PT p\u00e5 sex m\u00e5nader med v\u00e5r jobbgaranti Delta p\u00e5 v\u00e5rt webbinarium och uppt\u00e4ck stegen som hj\u00e4lpt hundratals av v\u00e5ra studenter att byta karri\u00e4r, f\u00e5 jobb under utbildningen och bygga en framtid inom tr\u00e4ning. Ps. Kolla in videon om webinaret Endast 13 platser kvar H\u00e4ng med live f\u00f6r att ta [&hellip;]","og_url":"https:\/\/tranarakademin.se\/en\/pt-webinar-3\/","og_site_name":"Tr\u00e4narakademin","article_modified_time":"2026-04-03T07:58:35+00:00","og_image":[{"url":"https:\/\/tranarakademin.se\/wp-content\/uploads\/2020\/04\/Logotyp-TA_Vertical-small-White.png","type":"","width":"","height":""}],"twitter_card":"summary_large_image","twitter_misc":{"Est. reading time":"6 minutes"},"schema":{"@context":"https:\/\/schema.org","@graph":[{"@type":"WebPage","@id":"https:\/\/tranarakademin.se\/pt-webinar-3\/","url":"https:\/\/tranarakademin.se\/pt-webinar-3\/","name":"Webinar landningsida - Tr\u00e4narakademin","isPartOf":{"@id":"https:\/\/tranarakademin.se\/#website"},"primaryImageOfPage":{"@id":"https:\/\/tranarakademin.se\/pt-webinar-3\/#primaryimage"},"image":{"@id":"https:\/\/tranarakademin.se\/pt-webinar-3\/#primaryimage"},"thumbnailUrl":"https:\/\/tranarakademin.se\/wp-content\/uploads\/2020\/04\/Logotyp-TA_Vertical-small-White.png","datePublished":"2024-12-05T21:07:45+00:00","dateModified":"2026-04-03T07:58:35+00:00","breadcrumb":{"@id":"https:\/\/tranarakademin.se\/pt-webinar-3\/#breadcrumb"},"inLanguage":"en-GB","potentialAction":[{"@type":"ReadAction","target":["https:\/\/tranarakademin.se\/pt-webinar-3\/"]}]},{"@type":"ImageObject","inLanguage":"en-GB","@id":"https:\/\/tranarakademin.se\/pt-webinar-3\/#primaryimage","url":"https:\/\/tranarakademin.se\/wp-content\/uploads\/2020\/04\/Logotyp-TA_Vertical-small-White.png","contentUrl":"https:\/\/tranarakademin.se\/wp-content\/uploads\/2020\/04\/Logotyp-TA_Vertical-small-White.png"},{"@type":"BreadcrumbList","@id":"https:\/\/tranarakademin.se\/pt-webinar-3\/#breadcrumb","itemListElement":[{"@type":"ListItem","position":1,"name":"Hem","item":"https:\/\/tranarakademin.se\/"},{"@type":"ListItem","position":2,"name":"Webinar landningsida"}]},{"@type":"WebSite","@id":"https:\/\/tranarakademin.se\/#website","url":"https:\/\/tranarakademin.se\/","name":"Tr\u00e4narakademin","description":"Success, Science and Community","publisher":{"@id":"https:\/\/tranarakademin.se\/#organization"},"potentialAction":[{"@type":"SearchAction","target":{"@type":"EntryPoint","urlTemplate":"https:\/\/tranarakademin.se\/?s={search_term_string}"},"query-input":{"@type":"PropertyValueSpecification","valueRequired":true,"valueName":"search_term_string"}}],"inLanguage":"en-GB"},{"@type":"Organization","@id":"https:\/\/tranarakademin.se\/#organization","name":"Tr\u00e4narakademin","url":"https:\/\/tranarakademin.se\/","logo":{"@type":"ImageObject","inLanguage":"en-GB","@id":"https:\/\/tranarakademin.se\/#\/schema\/logo\/image\/","url":"https:\/\/tranarakademin.se\/wp-content\/uploads\/2020\/04\/Logotyp-TA_Vertical-small-Blue.png","contentUrl":"https:\/\/tranarakademin.se\/wp-content\/uploads\/2020\/04\/Logotyp-TA_Vertical-small-Blue.png","width":798,"height":464,"caption":"Tr\u00e4narakademin"},"image":{"@id":"https:\/\/tranarakademin.se\/#\/schema\/logo\/image\/"}}]}},"_links":{"self":[{"href":"https:\/\/tranarakademin.se\/en\/wp-json\/wp\/v2\/pages\/13700","targetHints":{"allow":["GET"]}}],"collection":[{"href":"https:\/\/tranarakademin.se\/en\/wp-json\/wp\/v2\/pages"}],"about":[{"href":"https:\/\/tranarakademin.se\/en\/wp-json\/wp\/v2\/types\/page"}],"author":[{"embeddable":true,"href":"https:\/\/tranarakademin.se\/en\/wp-json\/wp\/v2\/users\/1"}],"replies":[{"embeddable":true,"href":"https:\/\/tranarakademin.se\/en\/wp-json\/wp\/v2\/comments?post=13700"}],"version-history":[{"count":6,"href":"https:\/\/tranarakademin.se\/en\/wp-json\/wp\/v2\/pages\/13700\/revisions"}],"predecessor-version":[{"id":14984,"href":"https:\/\/tranarakademin.se\/en\/wp-json\/wp\/v2\/pages\/13700\/revisions\/14984"}],"wp:attachment":[{"href":"https:\/\/tranarakademin.se\/en\/wp-json\/wp\/v2\/media?parent=13700"}],"wp:term":[{"taxonomy":"post_tag","embeddable":true,"href":"https:\/\/tranarakademin.se\/en\/wp-json\/wp\/v2\/tags?post=13700"}],"curies":[{"name":"wp","href":"https:\/\/api.w.org\/{rel}","templated":true}]}}