{"id":14343,"date":"2025-10-21T07:57:14","date_gmt":"2025-10-21T07:57:14","guid":{"rendered":"https:\/\/tranarakademin.se\/?page_id=14343"},"modified":"2025-11-28T21:50:07","modified_gmt":"2025-11-28T21:50:07","slug":"laktattest","status":"publish","type":"page","link":"https:\/\/tranarakademin.se\/en\/laktattest\/","title":{"rendered":"Leadmagnet testprotokoll"},"content":{"rendered":"<img decoding=\"async\" src=\"https:\/\/tranarakademin.se\/wp-content\/uploads\/2020\/04\/Logotyp-TA_Vertical-small-White.png\" alt=\"Logotyp TA_Vertical small White\" itemprop=\"image\" height=\"466\" width=\"798\" title=\"Logotyp TA_Vertical small White\" onerror=\"this.style.display='none'\" loading=\"lazy\" \/>\n<h2>\n\t\t\tHitta din tr\u00f6skelfart med laktatm\u00e4tning \ud83c\udfc3\u200d\u2642\ufe0f\t<\/h2>\n\t<p>Ladda ner v\u00e5rt <strong data-start=\"580\" data-end=\"621\">gratis laktatprotokoll och kalkylator<\/strong> f\u00f6r att hitta din tr\u00f6skelfart, tr\u00f6skelpuls och maxlaxtat.<\/p>\n\t\t\t\t<img decoding=\"async\" src=\"https:\/\/tranarakademin.se\/wp-content\/uploads\/2025\/10\/leadmagnet-laktattest.png\" alt=\"leadmagnet laktattest\" itemprop=\"image\" height=\"1200\" width=\"1200\" title=\"leadmagnet laktattest\" onerror=\"this.style.display='none'\" loading=\"lazy\" \/>\n<h4>\n\t\t\tAnge din e-postadress s\u00e5 skickar vi laktatkalkylatorn och testprotokollet direkt till din mejl\t<\/h4>\n\t<p>\ud83d\udce5 Protokollet och kalkylatorn skickas direkt till din inkorg. \u2709\ufe0f Vi skickar aldrig spam.\u00a0<\/p>\n<h2>\n\t\t\tVarf\u00f6r ett laktattest s\u00e4ger mer \u00e4n bara puls \ud83d\udcca\t<\/h2>\n\tPuls \u00e4r bra, men den s\u00e4ger inte allt.\nEtt laktattest visar mer <strong data-start=\"1287\" data-end=\"1358\">exakt n\u00e4r kroppen g\u00e5r fr\u00e5n effektiv uth\u00e5llighet till snabb tr\u00f6tthet<\/strong>. Med r\u00e4tt data kan du eller din klient:\n\u2705 Tr\u00e4na i r\u00e4tt zoner<br data-start=\"1427\" data-end=\"1430\" \/>\u2705 \u00d6ka uth\u00e5lligheten smartare<br data-start=\"1460\" data-end=\"1463\" \/>\u2705 Minska risken f\u00f6r on\u00f6dig slitage och \u00f6vertr\u00e4ning\n\t\t\t\t<img decoding=\"async\" src=\"https:\/\/tranarakademin.se\/wp-content\/uploads\/2025\/10\/Dmax_mod.jpg\" alt=\"Screenshot\" itemprop=\"image\" height=\"956\" width=\"1502\" title=\"Screenshot\" onerror=\"this.style.display='none'\" loading=\"lazy\" \/>\n<h1>\n\t\t\tTa n\u00e4sta steg &#8211; l\u00e4r dig utf\u00f6ra laktattester p\u00e5 riktigt\t<\/h1>\n\t\t\t\t<img decoding=\"async\" src=\"https:\/\/tranarakademin.se\/wp-content\/uploads\/2020\/04\/3.jpg\" alt=\"Kursbild f\u00f6r kursen Endurance Coach\" itemprop=\"image\" height=\"600\" width=\"600\" title=\"3\" onerror=\"this.style.display='none'\" loading=\"lazy\" \/>\n\t<p>Vill du inte bara m\u00e4ta &#8211; utan verkligen f\u00f6rst\u00e5 vad siffrorna betyder?<\/p>\n<p>P\u00e5 v\u00e5r utbildning till <b>Endurance Coach<\/b> f\u00e5r du l\u00e4ra dig att genomf\u00f6ra laktattester i praktiken tillsammans med Sveriges mest erfarna tr\u00e4nare inom uth\u00e5llighet.<\/p>\n<p>Du l\u00e4r dig ocks\u00e5 hur du analyserar resultaten, programmerar tr\u00e4ning f\u00f6r uth\u00e5llighetsidrottare och balanserar styrka, r\u00f6rlighet och kondition f\u00f6r maximal prestation.<\/p>\n\t\t\t<a href=\"https:\/\/tranarakademin.se\/en\/utbildning\/diplomerad-endurance-coach\/\" target=\"_self\">\n\t\t\t\t\t\t\tL\u00c4S OM UTBILDNING >>\n\t\t\t\t\t<\/a>\n\t\t\t\t<img decoding=\"async\" src=\"https:\/\/tranarakademin.se\/wp-content\/uploads\/2023\/03\/Kundomdomen-TA.png\" alt=\"Kundomdo\u0308men TA\" itemprop=\"image\" height=\"100\" width=\"800\" title=\"Kundomdo\u0308men TA\" onerror=\"this.style.display='none'\" loading=\"lazy\" \/>\n<h2>\n\t\t\tH\u00f6r vad v\u00e5ra studenter tycker\t<\/h2>\n\t<iframe src=\"https:\/\/widget.reco.se\/v2\/widget\/1645877?mode=HORIZONTAL_QUOTE\" width=\"100%\" height=\"225\" scrolling=\"no\" data-reactroot=\"\"><\/iframe>\n<h3>\n\t\t\tTr\u00e4narakademin <br \/> in numbers\t<\/h3>\n\t\t+1,000\n\t\t\t\t\tUtbildade tr\u00e4nare och coacher\n\t\t15 \u00e5r\n\t\t\t\t\tav kunskapsutveckling","protected":false},"excerpt":{"rendered":"<p>Hitta din tr\u00f6skelfart med laktatm\u00e4tning \ud83c\udfc3\u200d\u2642\ufe0f Ladda ner v\u00e5rt gratis laktatprotokoll och kalkylator f\u00f6r att hitta din tr\u00f6skelfart, tr\u00f6skelpuls och maxlaxtat. Ange din e-postadress s\u00e5 skickar vi laktatkalkylatorn och testprotokollet direkt till din mejl \ud83d\udce5 Protokollet och kalkylatorn skickas direkt till din inkorg. \u2709\ufe0f Vi skickar aldrig spam.\u00a0 Varf\u00f6r ett laktattest s\u00e4ger mer \u00e4n bara [&hellip;]<\/p>\n","protected":false},"author":1,"featured_media":0,"parent":0,"menu_order":0,"comment_status":"closed","ping_status":"closed","template":"","meta":{"site-sidebar-layout":"default","site-content-layout":"default","ast-site-content-layout":"default","site-content-style":"default","site-sidebar-style":"default","ast-global-header-display":"disabled","ast-banner-title-visibility":"","ast-main-header-display":"","ast-hfb-above-header-display":"","ast-hfb-below-header-display":"","ast-hfb-mobile-header-display":"","site-post-title":"disabled","ast-breadcrumbs-content":"","ast-featured-img":"","footer-sml-layout":"","ast-disable-related-posts":"","theme-transparent-header-meta":"default","adv-header-id-meta":"","stick-header-meta":"default","header-above-stick-meta":"","header-main-stick-meta":"","header-below-stick-meta":"","astra-migrate-meta-layouts":"set","ast-page-background-enabled":"default","ast-page-background-meta":{"desktop":{"background-color":"","background-image":"","background-repeat":"repeat","background-position":"center center","background-size":"auto","background-attachment":"scroll","background-type":"","background-media":"","overlay-type":"","overlay-color":"","overlay-opacity":"","overlay-gradient":""},"tablet":{"background-color":"","background-image":"","background-repeat":"repeat","background-position":"center center","background-size":"auto","background-attachment":"scroll","background-type":"","background-media":"","overlay-type":"","overlay-color":"","overlay-opacity":"","overlay-gradient":""},"mobile":{"background-color":"","background-image":"","background-repeat":"repeat","background-position":"center center","background-size":"auto","background-attachment":"scroll","background-type":"","background-media":"","overlay-type":"","overlay-color":"","overlay-opacity":"","overlay-gradient":""}},"ast-content-background-meta":{"desktop":{"background-color":"var(--ast-global-color-5)","background-image":"","background-repeat":"repeat","background-position":"center center","background-size":"auto","background-attachment":"scroll","background-type":"","background-media":"","overlay-type":"","overlay-color":"","overlay-opacity":"","overlay-gradient":""},"tablet":{"background-color":"var(--ast-global-color-5)","background-image":"","background-repeat":"repeat","background-position":"center center","background-size":"auto","background-attachment":"scroll","background-type":"","background-media":"","overlay-type":"","overlay-color":"","overlay-opacity":"","overlay-gradient":""},"mobile":{"background-color":"var(--ast-global-color-5)","background-image":"","background-repeat":"repeat","background-position":"center center","background-size":"auto","background-attachment":"scroll","background-type":"","background-media":"","overlay-type":"","overlay-color":"","overlay-opacity":"","overlay-gradient":""}},"footnotes":""},"tags":[],"class_list":["post-14343","page","type-page","status-publish","hentry"],"yoast_head":"<!-- This site is optimized with the Yoast SEO plugin v27.2 - https:\/\/yoast.com\/product\/yoast-seo-wordpress\/ -->\n<title>Leadmagnet testprotokoll - Tr\u00e4narakademin<\/title>\n<meta name=\"robots\" content=\"index, follow, max-snippet:-1, max-image-preview:large, max-video-preview:-1\" \/>\n<link rel=\"canonical\" href=\"https:\/\/tranarakademin.se\/en\/laktattest\/\" \/>\n<meta property=\"og:locale\" content=\"en_GB\" \/>\n<meta property=\"og:type\" content=\"article\" \/>\n<meta property=\"og:title\" content=\"Leadmagnet testprotokoll - Tr\u00e4narakademin\" \/>\n<meta property=\"og:description\" content=\"Hitta din tr\u00f6skelfart med laktatm\u00e4tning \ud83c\udfc3\u200d\u2642\ufe0f Ladda ner v\u00e5rt gratis laktatprotokoll och kalkylator f\u00f6r att hitta din tr\u00f6skelfart, tr\u00f6skelpuls och maxlaxtat. Ange din e-postadress s\u00e5 skickar vi laktatkalkylatorn och testprotokollet direkt till din mejl \ud83d\udce5 Protokollet och kalkylatorn skickas direkt till din inkorg. \u2709\ufe0f Vi skickar aldrig spam.\u00a0 Varf\u00f6r ett laktattest s\u00e4ger mer \u00e4n bara [&hellip;]\" \/>\n<meta property=\"og:url\" content=\"https:\/\/tranarakademin.se\/en\/laktattest\/\" \/>\n<meta property=\"og:site_name\" content=\"Tr\u00e4narakademin\" \/>\n<meta property=\"article:modified_time\" content=\"2025-11-28T21:50:07+00:00\" \/>\n<meta property=\"og:image\" content=\"https:\/\/tranarakademin.se\/wp-content\/uploads\/2020\/04\/Logotyp-TA_Vertical-small-White.png\" \/>\n<meta name=\"twitter:card\" content=\"summary_large_image\" \/>\n<meta name=\"twitter:label1\" content=\"Est. reading time\" \/>\n\t<meta name=\"twitter:data1\" content=\"3 minutes\" \/>\n<script type=\"application\/ld+json\" class=\"yoast-schema-graph\">{\"@context\":\"https:\/\/schema.org\",\"@graph\":[{\"@type\":\"WebPage\",\"@id\":\"https:\/\/tranarakademin.se\/laktattest\/\",\"url\":\"https:\/\/tranarakademin.se\/laktattest\/\",\"name\":\"Leadmagnet testprotokoll - Tr\u00e4narakademin\",\"isPartOf\":{\"@id\":\"https:\/\/tranarakademin.se\/#website\"},\"primaryImageOfPage\":{\"@id\":\"https:\/\/tranarakademin.se\/laktattest\/#primaryimage\"},\"image\":{\"@id\":\"https:\/\/tranarakademin.se\/laktattest\/#primaryimage\"},\"thumbnailUrl\":\"https:\/\/tranarakademin.se\/wp-content\/uploads\/2020\/04\/Logotyp-TA_Vertical-small-White.png\",\"datePublished\":\"2025-10-21T07:57:14+00:00\",\"dateModified\":\"2025-11-28T21:50:07+00:00\",\"breadcrumb\":{\"@id\":\"https:\/\/tranarakademin.se\/laktattest\/#breadcrumb\"},\"inLanguage\":\"en-GB\",\"potentialAction\":[{\"@type\":\"ReadAction\",\"target\":[\"https:\/\/tranarakademin.se\/laktattest\/\"]}]},{\"@type\":\"ImageObject\",\"inLanguage\":\"en-GB\",\"@id\":\"https:\/\/tranarakademin.se\/laktattest\/#primaryimage\",\"url\":\"https:\/\/tranarakademin.se\/wp-content\/uploads\/2020\/04\/Logotyp-TA_Vertical-small-White.png\",\"contentUrl\":\"https:\/\/tranarakademin.se\/wp-content\/uploads\/2020\/04\/Logotyp-TA_Vertical-small-White.png\"},{\"@type\":\"BreadcrumbList\",\"@id\":\"https:\/\/tranarakademin.se\/laktattest\/#breadcrumb\",\"itemListElement\":[{\"@type\":\"ListItem\",\"position\":1,\"name\":\"Hem\",\"item\":\"https:\/\/tranarakademin.se\/\"},{\"@type\":\"ListItem\",\"position\":2,\"name\":\"Leadmagnet testprotokoll\"}]},{\"@type\":\"WebSite\",\"@id\":\"https:\/\/tranarakademin.se\/#website\",\"url\":\"https:\/\/tranarakademin.se\/\",\"name\":\"Tr\u00e4narakademin\",\"description\":\"Framg\u00e5ng, Vetenskap och Gemenskap\",\"publisher\":{\"@id\":\"https:\/\/tranarakademin.se\/#organization\"},\"potentialAction\":[{\"@type\":\"SearchAction\",\"target\":{\"@type\":\"EntryPoint\",\"urlTemplate\":\"https:\/\/tranarakademin.se\/?s={search_term_string}\"},\"query-input\":{\"@type\":\"PropertyValueSpecification\",\"valueRequired\":true,\"valueName\":\"search_term_string\"}}],\"inLanguage\":\"en-GB\"},{\"@type\":\"Organization\",\"@id\":\"https:\/\/tranarakademin.se\/#organization\",\"name\":\"Tr\u00e4narakademin\",\"url\":\"https:\/\/tranarakademin.se\/\",\"logo\":{\"@type\":\"ImageObject\",\"inLanguage\":\"en-GB\",\"@id\":\"https:\/\/tranarakademin.se\/#\/schema\/logo\/image\/\",\"url\":\"https:\/\/tranarakademin.se\/wp-content\/uploads\/2020\/04\/Logotyp-TA_Vertical-small-Blue.png\",\"contentUrl\":\"https:\/\/tranarakademin.se\/wp-content\/uploads\/2020\/04\/Logotyp-TA_Vertical-small-Blue.png\",\"width\":798,\"height\":464,\"caption\":\"Tr\u00e4narakademin\"},\"image\":{\"@id\":\"https:\/\/tranarakademin.se\/#\/schema\/logo\/image\/\"}}]}<\/script>\n<!-- \/ Yoast SEO plugin. -->","yoast_head_json":{"title":"Leadmagnet testprotokoll - Tr\u00e4narakademin","robots":{"index":"index","follow":"follow","max-snippet":"max-snippet:-1","max-image-preview":"max-image-preview:large","max-video-preview":"max-video-preview:-1"},"canonical":"https:\/\/tranarakademin.se\/en\/laktattest\/","og_locale":"en_GB","og_type":"article","og_title":"Leadmagnet testprotokoll - Tr\u00e4narakademin","og_description":"Hitta din tr\u00f6skelfart med laktatm\u00e4tning \ud83c\udfc3\u200d\u2642\ufe0f Ladda ner v\u00e5rt gratis laktatprotokoll och kalkylator f\u00f6r att hitta din tr\u00f6skelfart, tr\u00f6skelpuls och maxlaxtat. Ange din e-postadress s\u00e5 skickar vi laktatkalkylatorn och testprotokollet direkt till din mejl \ud83d\udce5 Protokollet och kalkylatorn skickas direkt till din inkorg. \u2709\ufe0f Vi skickar aldrig spam.\u00a0 Varf\u00f6r ett laktattest s\u00e4ger mer \u00e4n bara [&hellip;]","og_url":"https:\/\/tranarakademin.se\/en\/laktattest\/","og_site_name":"Tr\u00e4narakademin","article_modified_time":"2025-11-28T21:50:07+00:00","og_image":[{"url":"https:\/\/tranarakademin.se\/wp-content\/uploads\/2020\/04\/Logotyp-TA_Vertical-small-White.png","type":"","width":"","height":""}],"twitter_card":"summary_large_image","twitter_misc":{"Est. reading time":"3 minutes"},"schema":{"@context":"https:\/\/schema.org","@graph":[{"@type":"WebPage","@id":"https:\/\/tranarakademin.se\/laktattest\/","url":"https:\/\/tranarakademin.se\/laktattest\/","name":"Leadmagnet testprotokoll - Tr\u00e4narakademin","isPartOf":{"@id":"https:\/\/tranarakademin.se\/#website"},"primaryImageOfPage":{"@id":"https:\/\/tranarakademin.se\/laktattest\/#primaryimage"},"image":{"@id":"https:\/\/tranarakademin.se\/laktattest\/#primaryimage"},"thumbnailUrl":"https:\/\/tranarakademin.se\/wp-content\/uploads\/2020\/04\/Logotyp-TA_Vertical-small-White.png","datePublished":"2025-10-21T07:57:14+00:00","dateModified":"2025-11-28T21:50:07+00:00","breadcrumb":{"@id":"https:\/\/tranarakademin.se\/laktattest\/#breadcrumb"},"inLanguage":"en-GB","potentialAction":[{"@type":"ReadAction","target":["https:\/\/tranarakademin.se\/laktattest\/"]}]},{"@type":"ImageObject","inLanguage":"en-GB","@id":"https:\/\/tranarakademin.se\/laktattest\/#primaryimage","url":"https:\/\/tranarakademin.se\/wp-content\/uploads\/2020\/04\/Logotyp-TA_Vertical-small-White.png","contentUrl":"https:\/\/tranarakademin.se\/wp-content\/uploads\/2020\/04\/Logotyp-TA_Vertical-small-White.png"},{"@type":"BreadcrumbList","@id":"https:\/\/tranarakademin.se\/laktattest\/#breadcrumb","itemListElement":[{"@type":"ListItem","position":1,"name":"Hem","item":"https:\/\/tranarakademin.se\/"},{"@type":"ListItem","position":2,"name":"Leadmagnet testprotokoll"}]},{"@type":"WebSite","@id":"https:\/\/tranarakademin.se\/#website","url":"https:\/\/tranarakademin.se\/","name":"Tr\u00e4narakademin","description":"Success, Science and Community","publisher":{"@id":"https:\/\/tranarakademin.se\/#organization"},"potentialAction":[{"@type":"SearchAction","target":{"@type":"EntryPoint","urlTemplate":"https:\/\/tranarakademin.se\/?s={search_term_string}"},"query-input":{"@type":"PropertyValueSpecification","valueRequired":true,"valueName":"search_term_string"}}],"inLanguage":"en-GB"},{"@type":"Organization","@id":"https:\/\/tranarakademin.se\/#organization","name":"Tr\u00e4narakademin","url":"https:\/\/tranarakademin.se\/","logo":{"@type":"ImageObject","inLanguage":"en-GB","@id":"https:\/\/tranarakademin.se\/#\/schema\/logo\/image\/","url":"https:\/\/tranarakademin.se\/wp-content\/uploads\/2020\/04\/Logotyp-TA_Vertical-small-Blue.png","contentUrl":"https:\/\/tranarakademin.se\/wp-content\/uploads\/2020\/04\/Logotyp-TA_Vertical-small-Blue.png","width":798,"height":464,"caption":"Tr\u00e4narakademin"},"image":{"@id":"https:\/\/tranarakademin.se\/#\/schema\/logo\/image\/"}}]}},"_links":{"self":[{"href":"https:\/\/tranarakademin.se\/en\/wp-json\/wp\/v2\/pages\/14343","targetHints":{"allow":["GET"]}}],"collection":[{"href":"https:\/\/tranarakademin.se\/en\/wp-json\/wp\/v2\/pages"}],"about":[{"href":"https:\/\/tranarakademin.se\/en\/wp-json\/wp\/v2\/types\/page"}],"author":[{"embeddable":true,"href":"https:\/\/tranarakademin.se\/en\/wp-json\/wp\/v2\/users\/1"}],"replies":[{"embeddable":true,"href":"https:\/\/tranarakademin.se\/en\/wp-json\/wp\/v2\/comments?post=14343"}],"version-history":[{"count":6,"href":"https:\/\/tranarakademin.se\/en\/wp-json\/wp\/v2\/pages\/14343\/revisions"}],"predecessor-version":[{"id":14381,"href":"https:\/\/tranarakademin.se\/en\/wp-json\/wp\/v2\/pages\/14343\/revisions\/14381"}],"wp:attachment":[{"href":"https:\/\/tranarakademin.se\/en\/wp-json\/wp\/v2\/media?parent=14343"}],"wp:term":[{"taxonomy":"post_tag","embeddable":true,"href":"https:\/\/tranarakademin.se\/en\/wp-json\/wp\/v2\/tags?post=14343"}],"curies":[{"name":"wp","href":"https:\/\/api.w.org\/{rel}","templated":true}]}}