{"id":14675,"date":"2025-12-16T10:16:19","date_gmt":"2025-12-16T10:16:19","guid":{"rendered":"https:\/\/tranarakademin.se\/?page_id=14675"},"modified":"2025-12-16T10:24:13","modified_gmt":"2025-12-16T10:24:13","slug":"boka-konsultation","status":"publish","type":"page","link":"https:\/\/tranarakademin.se\/en\/boka-konsultation\/","title":{"rendered":"Boka konsultation"},"content":{"rendered":"<h2>\n\t\t\tDitt f\u00f6rsta steg &#8211; f\u00e5 personlig v\u00e4gledning och se hur du kan starta din PT-karri\u00e4r\t<\/h2>\n\t\t\t\t<img decoding=\"async\" src=\"https:\/\/tranarakademin.se\/wp-content\/uploads\/2023\/03\/TA-webinar.png\" alt=\"V\u00e5r rektor Carl Norell som g\u00f6r tumme upp under ett webinar om PT-yrket\" itemprop=\"image\" height=\"700\" width=\"1000\" title=\"TA webinar\" onerror=\"this.style.display='none'\" loading=\"lazy\" \/>\n\t<ul>\n<li>Hur utbildningen och schemat passar med din nuvarande livssituation<\/li>\n<li>Vad jobbgarantin inneb\u00e4r och hur m\u00f6jligheterna ser ut efter examen<\/li>\n<li>Svar p\u00e5 dina fr\u00e5gor om bl.a. finansiering, inneh\u00e5ll och karri\u00e4r<\/li>\n<\/ul>\n\t\t\t<a href=\"#\" target=\"_self\">\n\t\t\t\t\t\t\tBoka din konsultation >>\n\t\t\t\t\t<\/a>\n\t<p><em>Max 10 konsultationstider tillg\u00e4ngliga per vecka. Boka g\u00e4rna i tid.<\/em><\/p>\n<h2>\n\t\t\tH\u00f6r vad v\u00e5ra studenter tycker\t<\/h2>\n\t<meta itemprop=\"name\" content=\"Intervju med Emelie\" \/><meta itemprop=\"description\" content=\"Intervju med Emelie student fr\u00e5n PT-utbildningen\" \/><meta itemprop=\"uploadDate\" content=\"2024-03-28T10:00+00:00\" \/><meta itemprop=\"thumbnailUrl\" content=\"https:\/\/tranarakademin.se\/wp-content\/uploads\/2024\/03\/Emelie-student-tranarakademin.jpg\" \/><meta itemprop=\"contentUrl\" content=\"https:\/\/vimeo.com\/928303976\" \/><meta itemprop=\"embedUrl\" content=\"https:\/\/vimeo.com\/928303976\" \/>\t\n\t\t\t<img decoding=\"async\" src=\"https:\/\/i.vimeocdn.com\/video\/1823636575-34e29ce6ef086b2b1a263dfc03cb6082177a4418c23ee4e2d61a8c50fa38fbd9-d_640?region=us\" alt=\"Intervju med Emelie\" \/>\t\t\t\t\t\t\t\n\t\t\t\t\tPlay Video\n\t\t\tIntervju med Emelie\n\t<meta itemprop=\"name\" content=\"Intervju med Anthony\" \/><meta itemprop=\"description\" content=\"Intervju med Anthony student fr\u00e5n PT-utbildningen\" \/><meta itemprop=\"uploadDate\" content=\"2024-03-28T10:00+00:00\" \/><meta itemprop=\"thumbnailUrl\" content=\"https:\/\/tranarakademin.se\/wp-content\/uploads\/2024\/03\/Anthony-student-Tranarakademin.jpg\" \/><meta itemprop=\"contentUrl\" content=\"https:\/\/vimeo.com\/928304007\" \/><meta itemprop=\"embedUrl\" content=\"https:\/\/vimeo.com\/928304007\" \/>\t\n\t\t\t<img decoding=\"async\" src=\"https:\/\/i.vimeocdn.com\/video\/1823652189-e520e48dcabd2cb12c072d218f7f1d336275d562830d42f9309cc944938fde78-d_640?region=us\" alt=\"Intervju med Anthony\" \/>\t\t\t\t\t\t\t\n\t\t\t\t\tPlay Video\n\t\t\tIntervju med Anthony\n\t<meta itemprop=\"name\" content=\"Intervju med Nick\" \/><meta itemprop=\"description\" content=\"Intervju med Nick student fr\u00e5n PT-utbildningen\" \/><meta itemprop=\"uploadDate\" content=\"2024-03-28T10:00+00:00\" \/><meta itemprop=\"thumbnailUrl\" content=\"https:\/\/tranarakademin.se\/wp-content\/uploads\/2024\/03\/Nick-student-Tranarakademin.jpg\" \/><meta itemprop=\"contentUrl\" content=\"https:\/\/vimeo.com\/928304038\" \/><meta itemprop=\"embedUrl\" content=\"https:\/\/vimeo.com\/928304038\" \/>\t\n\t\t\t<img decoding=\"async\" src=\"https:\/\/i.vimeocdn.com\/video\/1823643811-b2142dc9c345371dfd40039663c67b428c6e09ce330606dbfe5cdfa632edd128-d_640?region=us\" alt=\"Intervju med Nick\" \/>\t\t\t\t\t\t\t\n\t\t\t\t\tPlay Video\n\t\t\tIntervju med Nick\n\t<meta itemprop=\"name\" content=\"Intervju med Marika\" \/><meta itemprop=\"description\" content=\"Intervju med Marika student fr\u00e5n PT-utbildningen\" \/><meta itemprop=\"uploadDate\" content=\"2024-03-28T10:00+00:00\" \/><meta itemprop=\"thumbnailUrl\" content=\"https:\/\/tranarakademin.se\/wp-content\/uploads\/2024\/03\/Marika-student-PT-utbildningen.jpg\" \/><meta itemprop=\"contentUrl\" content=\"https:\/\/vimeo.com\/928303946\" \/><meta itemprop=\"embedUrl\" content=\"https:\/\/vimeo.com\/928303946\" \/>\t\n\t\t\t<img decoding=\"async\" src=\"https:\/\/i.vimeocdn.com\/video\/1823649447-7ae3bf9c7390463d7c9ffc805c7f2bd0ac2b20693b2f29794d7e0f5c6a6de62d-d_640?region=us\" alt=\"Intervju med Marika\" \/>\t\t\t\t\t\t\t\n\t\t\t\t\tPlay Video\n\t\t\tIntervju med Marika\n\t<p>&#8230;eller l\u00e4s alla v\u00e5ra studentomd\u00f6men p\u00e5 Reco<\/p>\n\t<iframe src=\"https:\/\/widget.reco.se\/v2\/widget\/1645877?mode=HORIZONTAL_QUOTE\" width=\"100%\" height=\"225\" scrolling=\"no\" data-reactroot=\"\"><\/iframe>","protected":false},"excerpt":{"rendered":"<p>Ditt f\u00f6rsta steg &#8211; f\u00e5 personlig v\u00e4gledning och se hur du kan starta din PT-karri\u00e4r Hur utbildningen och schemat passar med din nuvarande livssituation Vad jobbgarantin inneb\u00e4r och hur m\u00f6jligheterna ser ut efter examen Svar p\u00e5 dina fr\u00e5gor om bl.a. finansiering, inneh\u00e5ll och karri\u00e4r Boka din konsultation >> Max 10 konsultationstider tillg\u00e4ngliga per vecka. Boka [&hellip;]<\/p>\n","protected":false},"author":1,"featured_media":0,"parent":0,"menu_order":0,"comment_status":"closed","ping_status":"closed","template":"","meta":{"site-sidebar-layout":"default","site-content-layout":"default","ast-site-content-layout":"default","site-content-style":"default","site-sidebar-style":"default","ast-global-header-display":"","ast-banner-title-visibility":"","ast-main-header-display":"","ast-hfb-above-header-display":"","ast-hfb-below-header-display":"","ast-hfb-mobile-header-display":"","site-post-title":"disabled","ast-breadcrumbs-content":"","ast-featured-img":"disabled","footer-sml-layout":"","ast-disable-related-posts":"","theme-transparent-header-meta":"disabled","adv-header-id-meta":"","stick-header-meta":"default","header-above-stick-meta":"","header-main-stick-meta":"","header-below-stick-meta":"","astra-migrate-meta-layouts":"set","ast-page-background-enabled":"default","ast-page-background-meta":{"desktop":{"background-color":"","background-image":"","background-repeat":"repeat","background-position":"center center","background-size":"auto","background-attachment":"scroll","background-type":"","background-media":"","overlay-type":"","overlay-color":"","overlay-opacity":"","overlay-gradient":""},"tablet":{"background-color":"","background-image":"","background-repeat":"repeat","background-position":"center center","background-size":"auto","background-attachment":"scroll","background-type":"","background-media":"","overlay-type":"","overlay-color":"","overlay-opacity":"","overlay-gradient":""},"mobile":{"background-color":"","background-image":"","background-repeat":"repeat","background-position":"center center","background-size":"auto","background-attachment":"scroll","background-type":"","background-media":"","overlay-type":"","overlay-color":"","overlay-opacity":"","overlay-gradient":""}},"ast-content-background-meta":{"desktop":{"background-color":"var(--ast-global-color-5)","background-image":"","background-repeat":"repeat","background-position":"center center","background-size":"auto","background-attachment":"scroll","background-type":"","background-media":"","overlay-type":"","overlay-color":"","overlay-opacity":"","overlay-gradient":""},"tablet":{"background-color":"var(--ast-global-color-5)","background-image":"","background-repeat":"repeat","background-position":"center center","background-size":"auto","background-attachment":"scroll","background-type":"","background-media":"","overlay-type":"","overlay-color":"","overlay-opacity":"","overlay-gradient":""},"mobile":{"background-color":"var(--ast-global-color-5)","background-image":"","background-repeat":"repeat","background-position":"center center","background-size":"auto","background-attachment":"scroll","background-type":"","background-media":"","overlay-type":"","overlay-color":"","overlay-opacity":"","overlay-gradient":""}},"footnotes":""},"tags":[],"class_list":["post-14675","page","type-page","status-publish","hentry"],"yoast_head":"<!-- This site is optimized with the Yoast SEO plugin v27.2 - https:\/\/yoast.com\/product\/yoast-seo-wordpress\/ -->\n<title>Boka konsultation by TA | Av tr\u00e4nare f\u00f6r tr\u00e4nare<\/title>\n<meta name=\"description\" content=\"Sveriges st\u00f6rsta kunskaps- och n\u00e4tverksevent f\u00f6r tr\u00e4nare. Ta del av kunskaper fritt fr\u00e5n Sveriges ledande tr\u00e4nare och experter\" \/>\n<meta name=\"robots\" content=\"index, follow, max-snippet:-1, max-image-preview:large, max-video-preview:-1\" \/>\n<link rel=\"canonical\" href=\"https:\/\/tranarakademin.se\/en\/boka-konsultation\/\" \/>\n<meta property=\"og:locale\" content=\"en_GB\" \/>\n<meta property=\"og:type\" content=\"article\" \/>\n<meta property=\"og:title\" content=\"Boka konsultation by TA | Av tr\u00e4nare f\u00f6r tr\u00e4nare\" \/>\n<meta property=\"og:description\" content=\"Sveriges st\u00f6rsta kunskaps- och n\u00e4tverksevent f\u00f6r tr\u00e4nare. Ta del av kunskaper fritt fr\u00e5n Sveriges ledande tr\u00e4nare och experter\" \/>\n<meta property=\"og:url\" content=\"https:\/\/tranarakademin.se\/en\/boka-konsultation\/\" \/>\n<meta property=\"og:site_name\" content=\"Tr\u00e4narakademin\" \/>\n<meta property=\"article:modified_time\" content=\"2025-12-16T10:24:13+00:00\" \/>\n<meta property=\"og:image\" content=\"https:\/\/tranarakademin.se\/wp-content\/uploads\/2023\/03\/TA-webinar.png\" \/>\n<meta name=\"twitter:card\" content=\"summary_large_image\" \/>\n<meta name=\"twitter:label1\" content=\"Est. reading time\" \/>\n\t<meta name=\"twitter:data1\" content=\"2 minutes\" \/>\n<script type=\"application\/ld+json\" class=\"yoast-schema-graph\">{\"@context\":\"https:\/\/schema.org\",\"@graph\":[{\"@type\":\"WebPage\",\"@id\":\"https:\/\/tranarakademin.se\/boka-konsultation\/\",\"url\":\"https:\/\/tranarakademin.se\/boka-konsultation\/\",\"name\":\"Boka konsultation by TA | Av tr\u00e4nare f\u00f6r tr\u00e4nare\",\"isPartOf\":{\"@id\":\"https:\/\/tranarakademin.se\/#website\"},\"primaryImageOfPage\":{\"@id\":\"https:\/\/tranarakademin.se\/boka-konsultation\/#primaryimage\"},\"image\":{\"@id\":\"https:\/\/tranarakademin.se\/boka-konsultation\/#primaryimage\"},\"thumbnailUrl\":\"https:\/\/tranarakademin.se\/wp-content\/uploads\/2023\/03\/TA-webinar.png\",\"datePublished\":\"2025-12-16T10:16:19+00:00\",\"dateModified\":\"2025-12-16T10:24:13+00:00\",\"description\":\"Sveriges st\u00f6rsta kunskaps- och n\u00e4tverksevent f\u00f6r tr\u00e4nare. Ta del av kunskaper fritt fr\u00e5n Sveriges ledande tr\u00e4nare och experter\",\"breadcrumb\":{\"@id\":\"https:\/\/tranarakademin.se\/boka-konsultation\/#breadcrumb\"},\"inLanguage\":\"en-GB\",\"potentialAction\":[{\"@type\":\"ReadAction\",\"target\":[\"https:\/\/tranarakademin.se\/boka-konsultation\/\"]}]},{\"@type\":\"ImageObject\",\"inLanguage\":\"en-GB\",\"@id\":\"https:\/\/tranarakademin.se\/boka-konsultation\/#primaryimage\",\"url\":\"https:\/\/tranarakademin.se\/wp-content\/uploads\/2023\/03\/TA-webinar.png\",\"contentUrl\":\"https:\/\/tranarakademin.se\/wp-content\/uploads\/2023\/03\/TA-webinar.png\"},{\"@type\":\"BreadcrumbList\",\"@id\":\"https:\/\/tranarakademin.se\/boka-konsultation\/#breadcrumb\",\"itemListElement\":[{\"@type\":\"ListItem\",\"position\":1,\"name\":\"Hem\",\"item\":\"https:\/\/tranarakademin.se\/\"},{\"@type\":\"ListItem\",\"position\":2,\"name\":\"Boka konsultation\"}]},{\"@type\":\"WebSite\",\"@id\":\"https:\/\/tranarakademin.se\/#website\",\"url\":\"https:\/\/tranarakademin.se\/\",\"name\":\"Tr\u00e4narakademin\",\"description\":\"Framg\u00e5ng, Vetenskap och Gemenskap\",\"publisher\":{\"@id\":\"https:\/\/tranarakademin.se\/#organization\"},\"potentialAction\":[{\"@type\":\"SearchAction\",\"target\":{\"@type\":\"EntryPoint\",\"urlTemplate\":\"https:\/\/tranarakademin.se\/?s={search_term_string}\"},\"query-input\":{\"@type\":\"PropertyValueSpecification\",\"valueRequired\":true,\"valueName\":\"search_term_string\"}}],\"inLanguage\":\"en-GB\"},{\"@type\":\"Organization\",\"@id\":\"https:\/\/tranarakademin.se\/#organization\",\"name\":\"Tr\u00e4narakademin\",\"url\":\"https:\/\/tranarakademin.se\/\",\"logo\":{\"@type\":\"ImageObject\",\"inLanguage\":\"en-GB\",\"@id\":\"https:\/\/tranarakademin.se\/#\/schema\/logo\/image\/\",\"url\":\"https:\/\/tranarakademin.se\/wp-content\/uploads\/2020\/04\/Logotyp-TA_Vertical-small-Blue.png\",\"contentUrl\":\"https:\/\/tranarakademin.se\/wp-content\/uploads\/2020\/04\/Logotyp-TA_Vertical-small-Blue.png\",\"width\":798,\"height\":464,\"caption\":\"Tr\u00e4narakademin\"},\"image\":{\"@id\":\"https:\/\/tranarakademin.se\/#\/schema\/logo\/image\/\"}}]}<\/script>\n<!-- \/ Yoast SEO plugin. -->","yoast_head_json":{"title":"Boka konsultation by TA | Av tr\u00e4nare f\u00f6r tr\u00e4nare","description":"Sveriges st\u00f6rsta kunskaps- och n\u00e4tverksevent f\u00f6r tr\u00e4nare. Ta del av kunskaper fritt fr\u00e5n Sveriges ledande tr\u00e4nare och experter","robots":{"index":"index","follow":"follow","max-snippet":"max-snippet:-1","max-image-preview":"max-image-preview:large","max-video-preview":"max-video-preview:-1"},"canonical":"https:\/\/tranarakademin.se\/en\/boka-konsultation\/","og_locale":"en_GB","og_type":"article","og_title":"Boka konsultation by TA | Av tr\u00e4nare f\u00f6r tr\u00e4nare","og_description":"Sveriges st\u00f6rsta kunskaps- och n\u00e4tverksevent f\u00f6r tr\u00e4nare. Ta del av kunskaper fritt fr\u00e5n Sveriges ledande tr\u00e4nare och experter","og_url":"https:\/\/tranarakademin.se\/en\/boka-konsultation\/","og_site_name":"Tr\u00e4narakademin","article_modified_time":"2025-12-16T10:24:13+00:00","og_image":[{"url":"https:\/\/tranarakademin.se\/wp-content\/uploads\/2023\/03\/TA-webinar.png","type":"","width":"","height":""}],"twitter_card":"summary_large_image","twitter_misc":{"Est. reading time":"2 minutes"},"schema":{"@context":"https:\/\/schema.org","@graph":[{"@type":"WebPage","@id":"https:\/\/tranarakademin.se\/boka-konsultation\/","url":"https:\/\/tranarakademin.se\/boka-konsultation\/","name":"Boka konsultation by TA | Av tr\u00e4nare f\u00f6r tr\u00e4nare","isPartOf":{"@id":"https:\/\/tranarakademin.se\/#website"},"primaryImageOfPage":{"@id":"https:\/\/tranarakademin.se\/boka-konsultation\/#primaryimage"},"image":{"@id":"https:\/\/tranarakademin.se\/boka-konsultation\/#primaryimage"},"thumbnailUrl":"https:\/\/tranarakademin.se\/wp-content\/uploads\/2023\/03\/TA-webinar.png","datePublished":"2025-12-16T10:16:19+00:00","dateModified":"2025-12-16T10:24:13+00:00","description":"Sveriges st\u00f6rsta kunskaps- och n\u00e4tverksevent f\u00f6r tr\u00e4nare. Ta del av kunskaper fritt fr\u00e5n Sveriges ledande tr\u00e4nare och experter","breadcrumb":{"@id":"https:\/\/tranarakademin.se\/boka-konsultation\/#breadcrumb"},"inLanguage":"en-GB","potentialAction":[{"@type":"ReadAction","target":["https:\/\/tranarakademin.se\/boka-konsultation\/"]}]},{"@type":"ImageObject","inLanguage":"en-GB","@id":"https:\/\/tranarakademin.se\/boka-konsultation\/#primaryimage","url":"https:\/\/tranarakademin.se\/wp-content\/uploads\/2023\/03\/TA-webinar.png","contentUrl":"https:\/\/tranarakademin.se\/wp-content\/uploads\/2023\/03\/TA-webinar.png"},{"@type":"BreadcrumbList","@id":"https:\/\/tranarakademin.se\/boka-konsultation\/#breadcrumb","itemListElement":[{"@type":"ListItem","position":1,"name":"Hem","item":"https:\/\/tranarakademin.se\/"},{"@type":"ListItem","position":2,"name":"Boka konsultation"}]},{"@type":"WebSite","@id":"https:\/\/tranarakademin.se\/#website","url":"https:\/\/tranarakademin.se\/","name":"Tr\u00e4narakademin","description":"Success, Science and Community","publisher":{"@id":"https:\/\/tranarakademin.se\/#organization"},"potentialAction":[{"@type":"SearchAction","target":{"@type":"EntryPoint","urlTemplate":"https:\/\/tranarakademin.se\/?s={search_term_string}"},"query-input":{"@type":"PropertyValueSpecification","valueRequired":true,"valueName":"search_term_string"}}],"inLanguage":"en-GB"},{"@type":"Organization","@id":"https:\/\/tranarakademin.se\/#organization","name":"Tr\u00e4narakademin","url":"https:\/\/tranarakademin.se\/","logo":{"@type":"ImageObject","inLanguage":"en-GB","@id":"https:\/\/tranarakademin.se\/#\/schema\/logo\/image\/","url":"https:\/\/tranarakademin.se\/wp-content\/uploads\/2020\/04\/Logotyp-TA_Vertical-small-Blue.png","contentUrl":"https:\/\/tranarakademin.se\/wp-content\/uploads\/2020\/04\/Logotyp-TA_Vertical-small-Blue.png","width":798,"height":464,"caption":"Tr\u00e4narakademin"},"image":{"@id":"https:\/\/tranarakademin.se\/#\/schema\/logo\/image\/"}}]}},"_links":{"self":[{"href":"https:\/\/tranarakademin.se\/en\/wp-json\/wp\/v2\/pages\/14675","targetHints":{"allow":["GET"]}}],"collection":[{"href":"https:\/\/tranarakademin.se\/en\/wp-json\/wp\/v2\/pages"}],"about":[{"href":"https:\/\/tranarakademin.se\/en\/wp-json\/wp\/v2\/types\/page"}],"author":[{"embeddable":true,"href":"https:\/\/tranarakademin.se\/en\/wp-json\/wp\/v2\/users\/1"}],"replies":[{"embeddable":true,"href":"https:\/\/tranarakademin.se\/en\/wp-json\/wp\/v2\/comments?post=14675"}],"version-history":[{"count":2,"href":"https:\/\/tranarakademin.se\/en\/wp-json\/wp\/v2\/pages\/14675\/revisions"}],"predecessor-version":[{"id":14679,"href":"https:\/\/tranarakademin.se\/en\/wp-json\/wp\/v2\/pages\/14675\/revisions\/14679"}],"wp:attachment":[{"href":"https:\/\/tranarakademin.se\/en\/wp-json\/wp\/v2\/media?parent=14675"}],"wp:term":[{"taxonomy":"post_tag","embeddable":true,"href":"https:\/\/tranarakademin.se\/en\/wp-json\/wp\/v2\/tags?post=14675"}],"curies":[{"name":"wp","href":"https:\/\/api.w.org\/{rel}","templated":true}]}}