{"id":14851,"date":"2026-02-11T11:47:04","date_gmt":"2026-02-11T11:47:04","guid":{"rendered":"https:\/\/tranarakademin.se\/?page_id=14851"},"modified":"2026-02-11T11:49:16","modified_gmt":"2026-02-11T11:49:16","slug":"test","status":"publish","type":"page","link":"https:\/\/tranarakademin.se\/en\/test\/","title":{"rendered":"test"},"content":{"rendered":"<!-- Effekter \/ V\u00e4rdet Section HTML -->\n<section id=\"effects\">\n  <!-- Bakgrundsm\u00f6nster -->\n    <!-- Header -->\n         The value\n      <h2>\n        Effects that strengthen both <br \/>\n        m\u00e4nniskor och organisation\n      <\/h2>\n      \n        When employees feel well, the company performs better. Here are the concrete benefits of the Training License.\n      \n    <!-- 3x2 Grid -->\n      <!-- Card 1: Sjukfr\u00e5nvaro -->\n          For the Organization\n        <h3>Reduced sick leave<\/h3>\n        <p>Healthier employees and increased attendance through preventive health initiatives.<\/p>\n      <!-- Card 2: Energi -->\n          For the Organization\n        <h3>More energy and focus<\/h3>\n        <p>Higher productivity in daily work life thanks to better sleep, nutrition and movement.<\/p>\n      <!-- Card 3: Kultur -->\n          For the Organization\n        <h3>Positive health culture<\/h3>\n        <p>A culture that strengthens engagement, responsibility and wellbeing across the whole team.<\/p>\n      <!-- Card 4: Kunskap -->\n          F\u00f6r Individen\n        <h3>Increased knowledge<\/h3>\n        <p>Greater confidence and self-assurance around training and health choices in everyday life.<\/p>\n      <!-- Card 5: Vanor -->\n          F\u00f6r Individen\n        <h3>H\u00e5llbara vanor<\/h3>\n        <p>Practical tools for creating routines that last over time, not just short-term.<\/p>\n      <!-- Card 6: Energi vardag -->\n          F\u00f6r Individen\n        <h3>Energy in everyday life<\/h3>\n        <p>More stamina and quality of life both during and after the working day.<\/p>\n    <!-- Result Summary Banner -->\n        \n          Resultatet: friskare medarbetare, starkare relationer och mer energi i organisationen.\n        \n<\/section>","protected":false},"excerpt":{"rendered":"<p>V\u00e4rdet Effekter som st\u00e4rker b\u00e5de m\u00e4nniskor och organisation N\u00e4r medarbetarna m\u00e5r bra, presterar f\u00f6retaget b\u00e4ttre. H\u00e4r \u00e4r de konkreta vinsterna med Tr\u00e4ningsk\u00f6rkortet. F\u00f6r Organisationen Minskad sjukfr\u00e5nvaro Friskare medarbetare och \u00f6kad n\u00e4rvaro genom f\u00f6rebyggande h\u00e4lsoinsatser. F\u00f6r Organisationen Mer energi och fokus H\u00f6gre produktivitet i arbetsvardagen tack vare b\u00e4ttre s\u00f6mn, kost och r\u00f6relse. F\u00f6r Organisationen Positiv h\u00e4lsokultur [&hellip;]<\/p>\n","protected":false},"author":1,"featured_media":0,"parent":0,"menu_order":0,"comment_status":"closed","ping_status":"closed","template":"","meta":{"site-sidebar-layout":"default","site-content-layout":"","ast-site-content-layout":"default","site-content-style":"default","site-sidebar-style":"default","ast-global-header-display":"","ast-banner-title-visibility":"","ast-main-header-display":"","ast-hfb-above-header-display":"","ast-hfb-below-header-display":"","ast-hfb-mobile-header-display":"","site-post-title":"","ast-breadcrumbs-content":"","ast-featured-img":"","footer-sml-layout":"","ast-disable-related-posts":"","theme-transparent-header-meta":"","adv-header-id-meta":"","stick-header-meta":"","header-above-stick-meta":"","header-main-stick-meta":"","header-below-stick-meta":"","astra-migrate-meta-layouts":"set","ast-page-background-enabled":"default","ast-page-background-meta":{"desktop":{"background-color":"","background-image":"","background-repeat":"repeat","background-position":"center center","background-size":"auto","background-attachment":"scroll","background-type":"","background-media":"","overlay-type":"","overlay-color":"","overlay-opacity":"","overlay-gradient":""},"tablet":{"background-color":"","background-image":"","background-repeat":"repeat","background-position":"center center","background-size":"auto","background-attachment":"scroll","background-type":"","background-media":"","overlay-type":"","overlay-color":"","overlay-opacity":"","overlay-gradient":""},"mobile":{"background-color":"","background-image":"","background-repeat":"repeat","background-position":"center center","background-size":"auto","background-attachment":"scroll","background-type":"","background-media":"","overlay-type":"","overlay-color":"","overlay-opacity":"","overlay-gradient":""}},"ast-content-background-meta":{"desktop":{"background-color":"var(--ast-global-color-5)","background-image":"","background-repeat":"repeat","background-position":"center center","background-size":"auto","background-attachment":"scroll","background-type":"","background-media":"","overlay-type":"","overlay-color":"","overlay-opacity":"","overlay-gradient":""},"tablet":{"background-color":"var(--ast-global-color-5)","background-image":"","background-repeat":"repeat","background-position":"center center","background-size":"auto","background-attachment":"scroll","background-type":"","background-media":"","overlay-type":"","overlay-color":"","overlay-opacity":"","overlay-gradient":""},"mobile":{"background-color":"var(--ast-global-color-5)","background-image":"","background-repeat":"repeat","background-position":"center center","background-size":"auto","background-attachment":"scroll","background-type":"","background-media":"","overlay-type":"","overlay-color":"","overlay-opacity":"","overlay-gradient":""}},"footnotes":""},"tags":[],"class_list":["post-14851","page","type-page","status-publish","hentry"],"yoast_head":"<!-- This site is optimized with the Yoast SEO plugin v27.2 - https:\/\/yoast.com\/product\/yoast-seo-wordpress\/ -->\n<title>test - Tr\u00e4narakademin<\/title>\n<meta name=\"robots\" content=\"index, follow, max-snippet:-1, max-image-preview:large, max-video-preview:-1\" \/>\n<link rel=\"canonical\" href=\"https:\/\/tranarakademin.se\/en\/test\/\" \/>\n<meta property=\"og:locale\" content=\"en_GB\" \/>\n<meta property=\"og:type\" content=\"article\" \/>\n<meta property=\"og:title\" content=\"test - Tr\u00e4narakademin\" \/>\n<meta property=\"og:description\" content=\"V\u00e4rdet Effekter som st\u00e4rker b\u00e5de m\u00e4nniskor och organisation N\u00e4r medarbetarna m\u00e5r bra, presterar f\u00f6retaget b\u00e4ttre. H\u00e4r \u00e4r de konkreta vinsterna med Tr\u00e4ningsk\u00f6rkortet. F\u00f6r Organisationen Minskad sjukfr\u00e5nvaro Friskare medarbetare och \u00f6kad n\u00e4rvaro genom f\u00f6rebyggande h\u00e4lsoinsatser. F\u00f6r Organisationen Mer energi och fokus H\u00f6gre produktivitet i arbetsvardagen tack vare b\u00e4ttre s\u00f6mn, kost och r\u00f6relse. F\u00f6r Organisationen Positiv h\u00e4lsokultur [&hellip;]\" \/>\n<meta property=\"og:url\" content=\"https:\/\/tranarakademin.se\/en\/test\/\" \/>\n<meta property=\"og:site_name\" content=\"Tr\u00e4narakademin\" \/>\n<meta property=\"article:modified_time\" content=\"2026-02-11T11:49:16+00:00\" \/>\n<meta name=\"twitter:card\" content=\"summary_large_image\" \/>\n<script type=\"application\/ld+json\" class=\"yoast-schema-graph\">{\"@context\":\"https:\/\/schema.org\",\"@graph\":[{\"@type\":\"WebPage\",\"@id\":\"https:\/\/tranarakademin.se\/test\/\",\"url\":\"https:\/\/tranarakademin.se\/test\/\",\"name\":\"test - Tr\u00e4narakademin\",\"isPartOf\":{\"@id\":\"https:\/\/tranarakademin.se\/#website\"},\"datePublished\":\"2026-02-11T11:47:04+00:00\",\"dateModified\":\"2026-02-11T11:49:16+00:00\",\"breadcrumb\":{\"@id\":\"https:\/\/tranarakademin.se\/test\/#breadcrumb\"},\"inLanguage\":\"en-GB\",\"potentialAction\":[{\"@type\":\"ReadAction\",\"target\":[\"https:\/\/tranarakademin.se\/test\/\"]}]},{\"@type\":\"BreadcrumbList\",\"@id\":\"https:\/\/tranarakademin.se\/test\/#breadcrumb\",\"itemListElement\":[{\"@type\":\"ListItem\",\"position\":1,\"name\":\"Hem\",\"item\":\"https:\/\/tranarakademin.se\/\"},{\"@type\":\"ListItem\",\"position\":2,\"name\":\"test\"}]},{\"@type\":\"WebSite\",\"@id\":\"https:\/\/tranarakademin.se\/#website\",\"url\":\"https:\/\/tranarakademin.se\/\",\"name\":\"Tr\u00e4narakademin\",\"description\":\"Framg\u00e5ng, Vetenskap och Gemenskap\",\"publisher\":{\"@id\":\"https:\/\/tranarakademin.se\/#organization\"},\"potentialAction\":[{\"@type\":\"SearchAction\",\"target\":{\"@type\":\"EntryPoint\",\"urlTemplate\":\"https:\/\/tranarakademin.se\/?s={search_term_string}\"},\"query-input\":{\"@type\":\"PropertyValueSpecification\",\"valueRequired\":true,\"valueName\":\"search_term_string\"}}],\"inLanguage\":\"en-GB\"},{\"@type\":\"Organization\",\"@id\":\"https:\/\/tranarakademin.se\/#organization\",\"name\":\"Tr\u00e4narakademin\",\"url\":\"https:\/\/tranarakademin.se\/\",\"logo\":{\"@type\":\"ImageObject\",\"inLanguage\":\"en-GB\",\"@id\":\"https:\/\/tranarakademin.se\/#\/schema\/logo\/image\/\",\"url\":\"https:\/\/tranarakademin.se\/wp-content\/uploads\/2020\/04\/Logotyp-TA_Vertical-small-Blue.png\",\"contentUrl\":\"https:\/\/tranarakademin.se\/wp-content\/uploads\/2020\/04\/Logotyp-TA_Vertical-small-Blue.png\",\"width\":798,\"height\":464,\"caption\":\"Tr\u00e4narakademin\"},\"image\":{\"@id\":\"https:\/\/tranarakademin.se\/#\/schema\/logo\/image\/\"}}]}<\/script>\n<!-- \/ Yoast SEO plugin. -->","yoast_head_json":{"title":"test - Tr\u00e4narakademin","robots":{"index":"index","follow":"follow","max-snippet":"max-snippet:-1","max-image-preview":"max-image-preview:large","max-video-preview":"max-video-preview:-1"},"canonical":"https:\/\/tranarakademin.se\/en\/test\/","og_locale":"en_GB","og_type":"article","og_title":"test - Tr\u00e4narakademin","og_description":"V\u00e4rdet Effekter som st\u00e4rker b\u00e5de m\u00e4nniskor och organisation N\u00e4r medarbetarna m\u00e5r bra, presterar f\u00f6retaget b\u00e4ttre. H\u00e4r \u00e4r de konkreta vinsterna med Tr\u00e4ningsk\u00f6rkortet. F\u00f6r Organisationen Minskad sjukfr\u00e5nvaro Friskare medarbetare och \u00f6kad n\u00e4rvaro genom f\u00f6rebyggande h\u00e4lsoinsatser. F\u00f6r Organisationen Mer energi och fokus H\u00f6gre produktivitet i arbetsvardagen tack vare b\u00e4ttre s\u00f6mn, kost och r\u00f6relse. F\u00f6r Organisationen Positiv h\u00e4lsokultur [&hellip;]","og_url":"https:\/\/tranarakademin.se\/en\/test\/","og_site_name":"Tr\u00e4narakademin","article_modified_time":"2026-02-11T11:49:16+00:00","twitter_card":"summary_large_image","schema":{"@context":"https:\/\/schema.org","@graph":[{"@type":"WebPage","@id":"https:\/\/tranarakademin.se\/test\/","url":"https:\/\/tranarakademin.se\/test\/","name":"test - Tr\u00e4narakademin","isPartOf":{"@id":"https:\/\/tranarakademin.se\/#website"},"datePublished":"2026-02-11T11:47:04+00:00","dateModified":"2026-02-11T11:49:16+00:00","breadcrumb":{"@id":"https:\/\/tranarakademin.se\/test\/#breadcrumb"},"inLanguage":"en-GB","potentialAction":[{"@type":"ReadAction","target":["https:\/\/tranarakademin.se\/test\/"]}]},{"@type":"BreadcrumbList","@id":"https:\/\/tranarakademin.se\/test\/#breadcrumb","itemListElement":[{"@type":"ListItem","position":1,"name":"Hem","item":"https:\/\/tranarakademin.se\/"},{"@type":"ListItem","position":2,"name":"test"}]},{"@type":"WebSite","@id":"https:\/\/tranarakademin.se\/#website","url":"https:\/\/tranarakademin.se\/","name":"Tr\u00e4narakademin","description":"Success, Science and Community","publisher":{"@id":"https:\/\/tranarakademin.se\/#organization"},"potentialAction":[{"@type":"SearchAction","target":{"@type":"EntryPoint","urlTemplate":"https:\/\/tranarakademin.se\/?s={search_term_string}"},"query-input":{"@type":"PropertyValueSpecification","valueRequired":true,"valueName":"search_term_string"}}],"inLanguage":"en-GB"},{"@type":"Organization","@id":"https:\/\/tranarakademin.se\/#organization","name":"Tr\u00e4narakademin","url":"https:\/\/tranarakademin.se\/","logo":{"@type":"ImageObject","inLanguage":"en-GB","@id":"https:\/\/tranarakademin.se\/#\/schema\/logo\/image\/","url":"https:\/\/tranarakademin.se\/wp-content\/uploads\/2020\/04\/Logotyp-TA_Vertical-small-Blue.png","contentUrl":"https:\/\/tranarakademin.se\/wp-content\/uploads\/2020\/04\/Logotyp-TA_Vertical-small-Blue.png","width":798,"height":464,"caption":"Tr\u00e4narakademin"},"image":{"@id":"https:\/\/tranarakademin.se\/#\/schema\/logo\/image\/"}}]}},"_links":{"self":[{"href":"https:\/\/tranarakademin.se\/en\/wp-json\/wp\/v2\/pages\/14851","targetHints":{"allow":["GET"]}}],"collection":[{"href":"https:\/\/tranarakademin.se\/en\/wp-json\/wp\/v2\/pages"}],"about":[{"href":"https:\/\/tranarakademin.se\/en\/wp-json\/wp\/v2\/types\/page"}],"author":[{"embeddable":true,"href":"https:\/\/tranarakademin.se\/en\/wp-json\/wp\/v2\/users\/1"}],"replies":[{"embeddable":true,"href":"https:\/\/tranarakademin.se\/en\/wp-json\/wp\/v2\/comments?post=14851"}],"version-history":[{"count":3,"href":"https:\/\/tranarakademin.se\/en\/wp-json\/wp\/v2\/pages\/14851\/revisions"}],"predecessor-version":[{"id":14855,"href":"https:\/\/tranarakademin.se\/en\/wp-json\/wp\/v2\/pages\/14851\/revisions\/14855"}],"wp:attachment":[{"href":"https:\/\/tranarakademin.se\/en\/wp-json\/wp\/v2\/media?parent=14851"}],"wp:term":[{"taxonomy":"post_tag","embeddable":true,"href":"https:\/\/tranarakademin.se\/en\/wp-json\/wp\/v2\/tags?post=14851"}],"curies":[{"name":"wp","href":"https:\/\/api.w.org\/{rel}","templated":true}]}}