{"id":9301,"date":"2020-07-17T11:56:09","date_gmt":"2020-07-17T11:56:09","guid":{"rendered":"https:\/\/tranarakademin.se\/?page_id=9301"},"modified":"2020-07-22T10:36:56","modified_gmt":"2020-07-22T10:36:56","slug":"pt-quiz","status":"publish","type":"page","link":"https:\/\/tranarakademin.se\/en\/pt-quiz\/","title":{"rendered":"PT-Quiz"},"content":{"rendered":"<h2>\n\t\tPassar du som PT?\n\t<\/h2>\n\t<h4>G\u00f6r v\u00e5rt PT-test och ta reda p\u00e5 om PT-yrket \u00e4r n\u00e5got f\u00f6r dig. Svara p\u00e5 nio stycken fr\u00e5gor och f\u00e5 ditt svar direkt.<\/h4>\n\t<div class=\"tve_flt\" id=\"tve_editor\">\n\t\t\t<div class=\"tqb-shortcode-wrapper\" id=\"tqb-shortcode-wrapper-9297-tqb-69f49db20ac34\" data-quiz-id=\"9297\" data-unique=\"tqb-69f49db20ac34\" >\n\t\t\t\t<div class=\"tqb-loading-overlay tqb-template-overlay-style-0\">\n\t\t\t\t\t<div class=\"tqb-loading-bullets\"><\/div>\n\t\t\t\t<\/div>\n\t\t\t\t<div class=\"tqb-frontend-error-message\"><\/div>\n\t\t\t\t<div class=\"tqb-shortcode-old-content\"><\/div>\n\t\t\t\t<div class=\"tqb-shortcode-new-content tqb-template-style-0\"><\/div>\n\t\t\t<\/div><\/div>\n\t<iframe src=\"https:\/\/widget.reco.se\/v2\/widget\/1645877?mode=HORIZONTAL_QUOTE\" width=\"100%\" height=\"225\" scrolling=\"no\" data-reactroot=\"\"><\/iframe>","protected":false},"excerpt":{"rendered":"<p>Passar du som PT? G\u00f6r v\u00e5rt PT-test och ta reda p\u00e5 om PT-yrket \u00e4r n\u00e5got f\u00f6r dig. Svara p\u00e5 nio stycken fr\u00e5gor och f\u00e5 ditt svar direkt.<\/p>","protected":false},"author":1,"featured_media":0,"parent":0,"menu_order":0,"comment_status":"closed","ping_status":"closed","template":"","meta":{"site-sidebar-layout":"default","site-content-layout":"default","ast-site-content-layout":"default","site-content-style":"default","site-sidebar-style":"default","ast-global-header-display":"","ast-banner-title-visibility":"","ast-main-header-display":"","ast-hfb-above-header-display":"","ast-hfb-below-header-display":"","ast-hfb-mobile-header-display":"","site-post-title":"disabled","ast-breadcrumbs-content":"","ast-featured-img":"","footer-sml-layout":"","ast-disable-related-posts":"","theme-transparent-header-meta":"disabled","adv-header-id-meta":"","stick-header-meta":"default","header-above-stick-meta":"","header-main-stick-meta":"","header-below-stick-meta":"","astra-migrate-meta-layouts":"default","ast-page-background-enabled":"default","ast-page-background-meta":{"desktop":{"background-color":"","background-image":"","background-repeat":"repeat","background-position":"center center","background-size":"auto","background-attachment":"scroll","background-type":"","background-media":"","overlay-type":"","overlay-color":"","overlay-opacity":"","overlay-gradient":""},"tablet":{"background-color":"","background-image":"","background-repeat":"repeat","background-position":"center center","background-size":"auto","background-attachment":"scroll","background-type":"","background-media":"","overlay-type":"","overlay-color":"","overlay-opacity":"","overlay-gradient":""},"mobile":{"background-color":"","background-image":"","background-repeat":"repeat","background-position":"center center","background-size":"auto","background-attachment":"scroll","background-type":"","background-media":"","overlay-type":"","overlay-color":"","overlay-opacity":"","overlay-gradient":""}},"ast-content-background-meta":{"desktop":{"background-color":"var(--ast-global-color-5)","background-image":"","background-repeat":"repeat","background-position":"center center","background-size":"auto","background-attachment":"scroll","background-type":"","background-media":"","overlay-type":"","overlay-color":"","overlay-opacity":"","overlay-gradient":""},"tablet":{"background-color":"var(--ast-global-color-5)","background-image":"","background-repeat":"repeat","background-position":"center center","background-size":"auto","background-attachment":"scroll","background-type":"","background-media":"","overlay-type":"","overlay-color":"","overlay-opacity":"","overlay-gradient":""},"mobile":{"background-color":"var(--ast-global-color-5)","background-image":"","background-repeat":"repeat","background-position":"center center","background-size":"auto","background-attachment":"scroll","background-type":"","background-media":"","overlay-type":"","overlay-color":"","overlay-opacity":"","overlay-gradient":""}},"footnotes":""},"tags":[],"class_list":["post-9301","page","type-page","status-publish","hentry"],"yoast_head":"<!-- This site is optimized with the Yoast SEO plugin v27.2 - https:\/\/yoast.com\/product\/yoast-seo-wordpress\/ -->\n<title>PT-Quiz - Tr\u00e4narakademin<\/title>\n<meta name=\"robots\" content=\"index, follow, max-snippet:-1, max-image-preview:large, max-video-preview:-1\" \/>\n<link rel=\"canonical\" href=\"https:\/\/tranarakademin.se\/en\/pt-quiz\/\" \/>\n<meta property=\"og:locale\" content=\"en_GB\" \/>\n<meta property=\"og:type\" content=\"article\" \/>\n<meta property=\"og:title\" content=\"PT-Quiz - Tr\u00e4narakademin\" \/>\n<meta property=\"og:description\" content=\"Passar du som PT? G\u00f6r v\u00e5rt PT-test och ta reda p\u00e5 om PT-yrket \u00e4r n\u00e5got f\u00f6r dig. Svara p\u00e5 nio stycken fr\u00e5gor och f\u00e5 ditt svar direkt.\" \/>\n<meta property=\"og:url\" content=\"https:\/\/tranarakademin.se\/en\/pt-quiz\/\" \/>\n<meta property=\"og:site_name\" content=\"Tr\u00e4narakademin\" \/>\n<meta property=\"article:modified_time\" content=\"2020-07-22T10:36:56+00:00\" \/>\n<meta name=\"twitter:card\" content=\"summary_large_image\" \/>\n<script type=\"application\/ld+json\" class=\"yoast-schema-graph\">{\"@context\":\"https:\/\/schema.org\",\"@graph\":[{\"@type\":\"WebPage\",\"@id\":\"https:\/\/tranarakademin.se\/pt-quiz\/\",\"url\":\"https:\/\/tranarakademin.se\/pt-quiz\/\",\"name\":\"PT-Quiz - Tr\u00e4narakademin\",\"isPartOf\":{\"@id\":\"https:\/\/tranarakademin.se\/#website\"},\"datePublished\":\"2020-07-17T11:56:09+00:00\",\"dateModified\":\"2020-07-22T10:36:56+00:00\",\"breadcrumb\":{\"@id\":\"https:\/\/tranarakademin.se\/pt-quiz\/#breadcrumb\"},\"inLanguage\":\"en-GB\",\"potentialAction\":[{\"@type\":\"ReadAction\",\"target\":[\"https:\/\/tranarakademin.se\/pt-quiz\/\"]}]},{\"@type\":\"BreadcrumbList\",\"@id\":\"https:\/\/tranarakademin.se\/pt-quiz\/#breadcrumb\",\"itemListElement\":[{\"@type\":\"ListItem\",\"position\":1,\"name\":\"Hem\",\"item\":\"https:\/\/tranarakademin.se\/\"},{\"@type\":\"ListItem\",\"position\":2,\"name\":\"PT-Quiz\"}]},{\"@type\":\"WebSite\",\"@id\":\"https:\/\/tranarakademin.se\/#website\",\"url\":\"https:\/\/tranarakademin.se\/\",\"name\":\"Tr\u00e4narakademin\",\"description\":\"Framg\u00e5ng, Vetenskap och Gemenskap\",\"publisher\":{\"@id\":\"https:\/\/tranarakademin.se\/#organization\"},\"potentialAction\":[{\"@type\":\"SearchAction\",\"target\":{\"@type\":\"EntryPoint\",\"urlTemplate\":\"https:\/\/tranarakademin.se\/?s={search_term_string}\"},\"query-input\":{\"@type\":\"PropertyValueSpecification\",\"valueRequired\":true,\"valueName\":\"search_term_string\"}}],\"inLanguage\":\"en-GB\"},{\"@type\":\"Organization\",\"@id\":\"https:\/\/tranarakademin.se\/#organization\",\"name\":\"Tr\u00e4narakademin\",\"url\":\"https:\/\/tranarakademin.se\/\",\"logo\":{\"@type\":\"ImageObject\",\"inLanguage\":\"en-GB\",\"@id\":\"https:\/\/tranarakademin.se\/#\/schema\/logo\/image\/\",\"url\":\"https:\/\/tranarakademin.se\/wp-content\/uploads\/2020\/04\/Logotyp-TA_Vertical-small-Blue.png\",\"contentUrl\":\"https:\/\/tranarakademin.se\/wp-content\/uploads\/2020\/04\/Logotyp-TA_Vertical-small-Blue.png\",\"width\":798,\"height\":464,\"caption\":\"Tr\u00e4narakademin\"},\"image\":{\"@id\":\"https:\/\/tranarakademin.se\/#\/schema\/logo\/image\/\"}}]}<\/script>\n<!-- \/ Yoast SEO plugin. -->","yoast_head_json":{"title":"PT-Quiz - Tr\u00e4narakademin","robots":{"index":"index","follow":"follow","max-snippet":"max-snippet:-1","max-image-preview":"max-image-preview:large","max-video-preview":"max-video-preview:-1"},"canonical":"https:\/\/tranarakademin.se\/en\/pt-quiz\/","og_locale":"en_GB","og_type":"article","og_title":"PT-Quiz - Tr\u00e4narakademin","og_description":"Passar du som PT? G\u00f6r v\u00e5rt PT-test och ta reda p\u00e5 om PT-yrket \u00e4r n\u00e5got f\u00f6r dig. Svara p\u00e5 nio stycken fr\u00e5gor och f\u00e5 ditt svar direkt.","og_url":"https:\/\/tranarakademin.se\/en\/pt-quiz\/","og_site_name":"Tr\u00e4narakademin","article_modified_time":"2020-07-22T10:36:56+00:00","twitter_card":"summary_large_image","schema":{"@context":"https:\/\/schema.org","@graph":[{"@type":"WebPage","@id":"https:\/\/tranarakademin.se\/pt-quiz\/","url":"https:\/\/tranarakademin.se\/pt-quiz\/","name":"PT-Quiz - Tr\u00e4narakademin","isPartOf":{"@id":"https:\/\/tranarakademin.se\/#website"},"datePublished":"2020-07-17T11:56:09+00:00","dateModified":"2020-07-22T10:36:56+00:00","breadcrumb":{"@id":"https:\/\/tranarakademin.se\/pt-quiz\/#breadcrumb"},"inLanguage":"en-GB","potentialAction":[{"@type":"ReadAction","target":["https:\/\/tranarakademin.se\/pt-quiz\/"]}]},{"@type":"BreadcrumbList","@id":"https:\/\/tranarakademin.se\/pt-quiz\/#breadcrumb","itemListElement":[{"@type":"ListItem","position":1,"name":"Hem","item":"https:\/\/tranarakademin.se\/"},{"@type":"ListItem","position":2,"name":"PT-Quiz"}]},{"@type":"WebSite","@id":"https:\/\/tranarakademin.se\/#website","url":"https:\/\/tranarakademin.se\/","name":"Tr\u00e4narakademin","description":"Success, Science and Community","publisher":{"@id":"https:\/\/tranarakademin.se\/#organization"},"potentialAction":[{"@type":"SearchAction","target":{"@type":"EntryPoint","urlTemplate":"https:\/\/tranarakademin.se\/?s={search_term_string}"},"query-input":{"@type":"PropertyValueSpecification","valueRequired":true,"valueName":"search_term_string"}}],"inLanguage":"en-GB"},{"@type":"Organization","@id":"https:\/\/tranarakademin.se\/#organization","name":"Tr\u00e4narakademin","url":"https:\/\/tranarakademin.se\/","logo":{"@type":"ImageObject","inLanguage":"en-GB","@id":"https:\/\/tranarakademin.se\/#\/schema\/logo\/image\/","url":"https:\/\/tranarakademin.se\/wp-content\/uploads\/2020\/04\/Logotyp-TA_Vertical-small-Blue.png","contentUrl":"https:\/\/tranarakademin.se\/wp-content\/uploads\/2020\/04\/Logotyp-TA_Vertical-small-Blue.png","width":798,"height":464,"caption":"Tr\u00e4narakademin"},"image":{"@id":"https:\/\/tranarakademin.se\/#\/schema\/logo\/image\/"}}]}},"_links":{"self":[{"href":"https:\/\/tranarakademin.se\/en\/wp-json\/wp\/v2\/pages\/9301","targetHints":{"allow":["GET"]}}],"collection":[{"href":"https:\/\/tranarakademin.se\/en\/wp-json\/wp\/v2\/pages"}],"about":[{"href":"https:\/\/tranarakademin.se\/en\/wp-json\/wp\/v2\/types\/page"}],"author":[{"embeddable":true,"href":"https:\/\/tranarakademin.se\/en\/wp-json\/wp\/v2\/users\/1"}],"replies":[{"embeddable":true,"href":"https:\/\/tranarakademin.se\/en\/wp-json\/wp\/v2\/comments?post=9301"}],"version-history":[{"count":0,"href":"https:\/\/tranarakademin.se\/en\/wp-json\/wp\/v2\/pages\/9301\/revisions"}],"wp:attachment":[{"href":"https:\/\/tranarakademin.se\/en\/wp-json\/wp\/v2\/media?parent=9301"}],"wp:term":[{"taxonomy":"post_tag","embeddable":true,"href":"https:\/\/tranarakademin.se\/en\/wp-json\/wp\/v2\/tags?post=9301"}],"curies":[{"name":"wp","href":"https:\/\/api.w.org\/{rel}","templated":true}]}}