{"id":9303,"date":"2020-07-17T11:57:05","date_gmt":"2020-07-17T11:57:05","guid":{"rendered":"https:\/\/tranarakademin.se\/?page_id=9303"},"modified":"2020-07-22T10:46:53","modified_gmt":"2020-07-22T10:46:53","slug":"pt-quiz-a","status":"publish","type":"page","link":"https:\/\/tranarakademin.se\/en\/pt-quiz\/pt-quiz-a\/","title":{"rendered":"PT-quiz-a"},"content":{"rendered":"<h2>Grattis &#8211; din framtid som tr\u00e4nare ser ljus ut!<\/h2>\n<p>Du verkar vara som klippt och skuren f\u00f6r PT- och tr\u00e4naryrket\u00a0 &#8211; \u00f6dmjuk, driven och med en passion f\u00f6r r\u00f6relse och kunskap \ud83d\ude4c. Vem skulle inte vilja ha dig som coach?<\/p>\nOm du \u00e4r nyfiken p\u00e5 hur just din v\u00e4g till att bli PT eller tr\u00e4nare skulle kunna se ut \u00e4r du varmt v\u00e4lkommen att boka en f\u00f6ruts\u00e4ttningsl\u00f6s karri\u00e4rkonsultation med oss nedan via telefon eller video.\n\t<img decoding=\"async\" src=\"https:\/\/fast.wistia.com\/embed\/medias\/yecvofuath\/swatch\" alt=\"\" aria-hidden=\"true\" onload=\"this.parentNode.style.opacity=1;\" \/>\n\t\t\t<a href=\"\/en\/void(0);\/\" role=\"button\" target=\"_self\" rel=\"noopener noreferrer\">\n\t\t\t\t\t\t\t\t\t\t\t\t\t\t\t\t\t\t\t\t\t\tBOKA SAMTAL >>\n\t\t\t\t\t\t\t<\/a>\n\t\t\t<a href=\"https:\/\/tranarakademin.se\/en\/utbildning\/pt-utbildning\/\" role=\"button\" target=\"_self\" rel=\"noopener noreferrer\">\n\t\t\t\t\t\t\t\t\t\t\t\t\t\t\t\t\t\t\t\t\t\tL\u00c4S OM V\u00c5R UTBILDNING >>\n\t\t\t\t\t\t\t<\/a>\n\t<iframe src=\"https:\/\/widget.reco.se\/v2\/widget\/1645877?mode=HORIZONTAL_QUOTE\" width=\"100%\" height=\"225\" scrolling=\"no\" data-reactroot=\"\"><\/iframe>","protected":false},"excerpt":{"rendered":"<p>Grattis &#8211; din framtid som tr\u00e4nare ser ljus ut! Du verkar vara som klippt och skuren f\u00f6r PT- och tr\u00e4naryrket\u00a0 &#8211; \u00f6dmjuk, driven och med en passion f\u00f6r r\u00f6relse och kunskap \ud83d\ude4c. Vem skulle inte vilja ha dig som coach? Om du \u00e4r nyfiken p\u00e5 hur just din v\u00e4g till att bli PT eller tr\u00e4nare [&hellip;]<\/p>\n","protected":false},"author":1,"featured_media":0,"parent":9301,"menu_order":0,"comment_status":"closed","ping_status":"closed","template":"","meta":{"site-sidebar-layout":"default","site-content-layout":"default","ast-site-content-layout":"default","site-content-style":"default","site-sidebar-style":"default","ast-global-header-display":"","ast-banner-title-visibility":"","ast-main-header-display":"","ast-hfb-above-header-display":"","ast-hfb-below-header-display":"","ast-hfb-mobile-header-display":"","site-post-title":"disabled","ast-breadcrumbs-content":"","ast-featured-img":"","footer-sml-layout":"","ast-disable-related-posts":"","theme-transparent-header-meta":"disabled","adv-header-id-meta":"","stick-header-meta":"default","header-above-stick-meta":"","header-main-stick-meta":"","header-below-stick-meta":"","astra-migrate-meta-layouts":"default","ast-page-background-enabled":"default","ast-page-background-meta":{"desktop":{"background-color":"","background-image":"","background-repeat":"repeat","background-position":"center center","background-size":"auto","background-attachment":"scroll","background-type":"","background-media":"","overlay-type":"","overlay-color":"","overlay-opacity":"","overlay-gradient":""},"tablet":{"background-color":"","background-image":"","background-repeat":"repeat","background-position":"center center","background-size":"auto","background-attachment":"scroll","background-type":"","background-media":"","overlay-type":"","overlay-color":"","overlay-opacity":"","overlay-gradient":""},"mobile":{"background-color":"","background-image":"","background-repeat":"repeat","background-position":"center center","background-size":"auto","background-attachment":"scroll","background-type":"","background-media":"","overlay-type":"","overlay-color":"","overlay-opacity":"","overlay-gradient":""}},"ast-content-background-meta":{"desktop":{"background-color":"var(--ast-global-color-5)","background-image":"","background-repeat":"repeat","background-position":"center center","background-size":"auto","background-attachment":"scroll","background-type":"","background-media":"","overlay-type":"","overlay-color":"","overlay-opacity":"","overlay-gradient":""},"tablet":{"background-color":"var(--ast-global-color-5)","background-image":"","background-repeat":"repeat","background-position":"center center","background-size":"auto","background-attachment":"scroll","background-type":"","background-media":"","overlay-type":"","overlay-color":"","overlay-opacity":"","overlay-gradient":""},"mobile":{"background-color":"var(--ast-global-color-5)","background-image":"","background-repeat":"repeat","background-position":"center center","background-size":"auto","background-attachment":"scroll","background-type":"","background-media":"","overlay-type":"","overlay-color":"","overlay-opacity":"","overlay-gradient":""}},"footnotes":""},"tags":[],"class_list":["post-9303","page","type-page","status-publish","hentry"],"yoast_head":"<!-- This site is optimized with the Yoast SEO plugin v27.2 - https:\/\/yoast.com\/product\/yoast-seo-wordpress\/ -->\n<title>PT-quiz-a - Tr\u00e4narakademin<\/title>\n<meta name=\"robots\" content=\"index, follow, max-snippet:-1, max-image-preview:large, max-video-preview:-1\" \/>\n<link rel=\"canonical\" href=\"https:\/\/tranarakademin.se\/en\/pt-quiz\/pt-quiz-a\/\" \/>\n<meta property=\"og:locale\" content=\"en_GB\" \/>\n<meta property=\"og:type\" content=\"article\" \/>\n<meta property=\"og:title\" content=\"PT-quiz-a - Tr\u00e4narakademin\" \/>\n<meta property=\"og:description\" content=\"Grattis &#8211; din framtid som tr\u00e4nare ser ljus ut! Du verkar vara som klippt och skuren f\u00f6r PT- och tr\u00e4naryrket\u00a0 &#8211; \u00f6dmjuk, driven och med en passion f\u00f6r r\u00f6relse och kunskap \ud83d\ude4c. Vem skulle inte vilja ha dig som coach? Om du \u00e4r nyfiken p\u00e5 hur just din v\u00e4g till att bli PT eller tr\u00e4nare [&hellip;]\" \/>\n<meta property=\"og:url\" content=\"https:\/\/tranarakademin.se\/en\/pt-quiz\/pt-quiz-a\/\" \/>\n<meta property=\"og:site_name\" content=\"Tr\u00e4narakademin\" \/>\n<meta property=\"article:modified_time\" content=\"2020-07-22T10:46:53+00:00\" \/>\n<meta property=\"og:image\" content=\"https:\/\/fast.wistia.com\/embed\/medias\/yecvofuath\/swatch\" \/>\n<meta name=\"twitter:card\" content=\"summary_large_image\" \/>\n<script type=\"application\/ld+json\" class=\"yoast-schema-graph\">{\"@context\":\"https:\/\/schema.org\",\"@graph\":[{\"@type\":\"WebPage\",\"@id\":\"https:\/\/tranarakademin.se\/pt-quiz\/pt-quiz-a\/\",\"url\":\"https:\/\/tranarakademin.se\/pt-quiz\/pt-quiz-a\/\",\"name\":\"PT-quiz-a - Tr\u00e4narakademin\",\"isPartOf\":{\"@id\":\"https:\/\/tranarakademin.se\/#website\"},\"primaryImageOfPage\":{\"@id\":\"https:\/\/tranarakademin.se\/pt-quiz\/pt-quiz-a\/#primaryimage\"},\"image\":{\"@id\":\"https:\/\/tranarakademin.se\/pt-quiz\/pt-quiz-a\/#primaryimage\"},\"thumbnailUrl\":\"https:\/\/fast.wistia.com\/embed\/medias\/yecvofuath\/swatch\",\"datePublished\":\"2020-07-17T11:57:05+00:00\",\"dateModified\":\"2020-07-22T10:46:53+00:00\",\"breadcrumb\":{\"@id\":\"https:\/\/tranarakademin.se\/pt-quiz\/pt-quiz-a\/#breadcrumb\"},\"inLanguage\":\"en-GB\",\"potentialAction\":[{\"@type\":\"ReadAction\",\"target\":[\"https:\/\/tranarakademin.se\/pt-quiz\/pt-quiz-a\/\"]}]},{\"@type\":\"ImageObject\",\"inLanguage\":\"en-GB\",\"@id\":\"https:\/\/tranarakademin.se\/pt-quiz\/pt-quiz-a\/#primaryimage\",\"url\":\"https:\/\/fast.wistia.com\/embed\/medias\/yecvofuath\/swatch\",\"contentUrl\":\"https:\/\/fast.wistia.com\/embed\/medias\/yecvofuath\/swatch\"},{\"@type\":\"BreadcrumbList\",\"@id\":\"https:\/\/tranarakademin.se\/pt-quiz\/pt-quiz-a\/#breadcrumb\",\"itemListElement\":[{\"@type\":\"ListItem\",\"position\":1,\"name\":\"Hem\",\"item\":\"https:\/\/tranarakademin.se\/\"},{\"@type\":\"ListItem\",\"position\":2,\"name\":\"PT-Quiz\",\"item\":\"https:\/\/tranarakademin.se\/pt-quiz\/\"},{\"@type\":\"ListItem\",\"position\":3,\"name\":\"PT-quiz-a\"}]},{\"@type\":\"WebSite\",\"@id\":\"https:\/\/tranarakademin.se\/#website\",\"url\":\"https:\/\/tranarakademin.se\/\",\"name\":\"Tr\u00e4narakademin\",\"description\":\"Framg\u00e5ng, Vetenskap och Gemenskap\",\"publisher\":{\"@id\":\"https:\/\/tranarakademin.se\/#organization\"},\"potentialAction\":[{\"@type\":\"SearchAction\",\"target\":{\"@type\":\"EntryPoint\",\"urlTemplate\":\"https:\/\/tranarakademin.se\/?s={search_term_string}\"},\"query-input\":{\"@type\":\"PropertyValueSpecification\",\"valueRequired\":true,\"valueName\":\"search_term_string\"}}],\"inLanguage\":\"en-GB\"},{\"@type\":\"Organization\",\"@id\":\"https:\/\/tranarakademin.se\/#organization\",\"name\":\"Tr\u00e4narakademin\",\"url\":\"https:\/\/tranarakademin.se\/\",\"logo\":{\"@type\":\"ImageObject\",\"inLanguage\":\"en-GB\",\"@id\":\"https:\/\/tranarakademin.se\/#\/schema\/logo\/image\/\",\"url\":\"https:\/\/tranarakademin.se\/wp-content\/uploads\/2020\/04\/Logotyp-TA_Vertical-small-Blue.png\",\"contentUrl\":\"https:\/\/tranarakademin.se\/wp-content\/uploads\/2020\/04\/Logotyp-TA_Vertical-small-Blue.png\",\"width\":798,\"height\":464,\"caption\":\"Tr\u00e4narakademin\"},\"image\":{\"@id\":\"https:\/\/tranarakademin.se\/#\/schema\/logo\/image\/\"}}]}<\/script>\n<!-- \/ Yoast SEO plugin. -->","yoast_head_json":{"title":"PT-quiz-a - Tr\u00e4narakademin","robots":{"index":"index","follow":"follow","max-snippet":"max-snippet:-1","max-image-preview":"max-image-preview:large","max-video-preview":"max-video-preview:-1"},"canonical":"https:\/\/tranarakademin.se\/en\/pt-quiz\/pt-quiz-a\/","og_locale":"en_GB","og_type":"article","og_title":"PT-quiz-a - Tr\u00e4narakademin","og_description":"Grattis &#8211; din framtid som tr\u00e4nare ser ljus ut! Du verkar vara som klippt och skuren f\u00f6r PT- och tr\u00e4naryrket\u00a0 &#8211; \u00f6dmjuk, driven och med en passion f\u00f6r r\u00f6relse och kunskap \ud83d\ude4c. Vem skulle inte vilja ha dig som coach? Om du \u00e4r nyfiken p\u00e5 hur just din v\u00e4g till att bli PT eller tr\u00e4nare [&hellip;]","og_url":"https:\/\/tranarakademin.se\/en\/pt-quiz\/pt-quiz-a\/","og_site_name":"Tr\u00e4narakademin","article_modified_time":"2020-07-22T10:46:53+00:00","og_image":[{"url":"https:\/\/fast.wistia.com\/embed\/medias\/yecvofuath\/swatch","type":"","width":"","height":""}],"twitter_card":"summary_large_image","schema":{"@context":"https:\/\/schema.org","@graph":[{"@type":"WebPage","@id":"https:\/\/tranarakademin.se\/pt-quiz\/pt-quiz-a\/","url":"https:\/\/tranarakademin.se\/pt-quiz\/pt-quiz-a\/","name":"PT-quiz-a - Tr\u00e4narakademin","isPartOf":{"@id":"https:\/\/tranarakademin.se\/#website"},"primaryImageOfPage":{"@id":"https:\/\/tranarakademin.se\/pt-quiz\/pt-quiz-a\/#primaryimage"},"image":{"@id":"https:\/\/tranarakademin.se\/pt-quiz\/pt-quiz-a\/#primaryimage"},"thumbnailUrl":"https:\/\/fast.wistia.com\/embed\/medias\/yecvofuath\/swatch","datePublished":"2020-07-17T11:57:05+00:00","dateModified":"2020-07-22T10:46:53+00:00","breadcrumb":{"@id":"https:\/\/tranarakademin.se\/pt-quiz\/pt-quiz-a\/#breadcrumb"},"inLanguage":"en-GB","potentialAction":[{"@type":"ReadAction","target":["https:\/\/tranarakademin.se\/pt-quiz\/pt-quiz-a\/"]}]},{"@type":"ImageObject","inLanguage":"en-GB","@id":"https:\/\/tranarakademin.se\/pt-quiz\/pt-quiz-a\/#primaryimage","url":"https:\/\/fast.wistia.com\/embed\/medias\/yecvofuath\/swatch","contentUrl":"https:\/\/fast.wistia.com\/embed\/medias\/yecvofuath\/swatch"},{"@type":"BreadcrumbList","@id":"https:\/\/tranarakademin.se\/pt-quiz\/pt-quiz-a\/#breadcrumb","itemListElement":[{"@type":"ListItem","position":1,"name":"Hem","item":"https:\/\/tranarakademin.se\/"},{"@type":"ListItem","position":2,"name":"PT-Quiz","item":"https:\/\/tranarakademin.se\/pt-quiz\/"},{"@type":"ListItem","position":3,"name":"PT-quiz-a"}]},{"@type":"WebSite","@id":"https:\/\/tranarakademin.se\/#website","url":"https:\/\/tranarakademin.se\/","name":"Tr\u00e4narakademin","description":"Success, Science and Community","publisher":{"@id":"https:\/\/tranarakademin.se\/#organization"},"potentialAction":[{"@type":"SearchAction","target":{"@type":"EntryPoint","urlTemplate":"https:\/\/tranarakademin.se\/?s={search_term_string}"},"query-input":{"@type":"PropertyValueSpecification","valueRequired":true,"valueName":"search_term_string"}}],"inLanguage":"en-GB"},{"@type":"Organization","@id":"https:\/\/tranarakademin.se\/#organization","name":"Tr\u00e4narakademin","url":"https:\/\/tranarakademin.se\/","logo":{"@type":"ImageObject","inLanguage":"en-GB","@id":"https:\/\/tranarakademin.se\/#\/schema\/logo\/image\/","url":"https:\/\/tranarakademin.se\/wp-content\/uploads\/2020\/04\/Logotyp-TA_Vertical-small-Blue.png","contentUrl":"https:\/\/tranarakademin.se\/wp-content\/uploads\/2020\/04\/Logotyp-TA_Vertical-small-Blue.png","width":798,"height":464,"caption":"Tr\u00e4narakademin"},"image":{"@id":"https:\/\/tranarakademin.se\/#\/schema\/logo\/image\/"}}]}},"_links":{"self":[{"href":"https:\/\/tranarakademin.se\/en\/wp-json\/wp\/v2\/pages\/9303","targetHints":{"allow":["GET"]}}],"collection":[{"href":"https:\/\/tranarakademin.se\/en\/wp-json\/wp\/v2\/pages"}],"about":[{"href":"https:\/\/tranarakademin.se\/en\/wp-json\/wp\/v2\/types\/page"}],"author":[{"embeddable":true,"href":"https:\/\/tranarakademin.se\/en\/wp-json\/wp\/v2\/users\/1"}],"replies":[{"embeddable":true,"href":"https:\/\/tranarakademin.se\/en\/wp-json\/wp\/v2\/comments?post=9303"}],"version-history":[{"count":0,"href":"https:\/\/tranarakademin.se\/en\/wp-json\/wp\/v2\/pages\/9303\/revisions"}],"up":[{"embeddable":true,"href":"https:\/\/tranarakademin.se\/en\/wp-json\/wp\/v2\/pages\/9301"}],"wp:attachment":[{"href":"https:\/\/tranarakademin.se\/en\/wp-json\/wp\/v2\/media?parent=9303"}],"wp:term":[{"taxonomy":"post_tag","embeddable":true,"href":"https:\/\/tranarakademin.se\/en\/wp-json\/wp\/v2\/tags?post=9303"}],"curies":[{"name":"wp","href":"https:\/\/api.w.org\/{rel}","templated":true}]}}