{"id":9399,"date":"2020-09-25T19:15:04","date_gmt":"2020-09-25T19:15:04","guid":{"rendered":"https:\/\/tranarakademin.se\/?page_id=9399"},"modified":"2025-10-13T11:01:38","modified_gmt":"2025-10-13T11:01:38","slug":"praktik","status":"publish","type":"page","link":"https:\/\/tranarakademin.se\/en\/praktik\/","title":{"rendered":"Praktik"},"content":{"rendered":"<h1>\n\t\t\tBoka en gratis PT-timme med v\u00e5ra studenter\t<\/h1>\n<h4>\n\t\t\tL\u00f6rdagen den 15 november |\u00a0Bos\u00f6n Liding\u00f6\t<\/h4>\n\t\t\t<a href=\"#\" target=\"_self\">\n\t\t\t\t\t\t\tBOKA MIN PLATS >>\n\t\t\t\t\t<\/a>\n\t<p><strong> <u>OBS begr\u00e4nsat antal platser<\/u><\/strong><\/p>\n\t<p>Nu har du chansen att boka en <strong>kostnadsfri PT-session<\/strong> tillsammans med v\u00e5ra kompetenta PT-studenter!<\/p>\n<p>Under sessionen f\u00e5r du m\u00f6jlighet att utforska olika \u00f6vningar och ta del av <strong>v\u00e4rdefull v\u00e4gledning f\u00f6r att ta din tr\u00e4ning till n\u00e4sta niv\u00e5.<\/strong><\/p>\n<p>Tillf\u00e4llet \u00e4r \u00e4ven en gyllene chans f\u00f6r dig som \u00f6verv\u00e4ger en framtid inom PT- och tr\u00e4ningsbranschen. Du f\u00e5r n\u00e4mligen chansen att h\u00f6ra om utbildningen direkt fr\u00e5n de som vet b\u00e4st &#8211; v\u00e5ra studenter.<\/p>\n<p><strong>Oroa dig inte om du \u00e4r nyb\u00f6rjare eller redan har erfarenhet<\/strong>; PT-sessionen anpassas efter din individuella tr\u00e4ningserfarenhet och fysiska status f\u00f6r att ge dig den b\u00e4sta m\u00f6jliga upplevelsen.<\/p>\n<h2>\n\t\t\tVad PT-sessionen kommer att ge dig\t<\/h2>\n\t\t\t\t\t\t<h4>F\u00e5 r\u00e5d och tips hur du kan utvecklas<\/h4>\t\t\t\t\t\n\t\t\t<p>V\u00e5ra studenter hj\u00e4lper dig med f\u00f6rslag p\u00e5 tr\u00e4ningsuppl\u00e4gg och \u00f6vningar som passar dina f\u00f6ruts\u00e4ttningar och m\u00e5l<\/p>\t\t\n\t\t\t\t\t\t<h4>Bli motiverad att v\u00e4xla upp din tr\u00e4ning<\/h4>\t\t\t\t\t\n\t\t\t<p>F\u00e5 den push och pepp du beh\u00f6ver f\u00f6r att prioritera dig sj\u00e4lv och din egen h\u00e4lsa fr\u00e5n v\u00e5ra st\u00f6ttande studenter.<\/p>\t\t\n\t\t\t\t\t\t<h4>Hitta f\u00f6rb\u00e4ttringsm\u00f6jligheter<\/h4>\t\t\t\t\t\n\t\t\t<p>V\u00e5ra studenter hj\u00e4lper dig att identifiera f\u00f6rb\u00e4ttringsm\u00f6jligheter inom din tr\u00e4ning.<\/p>\t\t\n\t\t\t\t\t\t\t\t\t\t\t\t\t\t\t\t\t<a href=\"https:\/\/tranarakademin.se\/wp-content\/uploads\/2020\/04\/Ba\u030al.jpg\" target=\"_self\" data-caption=\"\" aria-label=\"\">\n\t\t\t\t\t\t<figure>\n\t\t\t\t\t\t\t<img decoding=\"async\" src=\"https:\/\/tranarakademin.se\/wp-content\/uploads\/2020\/04\/Ba\u030al.jpg\" alt=\"\" srcset=\"https:\/\/tranarakademin.se\/wp-content\/uploads\/2020\/04\/Ba\u030al.jpg 1000w, https:\/\/tranarakademin.se\/wp-content\/uploads\/2020\/04\/Ba\u030al-300x200.jpg 300w, https:\/\/tranarakademin.se\/wp-content\/uploads\/2020\/04\/Ba\u030al-600x400.jpg 600w\" width=\"1000\" height=\"667\" \/>\n\t\t\t\t\t\t\t\t\t\t\t\t\t<\/figure>\n\t\t\t\t\t\t\t\t\t\t<\/a>\n\t\t\t\t\t\t\t\t\t\t\t\t\t\t\t\t\t<a href=\"https:\/\/tranarakademin.se\/wp-content\/uploads\/2022\/09\/PT-student.jpg\" target=\"_self\" data-caption=\"\" aria-label=\"\">\n\t\t\t\t\t\t<figure>\n\t\t\t\t\t\t\t<img decoding=\"async\" src=\"https:\/\/tranarakademin.se\/wp-content\/uploads\/2022\/09\/PT-student.jpg\" alt=\"\" srcset=\"https:\/\/tranarakademin.se\/wp-content\/uploads\/2022\/09\/PT-student.jpg 800w, https:\/\/tranarakademin.se\/wp-content\/uploads\/2022\/09\/PT-student-300x200.jpg 300w, https:\/\/tranarakademin.se\/wp-content\/uploads\/2022\/09\/PT-student-600x400.jpg 600w\" width=\"800\" height=\"533\" \/>\n\t\t\t\t\t\t\t\t\t\t\t\t\t<\/figure>\n\t\t\t\t\t\t\t\t\t\t<\/a>\n\t\t\t\t\t\t\t\t\t\t\t\t\t\t\t\t\t<a href=\"https:\/\/tranarakademin.se\/wp-content\/uploads\/2020\/04\/PT-utbildning-pa\u030a-Boso\u0308n.jpg\" target=\"_self\" data-caption=\"\" aria-label=\"\">\n\t\t\t\t\t\t<figure>\n\t\t\t\t\t\t\t<img decoding=\"async\" src=\"https:\/\/tranarakademin.se\/wp-content\/uploads\/2020\/04\/PT-utbildning-pa\u030a-Boso\u0308n.jpg\" alt=\"Studenter som praktiserar under PT-utbildningen\" srcset=\"https:\/\/tranarakademin.se\/wp-content\/uploads\/2020\/04\/PT-utbildning-pa\u030a-Boso\u0308n-768x513.jpg 768w, https:\/\/tranarakademin.se\/wp-content\/uploads\/2020\/04\/PT-utbildning-pa\u030a-Boso\u0308n-300x200.jpg 300w, https:\/\/tranarakademin.se\/wp-content\/uploads\/2020\/04\/PT-utbildning-pa\u030a-Boso\u0308n-600x401.jpg 600w, https:\/\/tranarakademin.se\/wp-content\/uploads\/2020\/04\/PT-utbildning-pa\u030a-Boso\u0308n.jpg 800w\" width=\"800\" height=\"534\" \/>\n\t\t\t\t\t\t\t\t\t\t\t\t\t<\/figure>\n\t\t\t\t\t\t\t\t\t\t<\/a>\n\t\t\t\t\t\t\t\t\t\t\t\t\t\t\t\t\t<a href=\"https:\/\/tranarakademin.se\/wp-content\/uploads\/2020\/04\/lyft.jpg\" target=\"_self\" data-caption=\"\" aria-label=\"\">\n\t\t\t\t\t\t<figure>\n\t\t\t\t\t\t\t<img decoding=\"async\" src=\"https:\/\/tranarakademin.se\/wp-content\/uploads\/2020\/04\/lyft.jpg\" alt=\"\" srcset=\"https:\/\/tranarakademin.se\/wp-content\/uploads\/2020\/04\/lyft.jpg 1000w, https:\/\/tranarakademin.se\/wp-content\/uploads\/2020\/04\/lyft-300x200.jpg 300w, https:\/\/tranarakademin.se\/wp-content\/uploads\/2020\/04\/lyft-600x400.jpg 600w\" width=\"1000\" height=\"667\" \/>\n\t\t\t\t\t\t\t\t\t\t\t\t\t<\/figure>\n\t\t\t\t\t\t\t\t\t\t<\/a>\n\t\t\t\t\t\t\t\t\t\t\t\t\t\t\t\t\t<a href=\"https:\/\/tranarakademin.se\/wp-content\/uploads\/2022\/09\/PT-student-2.jpg\" target=\"_self\" data-caption=\"\" aria-label=\"\">\n\t\t\t\t\t\t<figure>\n\t\t\t\t\t\t\t<img decoding=\"async\" src=\"https:\/\/tranarakademin.se\/wp-content\/uploads\/2022\/09\/PT-student-2.jpg\" alt=\"\" srcset=\"https:\/\/tranarakademin.se\/wp-content\/uploads\/2022\/09\/PT-student-2.jpg 800w, https:\/\/tranarakademin.se\/wp-content\/uploads\/2022\/09\/PT-student-2-300x200.jpg 300w, https:\/\/tranarakademin.se\/wp-content\/uploads\/2022\/09\/PT-student-2-600x400.jpg 600w\" width=\"800\" height=\"533\" \/>\n\t\t\t\t\t\t\t\t\t\t\t\t\t<\/figure>\n\t\t\t\t\t\t\t\t\t\t<\/a>\n\t\t\t\t\t\t\t\t\t\t\t\t\t\t\t\t\t<a href=\"https:\/\/tranarakademin.se\/wp-content\/uploads\/2022\/09\/PT-studenter.jpg\" target=\"_self\" data-caption=\"\" aria-label=\"\">\n\t\t\t\t\t\t<figure>\n\t\t\t\t\t\t\t<img decoding=\"async\" src=\"https:\/\/tranarakademin.se\/wp-content\/uploads\/2022\/09\/PT-studenter.jpg\" alt=\"\" srcset=\"https:\/\/tranarakademin.se\/wp-content\/uploads\/2022\/09\/PT-studenter.jpg 800w, https:\/\/tranarakademin.se\/wp-content\/uploads\/2022\/09\/PT-studenter-300x200.jpg 300w, https:\/\/tranarakademin.se\/wp-content\/uploads\/2022\/09\/PT-studenter-600x401.jpg 600w\" width=\"800\" height=\"534\" \/>\n\t\t\t\t\t\t\t\t\t\t\t\t\t<\/figure>\n\t\t\t\t\t\t\t\t\t\t<\/a>\n\t\t\t\t\t\t\t\t\t\t\t\t\t\t\t\t\t<a href=\"https:\/\/tranarakademin.se\/wp-content\/uploads\/2020\/04\/dokumentation-boso\u0308n.jpg\" target=\"_self\" data-caption=\"\" aria-label=\"\">\n\t\t\t\t\t\t<figure>\n\t\t\t\t\t\t\t<img decoding=\"async\" src=\"https:\/\/tranarakademin.se\/wp-content\/uploads\/2020\/04\/dokumentation-boso\u0308n.jpg\" alt=\"L\u00e4rare som p\u00e5 avst\u00e5nd observera tv\u00e5 PT-studenter under PT-utbildningen.\" srcset=\"https:\/\/tranarakademin.se\/wp-content\/uploads\/2020\/04\/dokumentation-boso\u0308n.jpg 1000w, https:\/\/tranarakademin.se\/wp-content\/uploads\/2020\/04\/dokumentation-boso\u0308n-300x200.jpg 300w, https:\/\/tranarakademin.se\/wp-content\/uploads\/2020\/04\/dokumentation-boso\u0308n-600x400.jpg 600w\" width=\"1000\" height=\"667\" \/>\n\t\t\t\t\t\t\t\t\t\t\t\t\t<\/figure>\n\t\t\t\t\t\t\t\t\t\t<\/a>\n\t\t\t\t\t\t\t\t\t\t\t\t\t\t\t\t\t<a href=\"https:\/\/tranarakademin.se\/wp-content\/uploads\/2020\/04\/PT-studenter-examen.jpg\" target=\"_self\" data-caption=\"\" aria-label=\"\">\n\t\t\t\t\t\t<figure>\n\t\t\t\t\t\t\t<img decoding=\"async\" src=\"https:\/\/tranarakademin.se\/wp-content\/uploads\/2020\/04\/PT-studenter-examen.jpg\" alt=\"Gruppfoto p\u00e5 v\u00e5ra PT-studenter i framg\u00e5ngshallen efter deras examen\" srcset=\"https:\/\/tranarakademin.se\/wp-content\/uploads\/2020\/04\/PT-studenter-examen-768x513.jpg 768w, https:\/\/tranarakademin.se\/wp-content\/uploads\/2020\/04\/PT-studenter-examen-300x200.jpg 300w, https:\/\/tranarakademin.se\/wp-content\/uploads\/2020\/04\/PT-studenter-examen-600x401.jpg 600w, https:\/\/tranarakademin.se\/wp-content\/uploads\/2020\/04\/PT-studenter-examen.jpg 800w\" width=\"800\" height=\"534\" \/>\n\t\t\t\t\t\t\t\t\t\t\t\t\t<\/figure>\n\t\t\t\t\t\t\t\t\t\t<\/a>\n\t\t\t\t\t\t\t\t\t\t\t\t\t\t\t\t\t<a href=\"https:\/\/tranarakademin.se\/wp-content\/uploads\/2020\/04\/Boso\u0308n-kettlebell.jpg\" target=\"_self\" data-caption=\"\" aria-label=\"\">\n\t\t\t\t\t\t<figure>\n\t\t\t\t\t\t\t<img decoding=\"async\" src=\"https:\/\/tranarakademin.se\/wp-content\/uploads\/2020\/04\/Boso\u0308n-kettlebell.jpg\" alt=\"\" srcset=\"https:\/\/tranarakademin.se\/wp-content\/uploads\/2020\/04\/Boso\u0308n-kettlebell.jpg 1000w, https:\/\/tranarakademin.se\/wp-content\/uploads\/2020\/04\/Boso\u0308n-kettlebell-300x200.jpg 300w, https:\/\/tranarakademin.se\/wp-content\/uploads\/2020\/04\/Boso\u0308n-kettlebell-600x400.jpg 600w\" width=\"1000\" height=\"667\" \/>\n\t\t\t\t\t\t\t\t\t\t\t\t\t<\/figure>\n\t\t\t\t\t\t\t\t\t\t<\/a>\n\t\t\t\t\t\t\t\t\t\t\t\t\t\t\t\t\t<a href=\"https:\/\/tranarakademin.se\/wp-content\/uploads\/2020\/04\/Boso\u0308n-pratik.jpg\" target=\"_self\" data-caption=\"\" aria-label=\"\">\n\t\t\t\t\t\t<figure>\n\t\t\t\t\t\t\t<img decoding=\"async\" src=\"https:\/\/tranarakademin.se\/wp-content\/uploads\/2020\/04\/Boso\u0308n-pratik.jpg\" alt=\"\" srcset=\"https:\/\/tranarakademin.se\/wp-content\/uploads\/2020\/04\/Boso\u0308n-pratik.jpg 1000w, https:\/\/tranarakademin.se\/wp-content\/uploads\/2020\/04\/Boso\u0308n-pratik-300x200.jpg 300w, https:\/\/tranarakademin.se\/wp-content\/uploads\/2020\/04\/Boso\u0308n-pratik-600x400.jpg 600w\" width=\"1000\" height=\"667\" \/>\n\t\t\t\t\t\t\t\t\t\t\t\t\t<\/figure>\n\t\t\t\t\t\t\t\t\t\t<\/a>\n\t\t\t\t\t<h4>\n\t\t\tOBS begr\u00e4nsat antal platser &#8211; boka din plats idag.\t<\/h4>\n\t<strong>Plats:<\/strong> Bos\u00f6n, Liding\u00f6 i Stockholm<br \/>\n<strong>Datum<\/strong>: 15 november<br \/>\n<strong>Tid: <\/strong>\u00a090 min (du v\u00e4ljer klockslag i bokningen)<br \/>\n<strong>Pris:\u00a0<\/strong>Gratis\n\t\t\t<a href=\"#boka\" target=\"_self\">\n\t\t\t\t\t\t\tBOKA MIN PLATS >>\n\t\t\t\t\t<\/a>\n\t<p>Dela eventet med dina v\u00e4nner<\/p>\n\t\t\t\t\t\t\t\t<a href=\"https:\/\/www.facebook.com\/sharer.php?u=https:\/\/tranarakademin.se\/?page_id=9399&#038;fl_builder&#038;title=Praktik\">\n\t\t\t\t\t\t\t\t\t\t\t\tShare on Facebook\n\t\t\t\t\t\t\t\t\t\t\t\t\t\t\tFacebook\n\t\t\t\t\t\t\t\t\t<\/a>\n\t\t\t\t<img decoding=\"async\" src=\"https:\/\/tranarakademin.se\/wp-content\/uploads\/2020\/04\/Cerifieringar_2.png\" alt=\"Cerifieringar_2\" itemprop=\"image\" height=\"100\" width=\"800\" title=\"Cerifieringar_2\" onerror=\"this.style.display='none'\" loading=\"lazy\" \/>\n<h2>\n\t\t\tVad andra har att s\u00e4ga om Tr\u00e4narakademin\t<\/h2>\n\t<iframe src=\"https:\/\/widget.reco.se\/v2\/widget\/1645877?mode=HORIZONTAL_QUOTE\" width=\"100%\" height=\"225\" scrolling=\"no\" data-reactroot=\"\"><\/iframe>\n<h2  id=\"faq\">\n\t\t\tFrequently asked questions\t<\/h2>\n\t<p><strong>F\u00f6rbinder jag mig till n\u00e5got?<\/strong><\/p>\n<p>Nej. Du f\u00f6rbinder dig inte till n\u00e5got. Vi erbjuder dessa tr\u00e4ffar f\u00f6r att v\u00e5ra studenter som befinner sig i slutskedet av v\u00e5r PT-utbildning ska ges m\u00f6jligheten till praktik.<\/p>\n<p>Du kan l\u00e4sa om v\u00e5ra fullst\u00e4ndiga praktikvillkor <a href=\"https:\/\/tranarakademin.se\/en\/praktik\/praktikvillkor\/\" target=\"_blank\" rel=\"noopener\">h\u00e4r &gt;&gt;<\/a><\/p>\n\t<p><strong>Var kan jag l\u00e4sa mer om\u00a0 er utbildning till tr\u00e4nare och PT? <\/strong><\/p>\n<p>Du kan l\u00e4sa mer om oss och v\u00e5ra PT-utbildning v\u00e5r <a href=\"https:\/\/tranarakademin.se\/en\/utbildning\/pt-utbildning\/\">utbildningssida\u00a0<\/a><\/p>\n\t<p><strong>Jag \u00e4r i usel form kan jag vara med?<\/strong><\/p>\n<p>Ja s\u00e5klart! V\u00e5ra tr\u00e4nare anpassar sessionen och sina r\u00e5d helt utifr\u00e5n dina f\u00f6ruts\u00e4ttningar och m\u00e5l. S\u00e5 oavsett om du just fyllt 98 \u00e5r eller sprungit ett marathon under 3-timmar kommer tr\u00e4ffen ge dig m\u00e5nga v\u00e4rden.<\/p>","protected":false},"excerpt":{"rendered":"<p>Boka en gratis PT-timme med v\u00e5ra studenter L\u00f6rdagen den 15 november |\u00a0Bos\u00f6n Liding\u00f6 BOKA MIN PLATS >> OBS begr\u00e4nsat antal platser Nu har du chansen att boka en kostnadsfri PT-session tillsammans med v\u00e5ra kompetenta PT-studenter! Under sessionen f\u00e5r du m\u00f6jlighet att utforska olika \u00f6vningar och ta del av v\u00e4rdefull v\u00e4gledning f\u00f6r att ta din tr\u00e4ning [&hellip;]<\/p>\n","protected":false},"author":1,"featured_media":0,"parent":0,"menu_order":0,"comment_status":"closed","ping_status":"closed","template":"","meta":{"site-sidebar-layout":"default","site-content-layout":"default","ast-site-content-layout":"default","site-content-style":"default","site-sidebar-style":"default","ast-global-header-display":"","ast-banner-title-visibility":"","ast-main-header-display":"","ast-hfb-above-header-display":"","ast-hfb-below-header-display":"","ast-hfb-mobile-header-display":"","site-post-title":"disabled","ast-breadcrumbs-content":"","ast-featured-img":"","footer-sml-layout":"","ast-disable-related-posts":"","theme-transparent-header-meta":"default","adv-header-id-meta":"","stick-header-meta":"default","header-above-stick-meta":"","header-main-stick-meta":"","header-below-stick-meta":"","astra-migrate-meta-layouts":"default","ast-page-background-enabled":"default","ast-page-background-meta":{"desktop":{"background-color":"","background-image":"","background-repeat":"repeat","background-position":"center center","background-size":"auto","background-attachment":"scroll","background-type":"","background-media":"","overlay-type":"","overlay-color":"","overlay-opacity":"","overlay-gradient":""},"tablet":{"background-color":"","background-image":"","background-repeat":"repeat","background-position":"center center","background-size":"auto","background-attachment":"scroll","background-type":"","background-media":"","overlay-type":"","overlay-color":"","overlay-opacity":"","overlay-gradient":""},"mobile":{"background-color":"","background-image":"","background-repeat":"repeat","background-position":"center center","background-size":"auto","background-attachment":"scroll","background-type":"","background-media":"","overlay-type":"","overlay-color":"","overlay-opacity":"","overlay-gradient":""}},"ast-content-background-meta":{"desktop":{"background-color":"var(--ast-global-color-5)","background-image":"","background-repeat":"repeat","background-position":"center center","background-size":"auto","background-attachment":"scroll","background-type":"","background-media":"","overlay-type":"","overlay-color":"","overlay-opacity":"","overlay-gradient":""},"tablet":{"background-color":"var(--ast-global-color-5)","background-image":"","background-repeat":"repeat","background-position":"center center","background-size":"auto","background-attachment":"scroll","background-type":"","background-media":"","overlay-type":"","overlay-color":"","overlay-opacity":"","overlay-gradient":""},"mobile":{"background-color":"var(--ast-global-color-5)","background-image":"","background-repeat":"repeat","background-position":"center center","background-size":"auto","background-attachment":"scroll","background-type":"","background-media":"","overlay-type":"","overlay-color":"","overlay-opacity":"","overlay-gradient":""}},"footnotes":""},"tags":[],"class_list":["post-9399","page","type-page","status-publish","hentry"],"yoast_head":"<!-- This site is optimized with the Yoast SEO plugin v27.2 - https:\/\/yoast.com\/product\/yoast-seo-wordpress\/ -->\n<title>Praktik - Tr\u00e4narakademin<\/title>\n<meta name=\"robots\" content=\"index, follow, max-snippet:-1, max-image-preview:large, max-video-preview:-1\" \/>\n<link rel=\"canonical\" href=\"https:\/\/tranarakademin.se\/en\/praktik\/\" \/>\n<meta property=\"og:locale\" content=\"en_GB\" \/>\n<meta property=\"og:type\" content=\"article\" \/>\n<meta property=\"og:title\" content=\"Praktik - Tr\u00e4narakademin\" \/>\n<meta property=\"og:description\" content=\"Boka en gratis PT-timme med v\u00e5ra studenter L\u00f6rdagen den 15 november |\u00a0Bos\u00f6n Liding\u00f6 BOKA MIN PLATS &gt;&gt; OBS begr\u00e4nsat antal platser Nu har du chansen att boka en kostnadsfri PT-session tillsammans med v\u00e5ra kompetenta PT-studenter! Under sessionen f\u00e5r du m\u00f6jlighet att utforska olika \u00f6vningar och ta del av v\u00e4rdefull v\u00e4gledning f\u00f6r att ta din tr\u00e4ning [&hellip;]\" \/>\n<meta property=\"og:url\" content=\"https:\/\/tranarakademin.se\/en\/praktik\/\" \/>\n<meta property=\"og:site_name\" content=\"Tr\u00e4narakademin\" \/>\n<meta property=\"article:modified_time\" content=\"2025-10-13T11:01:38+00:00\" \/>\n<meta property=\"og:image\" content=\"https:\/\/tranarakademin.se\/wp-content\/uploads\/2022\/09\/PT-studenter.jpg\" \/>\n\t<meta property=\"og:image:width\" content=\"800\" \/>\n\t<meta property=\"og:image:height\" content=\"534\" \/>\n\t<meta property=\"og:image:type\" content=\"image\/jpeg\" \/>\n<meta name=\"twitter:card\" content=\"summary_large_image\" \/>\n<meta name=\"twitter:label1\" content=\"Est. reading time\" \/>\n\t<meta name=\"twitter:data1\" content=\"2 minutes\" \/>\n<script type=\"application\/ld+json\" class=\"yoast-schema-graph\">{\"@context\":\"https:\/\/schema.org\",\"@graph\":[{\"@type\":\"WebPage\",\"@id\":\"https:\/\/tranarakademin.se\/praktik\/\",\"url\":\"https:\/\/tranarakademin.se\/praktik\/\",\"name\":\"Praktik - Tr\u00e4narakademin\",\"isPartOf\":{\"@id\":\"https:\/\/tranarakademin.se\/#website\"},\"primaryImageOfPage\":{\"@id\":\"https:\/\/tranarakademin.se\/praktik\/#primaryimage\"},\"image\":{\"@id\":\"https:\/\/tranarakademin.se\/praktik\/#primaryimage\"},\"thumbnailUrl\":\"https:\/\/tranarakademin.se\/wp-content\/uploads\/2022\/09\/PT-student.jpg\",\"datePublished\":\"2020-09-25T19:15:04+00:00\",\"dateModified\":\"2025-10-13T11:01:38+00:00\",\"breadcrumb\":{\"@id\":\"https:\/\/tranarakademin.se\/praktik\/#breadcrumb\"},\"inLanguage\":\"en-GB\",\"potentialAction\":[{\"@type\":\"ReadAction\",\"target\":[\"https:\/\/tranarakademin.se\/praktik\/\"]}]},{\"@type\":\"ImageObject\",\"inLanguage\":\"en-GB\",\"@id\":\"https:\/\/tranarakademin.se\/praktik\/#primaryimage\",\"url\":\"https:\/\/tranarakademin.se\/wp-content\/uploads\/2022\/09\/PT-student.jpg\",\"contentUrl\":\"https:\/\/tranarakademin.se\/wp-content\/uploads\/2022\/09\/PT-student.jpg\"},{\"@type\":\"BreadcrumbList\",\"@id\":\"https:\/\/tranarakademin.se\/praktik\/#breadcrumb\",\"itemListElement\":[{\"@type\":\"ListItem\",\"position\":1,\"name\":\"Hem\",\"item\":\"https:\/\/tranarakademin.se\/\"},{\"@type\":\"ListItem\",\"position\":2,\"name\":\"Praktik\"}]},{\"@type\":\"WebSite\",\"@id\":\"https:\/\/tranarakademin.se\/#website\",\"url\":\"https:\/\/tranarakademin.se\/\",\"name\":\"Tr\u00e4narakademin\",\"description\":\"Framg\u00e5ng, Vetenskap och Gemenskap\",\"publisher\":{\"@id\":\"https:\/\/tranarakademin.se\/#organization\"},\"potentialAction\":[{\"@type\":\"SearchAction\",\"target\":{\"@type\":\"EntryPoint\",\"urlTemplate\":\"https:\/\/tranarakademin.se\/?s={search_term_string}\"},\"query-input\":{\"@type\":\"PropertyValueSpecification\",\"valueRequired\":true,\"valueName\":\"search_term_string\"}}],\"inLanguage\":\"en-GB\"},{\"@type\":\"Organization\",\"@id\":\"https:\/\/tranarakademin.se\/#organization\",\"name\":\"Tr\u00e4narakademin\",\"url\":\"https:\/\/tranarakademin.se\/\",\"logo\":{\"@type\":\"ImageObject\",\"inLanguage\":\"en-GB\",\"@id\":\"https:\/\/tranarakademin.se\/#\/schema\/logo\/image\/\",\"url\":\"https:\/\/tranarakademin.se\/wp-content\/uploads\/2020\/04\/Logotyp-TA_Vertical-small-Blue.png\",\"contentUrl\":\"https:\/\/tranarakademin.se\/wp-content\/uploads\/2020\/04\/Logotyp-TA_Vertical-small-Blue.png\",\"width\":798,\"height\":464,\"caption\":\"Tr\u00e4narakademin\"},\"image\":{\"@id\":\"https:\/\/tranarakademin.se\/#\/schema\/logo\/image\/\"}}]}<\/script>\n<!-- \/ Yoast SEO plugin. -->","yoast_head_json":{"title":"Praktik - Tr\u00e4narakademin","robots":{"index":"index","follow":"follow","max-snippet":"max-snippet:-1","max-image-preview":"max-image-preview:large","max-video-preview":"max-video-preview:-1"},"canonical":"https:\/\/tranarakademin.se\/en\/praktik\/","og_locale":"en_GB","og_type":"article","og_title":"Praktik - Tr\u00e4narakademin","og_description":"Boka en gratis PT-timme med v\u00e5ra studenter L\u00f6rdagen den 15 november |\u00a0Bos\u00f6n Liding\u00f6 BOKA MIN PLATS >> OBS begr\u00e4nsat antal platser Nu har du chansen att boka en kostnadsfri PT-session tillsammans med v\u00e5ra kompetenta PT-studenter! Under sessionen f\u00e5r du m\u00f6jlighet att utforska olika \u00f6vningar och ta del av v\u00e4rdefull v\u00e4gledning f\u00f6r att ta din tr\u00e4ning [&hellip;]","og_url":"https:\/\/tranarakademin.se\/en\/praktik\/","og_site_name":"Tr\u00e4narakademin","article_modified_time":"2025-10-13T11:01:38+00:00","og_image":[{"width":800,"height":534,"url":"https:\/\/tranarakademin.se\/wp-content\/uploads\/2022\/09\/PT-studenter.jpg","type":"image\/jpeg"}],"twitter_card":"summary_large_image","twitter_misc":{"Est. reading time":"2 minutes"},"schema":{"@context":"https:\/\/schema.org","@graph":[{"@type":"WebPage","@id":"https:\/\/tranarakademin.se\/praktik\/","url":"https:\/\/tranarakademin.se\/praktik\/","name":"Praktik - Tr\u00e4narakademin","isPartOf":{"@id":"https:\/\/tranarakademin.se\/#website"},"primaryImageOfPage":{"@id":"https:\/\/tranarakademin.se\/praktik\/#primaryimage"},"image":{"@id":"https:\/\/tranarakademin.se\/praktik\/#primaryimage"},"thumbnailUrl":"https:\/\/tranarakademin.se\/wp-content\/uploads\/2022\/09\/PT-student.jpg","datePublished":"2020-09-25T19:15:04+00:00","dateModified":"2025-10-13T11:01:38+00:00","breadcrumb":{"@id":"https:\/\/tranarakademin.se\/praktik\/#breadcrumb"},"inLanguage":"en-GB","potentialAction":[{"@type":"ReadAction","target":["https:\/\/tranarakademin.se\/praktik\/"]}]},{"@type":"ImageObject","inLanguage":"en-GB","@id":"https:\/\/tranarakademin.se\/praktik\/#primaryimage","url":"https:\/\/tranarakademin.se\/wp-content\/uploads\/2022\/09\/PT-student.jpg","contentUrl":"https:\/\/tranarakademin.se\/wp-content\/uploads\/2022\/09\/PT-student.jpg"},{"@type":"BreadcrumbList","@id":"https:\/\/tranarakademin.se\/praktik\/#breadcrumb","itemListElement":[{"@type":"ListItem","position":1,"name":"Hem","item":"https:\/\/tranarakademin.se\/"},{"@type":"ListItem","position":2,"name":"Praktik"}]},{"@type":"WebSite","@id":"https:\/\/tranarakademin.se\/#website","url":"https:\/\/tranarakademin.se\/","name":"Tr\u00e4narakademin","description":"Success, Science and Community","publisher":{"@id":"https:\/\/tranarakademin.se\/#organization"},"potentialAction":[{"@type":"SearchAction","target":{"@type":"EntryPoint","urlTemplate":"https:\/\/tranarakademin.se\/?s={search_term_string}"},"query-input":{"@type":"PropertyValueSpecification","valueRequired":true,"valueName":"search_term_string"}}],"inLanguage":"en-GB"},{"@type":"Organization","@id":"https:\/\/tranarakademin.se\/#organization","name":"Tr\u00e4narakademin","url":"https:\/\/tranarakademin.se\/","logo":{"@type":"ImageObject","inLanguage":"en-GB","@id":"https:\/\/tranarakademin.se\/#\/schema\/logo\/image\/","url":"https:\/\/tranarakademin.se\/wp-content\/uploads\/2020\/04\/Logotyp-TA_Vertical-small-Blue.png","contentUrl":"https:\/\/tranarakademin.se\/wp-content\/uploads\/2020\/04\/Logotyp-TA_Vertical-small-Blue.png","width":798,"height":464,"caption":"Tr\u00e4narakademin"},"image":{"@id":"https:\/\/tranarakademin.se\/#\/schema\/logo\/image\/"}}]}},"_links":{"self":[{"href":"https:\/\/tranarakademin.se\/en\/wp-json\/wp\/v2\/pages\/9399","targetHints":{"allow":["GET"]}}],"collection":[{"href":"https:\/\/tranarakademin.se\/en\/wp-json\/wp\/v2\/pages"}],"about":[{"href":"https:\/\/tranarakademin.se\/en\/wp-json\/wp\/v2\/types\/page"}],"author":[{"embeddable":true,"href":"https:\/\/tranarakademin.se\/en\/wp-json\/wp\/v2\/users\/1"}],"replies":[{"embeddable":true,"href":"https:\/\/tranarakademin.se\/en\/wp-json\/wp\/v2\/comments?post=9399"}],"version-history":[{"count":6,"href":"https:\/\/tranarakademin.se\/en\/wp-json\/wp\/v2\/pages\/9399\/revisions"}],"predecessor-version":[{"id":14314,"href":"https:\/\/tranarakademin.se\/en\/wp-json\/wp\/v2\/pages\/9399\/revisions\/14314"}],"wp:attachment":[{"href":"https:\/\/tranarakademin.se\/en\/wp-json\/wp\/v2\/media?parent=9399"}],"wp:term":[{"taxonomy":"post_tag","embeddable":true,"href":"https:\/\/tranarakademin.se\/en\/wp-json\/wp\/v2\/tags?post=9399"}],"curies":[{"name":"wp","href":"https:\/\/api.w.org\/{rel}","templated":true}]}}