{"id":9476,"date":"2020-10-02T19:15:16","date_gmt":"2020-10-02T19:15:16","guid":{"rendered":"https:\/\/tranarakademin.se\/?page_id=9476"},"modified":"2021-01-30T20:42:48","modified_gmt":"2021-01-30T20:42:48","slug":"tack-for-din-ansokan","status":"publish","type":"page","link":"https:\/\/tranarakademin.se\/en\/bli-pt-prova\/tack-for-din-ansokan\/","title":{"rendered":"Tack f\u00f6r din ans\u00f6kan"},"content":{"rendered":"<h2><strong>Tack f\u00f6r dina ans\u00f6kan till kursen &#8211; Framg\u00e5ngsrik som PT!<\/strong><\/h2>\n\t<p><strong>Vi har nu skickat dig ett mail med ditt resultat<\/strong>. Om du \u00e4r godk\u00e4nd kommer du samtidigt f\u00e5 inloggningsdetaljer till kursen tillsammans med mer information.<\/p>\n<p>V\u00e4nligen kontrollera din skr\u00e4ppost och kampanjmapp om mailet dr\u00f6jer l\u00e4ngre \u00e4n 10 minuter.<\/p>\n\t\t\t\t<img decoding=\"async\" src=\"https:\/\/tranarakademin.se\/wp-content\/uploads\/2020\/10\/Awesome.jpg\" alt=\"Awesome\" itemprop=\"image\" height=\"800\" width=\"1200\" title=\"Awesome\" onerror=\"this.style.display='none'\"  \/>","protected":false},"excerpt":{"rendered":"<p>Tack f\u00f6r dina ans\u00f6kan till kursen &#8211; Framg\u00e5ngsrik som PT! Vi har nu skickat dig ett mail med ditt resultat. Om du \u00e4r godk\u00e4nd kommer du samtidigt f\u00e5 inloggningsdetaljer till kursen tillsammans med mer information. V\u00e4nligen kontrollera din skr\u00e4ppost och kampanjmapp om mailet dr\u00f6jer l\u00e4ngre \u00e4n 10 minuter.<\/p>","protected":false},"author":1,"featured_media":0,"parent":8955,"menu_order":0,"comment_status":"closed","ping_status":"closed","template":"","meta":{"site-sidebar-layout":"default","site-content-layout":"default","ast-site-content-layout":"default","site-content-style":"default","site-sidebar-style":"default","ast-global-header-display":"","ast-banner-title-visibility":"","ast-main-header-display":"disabled","ast-hfb-above-header-display":"","ast-hfb-below-header-display":"","ast-hfb-mobile-header-display":"","site-post-title":"disabled","ast-breadcrumbs-content":"","ast-featured-img":"","footer-sml-layout":"disabled","ast-disable-related-posts":"","theme-transparent-header-meta":"disabled","adv-header-id-meta":"","stick-header-meta":"default","header-above-stick-meta":"","header-main-stick-meta":"","header-below-stick-meta":"","astra-migrate-meta-layouts":"default","ast-page-background-enabled":"default","ast-page-background-meta":{"desktop":{"background-color":"","background-image":"","background-repeat":"repeat","background-position":"center center","background-size":"auto","background-attachment":"scroll","background-type":"","background-media":"","overlay-type":"","overlay-color":"","overlay-opacity":"","overlay-gradient":""},"tablet":{"background-color":"","background-image":"","background-repeat":"repeat","background-position":"center center","background-size":"auto","background-attachment":"scroll","background-type":"","background-media":"","overlay-type":"","overlay-color":"","overlay-opacity":"","overlay-gradient":""},"mobile":{"background-color":"","background-image":"","background-repeat":"repeat","background-position":"center center","background-size":"auto","background-attachment":"scroll","background-type":"","background-media":"","overlay-type":"","overlay-color":"","overlay-opacity":"","overlay-gradient":""}},"ast-content-background-meta":{"desktop":{"background-color":"var(--ast-global-color-5)","background-image":"","background-repeat":"repeat","background-position":"center center","background-size":"auto","background-attachment":"scroll","background-type":"","background-media":"","overlay-type":"","overlay-color":"","overlay-opacity":"","overlay-gradient":""},"tablet":{"background-color":"var(--ast-global-color-5)","background-image":"","background-repeat":"repeat","background-position":"center center","background-size":"auto","background-attachment":"scroll","background-type":"","background-media":"","overlay-type":"","overlay-color":"","overlay-opacity":"","overlay-gradient":""},"mobile":{"background-color":"var(--ast-global-color-5)","background-image":"","background-repeat":"repeat","background-position":"center center","background-size":"auto","background-attachment":"scroll","background-type":"","background-media":"","overlay-type":"","overlay-color":"","overlay-opacity":"","overlay-gradient":""}},"footnotes":""},"tags":[57],"class_list":["post-9476","page","type-page","status-publish","hentry","tag-bli-pt"],"yoast_head":"<!-- This site is optimized with the Yoast SEO plugin v27.2 - https:\/\/yoast.com\/product\/yoast-seo-wordpress\/ -->\n<title>Tack f\u00f6r din ans\u00f6kan - Tr\u00e4narakademin<\/title>\n<meta name=\"robots\" content=\"index, follow, max-snippet:-1, max-image-preview:large, max-video-preview:-1\" \/>\n<link rel=\"canonical\" href=\"https:\/\/tranarakademin.se\/en\/bli-pt-prova\/tack-for-din-ansokan\/\" \/>\n<meta property=\"og:locale\" content=\"en_GB\" \/>\n<meta property=\"og:type\" content=\"article\" \/>\n<meta property=\"og:title\" content=\"Tack f\u00f6r din ans\u00f6kan - Tr\u00e4narakademin\" \/>\n<meta property=\"og:description\" content=\"Tack f\u00f6r dina ans\u00f6kan till kursen &#8211; Framg\u00e5ngsrik som PT! Vi har nu skickat dig ett mail med ditt resultat. Om du \u00e4r godk\u00e4nd kommer du samtidigt f\u00e5 inloggningsdetaljer till kursen tillsammans med mer information. V\u00e4nligen kontrollera din skr\u00e4ppost och kampanjmapp om mailet dr\u00f6jer l\u00e4ngre \u00e4n 10 minuter.\" \/>\n<meta property=\"og:url\" content=\"https:\/\/tranarakademin.se\/en\/bli-pt-prova\/tack-for-din-ansokan\/\" \/>\n<meta property=\"og:site_name\" content=\"Tr\u00e4narakademin\" \/>\n<meta property=\"article:modified_time\" content=\"2021-01-30T20:42:48+00:00\" \/>\n<meta property=\"og:image\" content=\"https:\/\/tranarakademin.se\/wp-content\/uploads\/2020\/10\/Awesome.jpg\" \/>\n<meta name=\"twitter:card\" content=\"summary_large_image\" \/>\n<script type=\"application\/ld+json\" class=\"yoast-schema-graph\">{\"@context\":\"https:\/\/schema.org\",\"@graph\":[{\"@type\":\"WebPage\",\"@id\":\"https:\/\/tranarakademin.se\/bli-pt-prova\/tack-for-din-ansokan\/\",\"url\":\"https:\/\/tranarakademin.se\/bli-pt-prova\/tack-for-din-ansokan\/\",\"name\":\"Tack f\u00f6r din ans\u00f6kan - Tr\u00e4narakademin\",\"isPartOf\":{\"@id\":\"https:\/\/tranarakademin.se\/#website\"},\"primaryImageOfPage\":{\"@id\":\"https:\/\/tranarakademin.se\/bli-pt-prova\/tack-for-din-ansokan\/#primaryimage\"},\"image\":{\"@id\":\"https:\/\/tranarakademin.se\/bli-pt-prova\/tack-for-din-ansokan\/#primaryimage\"},\"thumbnailUrl\":\"https:\/\/tranarakademin.se\/wp-content\/uploads\/2020\/10\/Awesome.jpg\",\"datePublished\":\"2020-10-02T19:15:16+00:00\",\"dateModified\":\"2021-01-30T20:42:48+00:00\",\"breadcrumb\":{\"@id\":\"https:\/\/tranarakademin.se\/bli-pt-prova\/tack-for-din-ansokan\/#breadcrumb\"},\"inLanguage\":\"en-GB\",\"potentialAction\":[{\"@type\":\"ReadAction\",\"target\":[\"https:\/\/tranarakademin.se\/bli-pt-prova\/tack-for-din-ansokan\/\"]}]},{\"@type\":\"ImageObject\",\"inLanguage\":\"en-GB\",\"@id\":\"https:\/\/tranarakademin.se\/bli-pt-prova\/tack-for-din-ansokan\/#primaryimage\",\"url\":\"https:\/\/tranarakademin.se\/wp-content\/uploads\/2020\/10\/Awesome.jpg\",\"contentUrl\":\"https:\/\/tranarakademin.se\/wp-content\/uploads\/2020\/10\/Awesome.jpg\"},{\"@type\":\"BreadcrumbList\",\"@id\":\"https:\/\/tranarakademin.se\/bli-pt-prova\/tack-for-din-ansokan\/#breadcrumb\",\"itemListElement\":[{\"@type\":\"ListItem\",\"position\":1,\"name\":\"Hem\",\"item\":\"https:\/\/tranarakademin.se\/\"},{\"@type\":\"ListItem\",\"position\":2,\"name\":\"Bli PT\",\"item\":\"https:\/\/tranarakademin.se\/bli-pt-prova\/\"},{\"@type\":\"ListItem\",\"position\":3,\"name\":\"Tack f\u00f6r din ans\u00f6kan\"}]},{\"@type\":\"WebSite\",\"@id\":\"https:\/\/tranarakademin.se\/#website\",\"url\":\"https:\/\/tranarakademin.se\/\",\"name\":\"Tr\u00e4narakademin\",\"description\":\"Framg\u00e5ng, Vetenskap och Gemenskap\",\"publisher\":{\"@id\":\"https:\/\/tranarakademin.se\/#organization\"},\"potentialAction\":[{\"@type\":\"SearchAction\",\"target\":{\"@type\":\"EntryPoint\",\"urlTemplate\":\"https:\/\/tranarakademin.se\/?s={search_term_string}\"},\"query-input\":{\"@type\":\"PropertyValueSpecification\",\"valueRequired\":true,\"valueName\":\"search_term_string\"}}],\"inLanguage\":\"en-GB\"},{\"@type\":\"Organization\",\"@id\":\"https:\/\/tranarakademin.se\/#organization\",\"name\":\"Tr\u00e4narakademin\",\"url\":\"https:\/\/tranarakademin.se\/\",\"logo\":{\"@type\":\"ImageObject\",\"inLanguage\":\"en-GB\",\"@id\":\"https:\/\/tranarakademin.se\/#\/schema\/logo\/image\/\",\"url\":\"https:\/\/tranarakademin.se\/wp-content\/uploads\/2020\/04\/Logotyp-TA_Vertical-small-Blue.png\",\"contentUrl\":\"https:\/\/tranarakademin.se\/wp-content\/uploads\/2020\/04\/Logotyp-TA_Vertical-small-Blue.png\",\"width\":798,\"height\":464,\"caption\":\"Tr\u00e4narakademin\"},\"image\":{\"@id\":\"https:\/\/tranarakademin.se\/#\/schema\/logo\/image\/\"}}]}<\/script>\n<!-- \/ Yoast SEO plugin. -->","yoast_head_json":{"title":"Tack f\u00f6r din ans\u00f6kan - Tr\u00e4narakademin","robots":{"index":"index","follow":"follow","max-snippet":"max-snippet:-1","max-image-preview":"max-image-preview:large","max-video-preview":"max-video-preview:-1"},"canonical":"https:\/\/tranarakademin.se\/en\/bli-pt-prova\/tack-for-din-ansokan\/","og_locale":"en_GB","og_type":"article","og_title":"Tack f\u00f6r din ans\u00f6kan - Tr\u00e4narakademin","og_description":"Tack f\u00f6r dina ans\u00f6kan till kursen &#8211; Framg\u00e5ngsrik som PT! Vi har nu skickat dig ett mail med ditt resultat. Om du \u00e4r godk\u00e4nd kommer du samtidigt f\u00e5 inloggningsdetaljer till kursen tillsammans med mer information. V\u00e4nligen kontrollera din skr\u00e4ppost och kampanjmapp om mailet dr\u00f6jer l\u00e4ngre \u00e4n 10 minuter.","og_url":"https:\/\/tranarakademin.se\/en\/bli-pt-prova\/tack-for-din-ansokan\/","og_site_name":"Tr\u00e4narakademin","article_modified_time":"2021-01-30T20:42:48+00:00","og_image":[{"url":"https:\/\/tranarakademin.se\/wp-content\/uploads\/2020\/10\/Awesome.jpg","type":"","width":"","height":""}],"twitter_card":"summary_large_image","schema":{"@context":"https:\/\/schema.org","@graph":[{"@type":"WebPage","@id":"https:\/\/tranarakademin.se\/bli-pt-prova\/tack-for-din-ansokan\/","url":"https:\/\/tranarakademin.se\/bli-pt-prova\/tack-for-din-ansokan\/","name":"Tack f\u00f6r din ans\u00f6kan - Tr\u00e4narakademin","isPartOf":{"@id":"https:\/\/tranarakademin.se\/#website"},"primaryImageOfPage":{"@id":"https:\/\/tranarakademin.se\/bli-pt-prova\/tack-for-din-ansokan\/#primaryimage"},"image":{"@id":"https:\/\/tranarakademin.se\/bli-pt-prova\/tack-for-din-ansokan\/#primaryimage"},"thumbnailUrl":"https:\/\/tranarakademin.se\/wp-content\/uploads\/2020\/10\/Awesome.jpg","datePublished":"2020-10-02T19:15:16+00:00","dateModified":"2021-01-30T20:42:48+00:00","breadcrumb":{"@id":"https:\/\/tranarakademin.se\/bli-pt-prova\/tack-for-din-ansokan\/#breadcrumb"},"inLanguage":"en-GB","potentialAction":[{"@type":"ReadAction","target":["https:\/\/tranarakademin.se\/bli-pt-prova\/tack-for-din-ansokan\/"]}]},{"@type":"ImageObject","inLanguage":"en-GB","@id":"https:\/\/tranarakademin.se\/bli-pt-prova\/tack-for-din-ansokan\/#primaryimage","url":"https:\/\/tranarakademin.se\/wp-content\/uploads\/2020\/10\/Awesome.jpg","contentUrl":"https:\/\/tranarakademin.se\/wp-content\/uploads\/2020\/10\/Awesome.jpg"},{"@type":"BreadcrumbList","@id":"https:\/\/tranarakademin.se\/bli-pt-prova\/tack-for-din-ansokan\/#breadcrumb","itemListElement":[{"@type":"ListItem","position":1,"name":"Hem","item":"https:\/\/tranarakademin.se\/"},{"@type":"ListItem","position":2,"name":"Bli PT","item":"https:\/\/tranarakademin.se\/bli-pt-prova\/"},{"@type":"ListItem","position":3,"name":"Tack f\u00f6r din ans\u00f6kan"}]},{"@type":"WebSite","@id":"https:\/\/tranarakademin.se\/#website","url":"https:\/\/tranarakademin.se\/","name":"Tr\u00e4narakademin","description":"Success, Science and Community","publisher":{"@id":"https:\/\/tranarakademin.se\/#organization"},"potentialAction":[{"@type":"SearchAction","target":{"@type":"EntryPoint","urlTemplate":"https:\/\/tranarakademin.se\/?s={search_term_string}"},"query-input":{"@type":"PropertyValueSpecification","valueRequired":true,"valueName":"search_term_string"}}],"inLanguage":"en-GB"},{"@type":"Organization","@id":"https:\/\/tranarakademin.se\/#organization","name":"Tr\u00e4narakademin","url":"https:\/\/tranarakademin.se\/","logo":{"@type":"ImageObject","inLanguage":"en-GB","@id":"https:\/\/tranarakademin.se\/#\/schema\/logo\/image\/","url":"https:\/\/tranarakademin.se\/wp-content\/uploads\/2020\/04\/Logotyp-TA_Vertical-small-Blue.png","contentUrl":"https:\/\/tranarakademin.se\/wp-content\/uploads\/2020\/04\/Logotyp-TA_Vertical-small-Blue.png","width":798,"height":464,"caption":"Tr\u00e4narakademin"},"image":{"@id":"https:\/\/tranarakademin.se\/#\/schema\/logo\/image\/"}}]}},"_links":{"self":[{"href":"https:\/\/tranarakademin.se\/en\/wp-json\/wp\/v2\/pages\/9476","targetHints":{"allow":["GET"]}}],"collection":[{"href":"https:\/\/tranarakademin.se\/en\/wp-json\/wp\/v2\/pages"}],"about":[{"href":"https:\/\/tranarakademin.se\/en\/wp-json\/wp\/v2\/types\/page"}],"author":[{"embeddable":true,"href":"https:\/\/tranarakademin.se\/en\/wp-json\/wp\/v2\/users\/1"}],"replies":[{"embeddable":true,"href":"https:\/\/tranarakademin.se\/en\/wp-json\/wp\/v2\/comments?post=9476"}],"version-history":[{"count":0,"href":"https:\/\/tranarakademin.se\/en\/wp-json\/wp\/v2\/pages\/9476\/revisions"}],"up":[{"embeddable":true,"href":"https:\/\/tranarakademin.se\/en\/wp-json\/wp\/v2\/pages\/8955"}],"wp:attachment":[{"href":"https:\/\/tranarakademin.se\/en\/wp-json\/wp\/v2\/media?parent=9476"}],"wp:term":[{"taxonomy":"post_tag","embeddable":true,"href":"https:\/\/tranarakademin.se\/en\/wp-json\/wp\/v2\/tags?post=9476"}],"curies":[{"name":"wp","href":"https:\/\/api.w.org\/{rel}","templated":true}]}}