{"id":10904,"date":"2021-11-21T19:56:06","date_gmt":"2021-11-21T19:56:06","guid":{"rendered":"https:\/\/tranarakademin.se\/?post_type=product&#038;p=10904"},"modified":"2023-04-03T10:48:23","modified_gmt":"2023-04-03T10:48:23","slug":"traningsdesign-for-maxstyrka-och-spanst","status":"publish","type":"product","link":"https:\/\/tranarakademin.se\/en\/utbildning\/traningsdesign-for-maxstyrka-och-spanst\/","title":{"rendered":"Tr\u00e4ningsdesign f\u00f6r maxstyrka &#038; sp\u00e4nst"},"content":{"rendered":"<p>Under denna digitala MasterClass som du genomf\u00f6r i din egna takt kommer du l\u00e4ra dig hur man designar tr\u00e4ning till klienter f\u00f6r \u00f6kad maxstyrka och sp\u00e4nst. En egenskap som \u00e4r viktig inom det flesta sporter b\u00e5de f\u00f6r att utveckla prestation och f\u00f6r att f\u00f6rhindra skador.<\/p>\n<p>Du kommer bl.a. f\u00e5 l\u00e4ra dig hur du designar tr\u00e4ning avseende intensitet, hur du v\u00e4ljer \u00f6vningar, viktiga principer f\u00f6r utveckling och hur du \u00f6ver tid b\u00f6r planera din tr\u00e4ningen f\u00f6r att n\u00e5 utveckling. Kunskaperna fr\u00e5n kursen \u00e4r \u00f6verf\u00f6rbara till b\u00e5de motion\u00e4rer och aktiva inom m\u00e5nga idrotter och lagsporter d\u00e4r styrka och sp\u00e4nst \u00e4r en viktig faktor.<\/p>\n<p>Utbildningen riktar sig till dig som vill l\u00e4ra dig mer om styrke- och sp\u00e4nstutveckling f\u00f6r att utveckla dina klienters prestation eller till dig som vill utveckla din egna tr\u00e4ning.<\/p>","protected":false},"excerpt":{"rendered":"<p><strong>Digital undervisning<\/strong><\/p>\n<p>Under denna digitala MasterClass kommer du l\u00e4ra dig hur man designar tr\u00e4ning till klienter f\u00f6r \u00f6kad maxstyrka och sp\u00e4nst.<\/p>","protected":false},"featured_media":12063,"template":"","meta":{"site-sidebar-layout":"no-sidebar","site-content-layout":"page-builder","ast-site-content-layout":"default","site-content-style":"default","site-sidebar-style":"default","ast-global-header-display":"","ast-banner-title-visibility":"","ast-main-header-display":"","ast-hfb-above-header-display":"","ast-hfb-below-header-display":"","ast-hfb-mobile-header-display":"","site-post-title":"disabled","ast-breadcrumbs-content":"","ast-featured-img":"disabled","footer-sml-layout":"","ast-disable-related-posts":"","theme-transparent-header-meta":"default","adv-header-id-meta":"","stick-header-meta":"default","header-above-stick-meta":"","header-main-stick-meta":"","header-below-stick-meta":"","astra-migrate-meta-layouts":"default","ast-page-background-enabled":"default","ast-page-background-meta":{"desktop":{"background-color":"","background-image":"","background-repeat":"repeat","background-position":"center center","background-size":"auto","background-attachment":"scroll","background-type":"","background-media":"","overlay-type":"","overlay-color":"","overlay-opacity":"","overlay-gradient":""},"tablet":{"background-color":"","background-image":"","background-repeat":"repeat","background-position":"center center","background-size":"auto","background-attachment":"scroll","background-type":"","background-media":"","overlay-type":"","overlay-color":"","overlay-opacity":"","overlay-gradient":""},"mobile":{"background-color":"","background-image":"","background-repeat":"repeat","background-position":"center center","background-size":"auto","background-attachment":"scroll","background-type":"","background-media":"","overlay-type":"","overlay-color":"","overlay-opacity":"","overlay-gradient":""}},"ast-content-background-meta":{"desktop":{"background-color":"var(--ast-global-color-5)","background-image":"","background-repeat":"repeat","background-position":"center center","background-size":"auto","background-attachment":"scroll","background-type":"","background-media":"","overlay-type":"","overlay-color":"","overlay-opacity":"","overlay-gradient":""},"tablet":{"background-color":"var(--ast-global-color-5)","background-image":"","background-repeat":"repeat","background-position":"center center","background-size":"auto","background-attachment":"scroll","background-type":"","background-media":"","overlay-type":"","overlay-color":"","overlay-opacity":"","overlay-gradient":""},"mobile":{"background-color":"var(--ast-global-color-5)","background-image":"","background-repeat":"repeat","background-position":"center center","background-size":"auto","background-attachment":"scroll","background-type":"","background-media":"","overlay-type":"","overlay-color":"","overlay-opacity":"","overlay-gradient":""}}},"product_brand":[],"product_cat":[128],"product_tag":[],"class_list":{"0":"post-10904","1":"product","2":"type-product","3":"status-publish","4":"has-post-thumbnail","6":"product_cat-onlinekurser","7":"desktop-align-left","8":"tablet-align-left","9":"mobile-align-left","10":"ast-product-gallery-layout-horizontal-slider","11":"ast-product-gallery-with-no-image","12":"ast-product-tabs-layout-horizontal","14":"first","15":"instock","16":"virtual","17":"taxable","18":"purchasable","19":"product-type-simple"},"yoast_head":"<!-- This site is optimized with the Yoast SEO plugin v27.2 - https:\/\/yoast.com\/product\/yoast-seo-wordpress\/ -->\n<title>Tr\u00e4ningsdesign f\u00f6r maxstyrka &amp; sp\u00e4nst - Tr\u00e4narakademin<\/title>\n<meta name=\"robots\" content=\"index, follow, max-snippet:-1, max-image-preview:large, max-video-preview:-1\" \/>\n<link rel=\"canonical\" href=\"https:\/\/tranarakademin.se\/en\/utbildning\/traningsdesign-for-maxstyrka-och-spanst\/\" \/>\n<meta property=\"og:locale\" content=\"en_GB\" \/>\n<meta property=\"og:type\" content=\"article\" \/>\n<meta property=\"og:title\" content=\"Tr\u00e4ningsdesign f\u00f6r maxstyrka &amp; sp\u00e4nst - Tr\u00e4narakademin\" \/>\n<meta property=\"og:description\" content=\"Digital undervisning  Under denna digitala MasterClass kommer du l\u00e4ra dig hur man designar tr\u00e4ning till klienter f\u00f6r \u00f6kad maxstyrka och sp\u00e4nst.\" \/>\n<meta property=\"og:url\" content=\"https:\/\/tranarakademin.se\/en\/utbildning\/traningsdesign-for-maxstyrka-och-spanst\/\" \/>\n<meta property=\"og:site_name\" content=\"Tr\u00e4narakademin\" \/>\n<meta property=\"article:modified_time\" content=\"2023-04-03T10:48:23+00:00\" \/>\n<meta property=\"og:image\" content=\"https:\/\/tranarakademin.se\/wp-content\/uploads\/2020\/04\/6.jpg\" \/>\n\t<meta property=\"og:image:width\" content=\"600\" \/>\n\t<meta property=\"og:image:height\" content=\"600\" \/>\n\t<meta property=\"og:image:type\" content=\"image\/jpeg\" \/>\n<meta name=\"twitter:card\" content=\"summary_large_image\" \/>\n<meta name=\"twitter:label1\" content=\"Est. reading time\" \/>\n\t<meta name=\"twitter:data1\" content=\"1 minute\" \/>\n<script type=\"application\/ld+json\" class=\"yoast-schema-graph\">{\"@context\":\"https:\/\/schema.org\",\"@graph\":[{\"@type\":\"WebPage\",\"@id\":\"https:\/\/tranarakademin.se\/utbildning\/traningsdesign-for-maxstyrka-och-spanst\/\",\"url\":\"https:\/\/tranarakademin.se\/utbildning\/traningsdesign-for-maxstyrka-och-spanst\/\",\"name\":\"Tr\u00e4ningsdesign f\u00f6r maxstyrka & sp\u00e4nst - Tr\u00e4narakademin\",\"isPartOf\":{\"@id\":\"https:\/\/tranarakademin.se\/#website\"},\"primaryImageOfPage\":{\"@id\":\"https:\/\/tranarakademin.se\/utbildning\/traningsdesign-for-maxstyrka-och-spanst\/#primaryimage\"},\"image\":{\"@id\":\"https:\/\/tranarakademin.se\/utbildning\/traningsdesign-for-maxstyrka-och-spanst\/#primaryimage\"},\"thumbnailUrl\":\"https:\/\/tranarakademin.se\/wp-content\/uploads\/2020\/04\/6.jpg\",\"datePublished\":\"2021-11-21T19:56:06+00:00\",\"dateModified\":\"2023-04-03T10:48:23+00:00\",\"breadcrumb\":{\"@id\":\"https:\/\/tranarakademin.se\/utbildning\/traningsdesign-for-maxstyrka-och-spanst\/#breadcrumb\"},\"inLanguage\":\"en-GB\",\"potentialAction\":[{\"@type\":\"ReadAction\",\"target\":[\"https:\/\/tranarakademin.se\/utbildning\/traningsdesign-for-maxstyrka-och-spanst\/\"]}]},{\"@type\":\"ImageObject\",\"inLanguage\":\"en-GB\",\"@id\":\"https:\/\/tranarakademin.se\/utbildning\/traningsdesign-for-maxstyrka-och-spanst\/#primaryimage\",\"url\":\"https:\/\/tranarakademin.se\/wp-content\/uploads\/2020\/04\/6.jpg\",\"contentUrl\":\"https:\/\/tranarakademin.se\/wp-content\/uploads\/2020\/04\/6.jpg\",\"width\":600,\"height\":600},{\"@type\":\"BreadcrumbList\",\"@id\":\"https:\/\/tranarakademin.se\/utbildning\/traningsdesign-for-maxstyrka-och-spanst\/#breadcrumb\",\"itemListElement\":[{\"@type\":\"ListItem\",\"position\":1,\"name\":\"Hem\",\"item\":\"https:\/\/tranarakademin.se\/\"},{\"@type\":\"ListItem\",\"position\":2,\"name\":\"V\u00e5ra utbildningar\",\"item\":\"https:\/\/tranarakademin.se\/utbildningar\/\"},{\"@type\":\"ListItem\",\"position\":3,\"name\":\"Tr\u00e4ningsdesign f\u00f6r maxstyrka &#038; sp\u00e4nst\"}]},{\"@type\":\"WebSite\",\"@id\":\"https:\/\/tranarakademin.se\/#website\",\"url\":\"https:\/\/tranarakademin.se\/\",\"name\":\"Tr\u00e4narakademin\",\"description\":\"Framg\u00e5ng, Vetenskap och Gemenskap\",\"publisher\":{\"@id\":\"https:\/\/tranarakademin.se\/#organization\"},\"potentialAction\":[{\"@type\":\"SearchAction\",\"target\":{\"@type\":\"EntryPoint\",\"urlTemplate\":\"https:\/\/tranarakademin.se\/?s={search_term_string}\"},\"query-input\":{\"@type\":\"PropertyValueSpecification\",\"valueRequired\":true,\"valueName\":\"search_term_string\"}}],\"inLanguage\":\"en-GB\"},{\"@type\":\"Organization\",\"@id\":\"https:\/\/tranarakademin.se\/#organization\",\"name\":\"Tr\u00e4narakademin\",\"url\":\"https:\/\/tranarakademin.se\/\",\"logo\":{\"@type\":\"ImageObject\",\"inLanguage\":\"en-GB\",\"@id\":\"https:\/\/tranarakademin.se\/#\/schema\/logo\/image\/\",\"url\":\"https:\/\/tranarakademin.se\/wp-content\/uploads\/2020\/04\/Logotyp-TA_Vertical-small-Blue.png\",\"contentUrl\":\"https:\/\/tranarakademin.se\/wp-content\/uploads\/2020\/04\/Logotyp-TA_Vertical-small-Blue.png\",\"width\":798,\"height\":464,\"caption\":\"Tr\u00e4narakademin\"},\"image\":{\"@id\":\"https:\/\/tranarakademin.se\/#\/schema\/logo\/image\/\"}}]}<\/script>\n<!-- \/ Yoast SEO plugin. -->","yoast_head_json":{"title":"Tr\u00e4ningsdesign f\u00f6r maxstyrka & sp\u00e4nst - Tr\u00e4narakademin","robots":{"index":"index","follow":"follow","max-snippet":"max-snippet:-1","max-image-preview":"max-image-preview:large","max-video-preview":"max-video-preview:-1"},"canonical":"https:\/\/tranarakademin.se\/en\/utbildning\/traningsdesign-for-maxstyrka-och-spanst\/","og_locale":"en_GB","og_type":"article","og_title":"Tr\u00e4ningsdesign f\u00f6r maxstyrka & sp\u00e4nst - Tr\u00e4narakademin","og_description":"Digital undervisning  Under denna digitala MasterClass kommer du l\u00e4ra dig hur man designar tr\u00e4ning till klienter f\u00f6r \u00f6kad maxstyrka och sp\u00e4nst.","og_url":"https:\/\/tranarakademin.se\/en\/utbildning\/traningsdesign-for-maxstyrka-och-spanst\/","og_site_name":"Tr\u00e4narakademin","article_modified_time":"2023-04-03T10:48:23+00:00","og_image":[{"width":600,"height":600,"url":"https:\/\/tranarakademin.se\/wp-content\/uploads\/2020\/04\/6.jpg","type":"image\/jpeg"}],"twitter_card":"summary_large_image","twitter_misc":{"Est. reading time":"1 minute"},"schema":{"@context":"https:\/\/schema.org","@graph":[{"@type":"WebPage","@id":"https:\/\/tranarakademin.se\/utbildning\/traningsdesign-for-maxstyrka-och-spanst\/","url":"https:\/\/tranarakademin.se\/utbildning\/traningsdesign-for-maxstyrka-och-spanst\/","name":"Tr\u00e4ningsdesign f\u00f6r maxstyrka & sp\u00e4nst - Tr\u00e4narakademin","isPartOf":{"@id":"https:\/\/tranarakademin.se\/#website"},"primaryImageOfPage":{"@id":"https:\/\/tranarakademin.se\/utbildning\/traningsdesign-for-maxstyrka-och-spanst\/#primaryimage"},"image":{"@id":"https:\/\/tranarakademin.se\/utbildning\/traningsdesign-for-maxstyrka-och-spanst\/#primaryimage"},"thumbnailUrl":"https:\/\/tranarakademin.se\/wp-content\/uploads\/2020\/04\/6.jpg","datePublished":"2021-11-21T19:56:06+00:00","dateModified":"2023-04-03T10:48:23+00:00","breadcrumb":{"@id":"https:\/\/tranarakademin.se\/utbildning\/traningsdesign-for-maxstyrka-och-spanst\/#breadcrumb"},"inLanguage":"en-GB","potentialAction":[{"@type":"ReadAction","target":["https:\/\/tranarakademin.se\/utbildning\/traningsdesign-for-maxstyrka-och-spanst\/"]}]},{"@type":"ImageObject","inLanguage":"en-GB","@id":"https:\/\/tranarakademin.se\/utbildning\/traningsdesign-for-maxstyrka-och-spanst\/#primaryimage","url":"https:\/\/tranarakademin.se\/wp-content\/uploads\/2020\/04\/6.jpg","contentUrl":"https:\/\/tranarakademin.se\/wp-content\/uploads\/2020\/04\/6.jpg","width":600,"height":600},{"@type":"BreadcrumbList","@id":"https:\/\/tranarakademin.se\/utbildning\/traningsdesign-for-maxstyrka-och-spanst\/#breadcrumb","itemListElement":[{"@type":"ListItem","position":1,"name":"Hem","item":"https:\/\/tranarakademin.se\/"},{"@type":"ListItem","position":2,"name":"V\u00e5ra utbildningar","item":"https:\/\/tranarakademin.se\/utbildningar\/"},{"@type":"ListItem","position":3,"name":"Tr\u00e4ningsdesign f\u00f6r maxstyrka &#038; sp\u00e4nst"}]},{"@type":"WebSite","@id":"https:\/\/tranarakademin.se\/#website","url":"https:\/\/tranarakademin.se\/","name":"Tr\u00e4narakademin","description":"Success, Science and Community","publisher":{"@id":"https:\/\/tranarakademin.se\/#organization"},"potentialAction":[{"@type":"SearchAction","target":{"@type":"EntryPoint","urlTemplate":"https:\/\/tranarakademin.se\/?s={search_term_string}"},"query-input":{"@type":"PropertyValueSpecification","valueRequired":true,"valueName":"search_term_string"}}],"inLanguage":"en-GB"},{"@type":"Organization","@id":"https:\/\/tranarakademin.se\/#organization","name":"Tr\u00e4narakademin","url":"https:\/\/tranarakademin.se\/","logo":{"@type":"ImageObject","inLanguage":"en-GB","@id":"https:\/\/tranarakademin.se\/#\/schema\/logo\/image\/","url":"https:\/\/tranarakademin.se\/wp-content\/uploads\/2020\/04\/Logotyp-TA_Vertical-small-Blue.png","contentUrl":"https:\/\/tranarakademin.se\/wp-content\/uploads\/2020\/04\/Logotyp-TA_Vertical-small-Blue.png","width":798,"height":464,"caption":"Tr\u00e4narakademin"},"image":{"@id":"https:\/\/tranarakademin.se\/#\/schema\/logo\/image\/"}}]}},"_links":{"self":[{"href":"https:\/\/tranarakademin.se\/en\/wp-json\/wp\/v2\/product\/10904","targetHints":{"allow":["GET"]}}],"collection":[{"href":"https:\/\/tranarakademin.se\/en\/wp-json\/wp\/v2\/product"}],"about":[{"href":"https:\/\/tranarakademin.se\/en\/wp-json\/wp\/v2\/types\/product"}],"wp:featuredmedia":[{"embeddable":true,"href":"https:\/\/tranarakademin.se\/en\/wp-json\/wp\/v2\/media\/12063"}],"wp:attachment":[{"href":"https:\/\/tranarakademin.se\/en\/wp-json\/wp\/v2\/media?parent=10904"}],"wp:term":[{"taxonomy":"product_brand","embeddable":true,"href":"https:\/\/tranarakademin.se\/en\/wp-json\/wp\/v2\/product_brand?post=10904"},{"taxonomy":"product_cat","embeddable":true,"href":"https:\/\/tranarakademin.se\/en\/wp-json\/wp\/v2\/product_cat?post=10904"},{"taxonomy":"product_tag","embeddable":true,"href":"https:\/\/tranarakademin.se\/en\/wp-json\/wp\/v2\/product_tag?post=10904"}],"curies":[{"name":"wp","href":"https:\/\/api.w.org\/{rel}","templated":true}]}}