{"id":13148,"date":"2024-10-21T08:25:08","date_gmt":"2024-10-21T08:25:08","guid":{"rendered":"https:\/\/tranarakademin.se\/?post_type=product&#038;p=13148"},"modified":"2025-04-17T18:31:54","modified_gmt":"2025-04-17T18:31:54","slug":"traningens-anatomi-och-fysiologi","status":"publish","type":"product","link":"https:\/\/tranarakademin.se\/en\/utbildning\/traningens-anatomi-och-fysiologi\/","title":{"rendered":"Tr\u00e4ningens anatomi och fysiologi"},"content":{"rendered":"<p data-pm-slice=\"1 1 []\">Saknar du r\u00e4tt f\u00f6rkunskaper inf\u00f6r v\u00e5ra coachutbildningar? Ingen fara!<\/p>\n<p data-pm-slice=\"1 1 []\">Med v\u00e5rt popul\u00e4ra kurspaket <strong>Tr\u00e4ningens anatomi och fysiologi<\/strong> f\u00e5r du de kunskaper som kr\u00e4vs f\u00f6r att k\u00e4nna dig trygg inf\u00f6r v\u00e5ra coachutbildningar.<\/p>\n<p><em>Paketet best\u00e5r av tv\u00e5 omfattande digitala kurser:<\/em><\/p>\n<h3><strong>Tr\u00e4ningens fysiologi<\/strong><\/h3>\n<p>I den h\u00e4r kursen l\u00e4r du dig p\u00e5 djupet hur kroppen fungerar vid tr\u00e4ning och anpassar sig vid olika typer av belastning. Genom 26 engagerande videolektioner med tydliga sammanfattningar och interaktiva quiz f\u00e5r du bland annat insikt i energisystem, muskelfibrer, nervsystemets roll vid r\u00f6relse och tr\u00e4ningens kort- och l\u00e5ngsiktiga effekter.<\/p>\n<p><img decoding=\"async\" class=\"wp-image-14055\" src=\"https:\/\/tranarakademin.se\/wp-content\/uploads\/2024\/10\/fysiologi.jpg\" alt=\"\" width=\"376\" height=\"251\" srcset=\"https:\/\/tranarakademin.se\/wp-content\/uploads\/2024\/10\/fysiologi.jpg 1920w, https:\/\/tranarakademin.se\/wp-content\/uploads\/2024\/10\/fysiologi-300x201.jpg 300w, https:\/\/tranarakademin.se\/wp-content\/uploads\/2024\/10\/fysiologi-600x400.jpg 600w\" sizes=\"(max-width: 376px) 100vw, 376px\" \/><\/p>\n<p>&nbsp;<\/p>\n<h3><\/h3>\n<h3><strong>Tr\u00e4ningens anatomi<\/strong><\/h3>\n<p>I denna kurs f\u00e5r du en grundlig genomg\u00e5ng av kroppens muskel- och skelettanatomi, r\u00f6relseanalys samt praktisk f\u00f6rst\u00e5else f\u00f6r hur muskler arbetar under tr\u00e4ning. Kursen inneh\u00e5ller totalt 44 tydliga och pedagogiska videolektioner med interaktiva quiz f\u00f6r att s\u00e4kerst\u00e4lla att du l\u00e4r dig p\u00e5 b\u00e4sta m\u00f6jliga s\u00e4tt.<\/p>\n<p><img decoding=\"async\" class=\"wp-image-14054\" src=\"https:\/\/tranarakademin.se\/wp-content\/uploads\/2024\/10\/Introduktion.jpg\" alt=\"\" width=\"400\" height=\"263\" srcset=\"https:\/\/tranarakademin.se\/wp-content\/uploads\/2024\/10\/Introduktion.jpg 1920w, https:\/\/tranarakademin.se\/wp-content\/uploads\/2024\/10\/Introduktion-300x197.jpg 300w\" sizes=\"(max-width: 400px) 100vw, 400px\" \/><\/p>\n<p>&nbsp;<\/p>\n<p><strong>Kurserna genomf\u00f6r du helt digitalt och i din egen takt.<\/strong> Direkt efter anm\u00e4lan f\u00e5r du tillg\u00e5ng till allt kursmaterial. Du kan r\u00e4kna med att beh\u00f6va avs\u00e4tta cirka 20\u201330 timmar f\u00f6r att genomf\u00f6ra hela kurspaketet.<\/p>\n<p>Kurserna leds av v\u00e5ra uppskattade utbildare:<\/p>\n<ul data-spread=\"false\">\n<li><strong>Carl Norell<\/strong> \u2013 Personlig tr\u00e4nare och fysioterapeut<\/li>\n<li><strong>Stephanie Farrokhi<\/strong> \u2013 Idrottsfysiolog och tr\u00e4nare<\/li>\n<\/ul>\n<h3>Anm\u00e4lan<\/h3>\n<p>Du bokar in dig p\u00e5 kursen i det sista steget p\u00e5 anm\u00e4lningssidan f\u00f6r Dipl. Strength Coach och Dipl. Endurance Coach, om du ska g\u00e5 n\u00e5gon av dessa kurser. Om du redan \u00e4r anm\u00e4ld till Dipl. Strength Coach eller Dipl. Endurance Coach kan du l\u00e4gga till kursen genom att trycka p\u00e5 bokaknappen nedan.<\/p>\n<p><strong>Specialpris f\u00f6r dig som ska g\u00e5 Dipl. Endurance Coach eller Dipl. Strength Coach:<\/strong> Boka kurspaketet samtidigt som din coachutbildning och f\u00e5 det f\u00f6r endast <strong>1495 kr<\/strong> (ord. pris 2995 kr).<\/p>\n<p>V\u00e4lkommen att st\u00e4rka din kompetens och skapa b\u00e4sta m\u00f6jliga f\u00f6ruts\u00e4ttningar inf\u00f6r din kommande tr\u00e4narkarri\u00e4r!<\/p>","protected":false},"excerpt":{"rendered":"<p>Saknar du r\u00e4tt f\u00f6rkunskaper inf\u00f6r v\u00e5ra coachutbildningar? Ingen fara! Med v\u00e5rt popul\u00e4ra kurspaket Tr\u00e4ningens anatomi och fysiologi f\u00e5r du de kunskaper som kr\u00e4vs f\u00f6r att k\u00e4nna dig trygg inf\u00f6r v\u00e5ra coachutbildningar. Paketet best\u00e5r av tv\u00e5 omfattande digitala kurser: Tr\u00e4ningens fysiologi I den h\u00e4r kursen l\u00e4r du dig p\u00e5 djupet hur kroppen fungerar vid tr\u00e4ning och [&hellip;]<\/p>\n","protected":false},"featured_media":0,"template":"","meta":{"site-sidebar-layout":"default","site-content-layout":"","ast-site-content-layout":"default","site-content-style":"default","site-sidebar-style":"default","ast-global-header-display":"","ast-banner-title-visibility":"","ast-main-header-display":"","ast-hfb-above-header-display":"","ast-hfb-below-header-display":"","ast-hfb-mobile-header-display":"","site-post-title":"","ast-breadcrumbs-content":"","ast-featured-img":"","footer-sml-layout":"","ast-disable-related-posts":"","theme-transparent-header-meta":"default","adv-header-id-meta":"","stick-header-meta":"default","header-above-stick-meta":"","header-main-stick-meta":"","header-below-stick-meta":"","astra-migrate-meta-layouts":"set","ast-page-background-enabled":"default","ast-page-background-meta":{"desktop":{"background-color":"","background-image":"","background-repeat":"repeat","background-position":"center center","background-size":"auto","background-attachment":"scroll","background-type":"","background-media":"","overlay-type":"","overlay-color":"","overlay-opacity":"","overlay-gradient":""},"tablet":{"background-color":"","background-image":"","background-repeat":"repeat","background-position":"center center","background-size":"auto","background-attachment":"scroll","background-type":"","background-media":"","overlay-type":"","overlay-color":"","overlay-opacity":"","overlay-gradient":""},"mobile":{"background-color":"","background-image":"","background-repeat":"repeat","background-position":"center center","background-size":"auto","background-attachment":"scroll","background-type":"","background-media":"","overlay-type":"","overlay-color":"","overlay-opacity":"","overlay-gradient":""}},"ast-content-background-meta":{"desktop":{"background-color":"var(--ast-global-color-5)","background-image":"","background-repeat":"repeat","background-position":"center center","background-size":"auto","background-attachment":"scroll","background-type":"","background-media":"","overlay-type":"","overlay-color":"","overlay-opacity":"","overlay-gradient":""},"tablet":{"background-color":"var(--ast-global-color-5)","background-image":"","background-repeat":"repeat","background-position":"center center","background-size":"auto","background-attachment":"scroll","background-type":"","background-media":"","overlay-type":"","overlay-color":"","overlay-opacity":"","overlay-gradient":""},"mobile":{"background-color":"var(--ast-global-color-5)","background-image":"","background-repeat":"repeat","background-position":"center center","background-size":"auto","background-attachment":"scroll","background-type":"","background-media":"","overlay-type":"","overlay-color":"","overlay-opacity":"","overlay-gradient":""}}},"product_brand":[],"product_cat":[120],"product_tag":[],"class_list":{"0":"post-13148","1":"product","2":"type-product","3":"status-publish","5":"product_cat-kurser","6":"desktop-align-left","7":"tablet-align-left","8":"mobile-align-left","9":"ast-product-gallery-layout-horizontal-slider","10":"ast-product-gallery-with-no-image","11":"ast-product-tabs-layout-horizontal","13":"first","14":"instock","15":"taxable","16":"shipping-taxable","17":"purchasable","18":"product-type-simple"},"yoast_head":"<!-- This site is optimized with the Yoast SEO plugin v27.2 - https:\/\/yoast.com\/product\/yoast-seo-wordpress\/ -->\n<title>Tr\u00e4ningens anatomi och fysiologi - Tr\u00e4narakademin<\/title>\n<meta name=\"robots\" content=\"index, follow, max-snippet:-1, max-image-preview:large, max-video-preview:-1\" \/>\n<link rel=\"canonical\" href=\"https:\/\/tranarakademin.se\/en\/utbildning\/traningens-anatomi-och-fysiologi\/\" \/>\n<meta property=\"og:locale\" content=\"en_GB\" \/>\n<meta property=\"og:type\" content=\"article\" \/>\n<meta property=\"og:title\" content=\"Tr\u00e4ningens anatomi och fysiologi - Tr\u00e4narakademin\" \/>\n<meta property=\"og:description\" content=\"Saknar du r\u00e4tt f\u00f6rkunskaper inf\u00f6r v\u00e5ra coachutbildningar? Ingen fara! Med v\u00e5rt popul\u00e4ra kurspaket Tr\u00e4ningens anatomi och fysiologi f\u00e5r du de kunskaper som kr\u00e4vs f\u00f6r att k\u00e4nna dig trygg inf\u00f6r v\u00e5ra coachutbildningar. Paketet best\u00e5r av tv\u00e5 omfattande digitala kurser: Tr\u00e4ningens fysiologi I den h\u00e4r kursen l\u00e4r du dig p\u00e5 djupet hur kroppen fungerar vid tr\u00e4ning och [&hellip;]\" \/>\n<meta property=\"og:url\" content=\"https:\/\/tranarakademin.se\/en\/utbildning\/traningens-anatomi-och-fysiologi\/\" \/>\n<meta property=\"og:site_name\" content=\"Tr\u00e4narakademin\" \/>\n<meta property=\"article:modified_time\" content=\"2025-04-17T18:31:54+00:00\" \/>\n<meta property=\"og:image\" content=\"https:\/\/tranarakademin.se\/wp-content\/uploads\/2024\/10\/fysiologi.jpg\" \/>\n\t<meta property=\"og:image:width\" content=\"1920\" \/>\n\t<meta property=\"og:image:height\" content=\"1285\" \/>\n\t<meta property=\"og:image:type\" content=\"image\/jpeg\" \/>\n<meta name=\"twitter:card\" content=\"summary_large_image\" \/>\n<meta name=\"twitter:label1\" content=\"Est. reading time\" \/>\n\t<meta name=\"twitter:data1\" content=\"2 minutes\" \/>\n<script type=\"application\/ld+json\" class=\"yoast-schema-graph\">{\"@context\":\"https:\/\/schema.org\",\"@graph\":[{\"@type\":\"WebPage\",\"@id\":\"https:\/\/tranarakademin.se\/utbildning\/traningens-anatomi-och-fysiologi\/\",\"url\":\"https:\/\/tranarakademin.se\/utbildning\/traningens-anatomi-och-fysiologi\/\",\"name\":\"Tr\u00e4ningens anatomi och fysiologi - Tr\u00e4narakademin\",\"isPartOf\":{\"@id\":\"https:\/\/tranarakademin.se\/#website\"},\"primaryImageOfPage\":{\"@id\":\"https:\/\/tranarakademin.se\/utbildning\/traningens-anatomi-och-fysiologi\/#primaryimage\"},\"image\":{\"@id\":\"https:\/\/tranarakademin.se\/utbildning\/traningens-anatomi-och-fysiologi\/#primaryimage\"},\"thumbnailUrl\":\"https:\/\/tranarakademin.se\/wp-content\/uploads\/2024\/10\/fysiologi.jpg\",\"datePublished\":\"2024-10-21T08:25:08+00:00\",\"dateModified\":\"2025-04-17T18:31:54+00:00\",\"breadcrumb\":{\"@id\":\"https:\/\/tranarakademin.se\/utbildning\/traningens-anatomi-och-fysiologi\/#breadcrumb\"},\"inLanguage\":\"en-GB\",\"potentialAction\":[{\"@type\":\"ReadAction\",\"target\":[\"https:\/\/tranarakademin.se\/utbildning\/traningens-anatomi-och-fysiologi\/\"]}]},{\"@type\":\"ImageObject\",\"inLanguage\":\"en-GB\",\"@id\":\"https:\/\/tranarakademin.se\/utbildning\/traningens-anatomi-och-fysiologi\/#primaryimage\",\"url\":\"https:\/\/tranarakademin.se\/wp-content\/uploads\/2024\/10\/fysiologi.jpg\",\"contentUrl\":\"https:\/\/tranarakademin.se\/wp-content\/uploads\/2024\/10\/fysiologi.jpg\"},{\"@type\":\"BreadcrumbList\",\"@id\":\"https:\/\/tranarakademin.se\/utbildning\/traningens-anatomi-och-fysiologi\/#breadcrumb\",\"itemListElement\":[{\"@type\":\"ListItem\",\"position\":1,\"name\":\"Hem\",\"item\":\"https:\/\/tranarakademin.se\/\"},{\"@type\":\"ListItem\",\"position\":2,\"name\":\"V\u00e5ra utbildningar\",\"item\":\"https:\/\/tranarakademin.se\/utbildningar\/\"},{\"@type\":\"ListItem\",\"position\":3,\"name\":\"Tr\u00e4ningens anatomi och fysiologi\"}]},{\"@type\":\"WebSite\",\"@id\":\"https:\/\/tranarakademin.se\/#website\",\"url\":\"https:\/\/tranarakademin.se\/\",\"name\":\"Tr\u00e4narakademin\",\"description\":\"Framg\u00e5ng, Vetenskap och Gemenskap\",\"publisher\":{\"@id\":\"https:\/\/tranarakademin.se\/#organization\"},\"potentialAction\":[{\"@type\":\"SearchAction\",\"target\":{\"@type\":\"EntryPoint\",\"urlTemplate\":\"https:\/\/tranarakademin.se\/?s={search_term_string}\"},\"query-input\":{\"@type\":\"PropertyValueSpecification\",\"valueRequired\":true,\"valueName\":\"search_term_string\"}}],\"inLanguage\":\"en-GB\"},{\"@type\":\"Organization\",\"@id\":\"https:\/\/tranarakademin.se\/#organization\",\"name\":\"Tr\u00e4narakademin\",\"url\":\"https:\/\/tranarakademin.se\/\",\"logo\":{\"@type\":\"ImageObject\",\"inLanguage\":\"en-GB\",\"@id\":\"https:\/\/tranarakademin.se\/#\/schema\/logo\/image\/\",\"url\":\"https:\/\/tranarakademin.se\/wp-content\/uploads\/2020\/04\/Logotyp-TA_Vertical-small-Blue.png\",\"contentUrl\":\"https:\/\/tranarakademin.se\/wp-content\/uploads\/2020\/04\/Logotyp-TA_Vertical-small-Blue.png\",\"width\":798,\"height\":464,\"caption\":\"Tr\u00e4narakademin\"},\"image\":{\"@id\":\"https:\/\/tranarakademin.se\/#\/schema\/logo\/image\/\"}}]}<\/script>\n<!-- \/ Yoast SEO plugin. -->","yoast_head_json":{"title":"Tr\u00e4ningens anatomi och fysiologi - Tr\u00e4narakademin","robots":{"index":"index","follow":"follow","max-snippet":"max-snippet:-1","max-image-preview":"max-image-preview:large","max-video-preview":"max-video-preview:-1"},"canonical":"https:\/\/tranarakademin.se\/en\/utbildning\/traningens-anatomi-och-fysiologi\/","og_locale":"en_GB","og_type":"article","og_title":"Tr\u00e4ningens anatomi och fysiologi - Tr\u00e4narakademin","og_description":"Saknar du r\u00e4tt f\u00f6rkunskaper inf\u00f6r v\u00e5ra coachutbildningar? Ingen fara! Med v\u00e5rt popul\u00e4ra kurspaket Tr\u00e4ningens anatomi och fysiologi f\u00e5r du de kunskaper som kr\u00e4vs f\u00f6r att k\u00e4nna dig trygg inf\u00f6r v\u00e5ra coachutbildningar. Paketet best\u00e5r av tv\u00e5 omfattande digitala kurser: Tr\u00e4ningens fysiologi I den h\u00e4r kursen l\u00e4r du dig p\u00e5 djupet hur kroppen fungerar vid tr\u00e4ning och [&hellip;]","og_url":"https:\/\/tranarakademin.se\/en\/utbildning\/traningens-anatomi-och-fysiologi\/","og_site_name":"Tr\u00e4narakademin","article_modified_time":"2025-04-17T18:31:54+00:00","og_image":[{"width":1920,"height":1285,"url":"https:\/\/tranarakademin.se\/wp-content\/uploads\/2024\/10\/fysiologi.jpg","type":"image\/jpeg"}],"twitter_card":"summary_large_image","twitter_misc":{"Est. reading time":"2 minutes"},"schema":{"@context":"https:\/\/schema.org","@graph":[{"@type":"WebPage","@id":"https:\/\/tranarakademin.se\/utbildning\/traningens-anatomi-och-fysiologi\/","url":"https:\/\/tranarakademin.se\/utbildning\/traningens-anatomi-och-fysiologi\/","name":"Tr\u00e4ningens anatomi och fysiologi - Tr\u00e4narakademin","isPartOf":{"@id":"https:\/\/tranarakademin.se\/#website"},"primaryImageOfPage":{"@id":"https:\/\/tranarakademin.se\/utbildning\/traningens-anatomi-och-fysiologi\/#primaryimage"},"image":{"@id":"https:\/\/tranarakademin.se\/utbildning\/traningens-anatomi-och-fysiologi\/#primaryimage"},"thumbnailUrl":"https:\/\/tranarakademin.se\/wp-content\/uploads\/2024\/10\/fysiologi.jpg","datePublished":"2024-10-21T08:25:08+00:00","dateModified":"2025-04-17T18:31:54+00:00","breadcrumb":{"@id":"https:\/\/tranarakademin.se\/utbildning\/traningens-anatomi-och-fysiologi\/#breadcrumb"},"inLanguage":"en-GB","potentialAction":[{"@type":"ReadAction","target":["https:\/\/tranarakademin.se\/utbildning\/traningens-anatomi-och-fysiologi\/"]}]},{"@type":"ImageObject","inLanguage":"en-GB","@id":"https:\/\/tranarakademin.se\/utbildning\/traningens-anatomi-och-fysiologi\/#primaryimage","url":"https:\/\/tranarakademin.se\/wp-content\/uploads\/2024\/10\/fysiologi.jpg","contentUrl":"https:\/\/tranarakademin.se\/wp-content\/uploads\/2024\/10\/fysiologi.jpg"},{"@type":"BreadcrumbList","@id":"https:\/\/tranarakademin.se\/utbildning\/traningens-anatomi-och-fysiologi\/#breadcrumb","itemListElement":[{"@type":"ListItem","position":1,"name":"Hem","item":"https:\/\/tranarakademin.se\/"},{"@type":"ListItem","position":2,"name":"V\u00e5ra utbildningar","item":"https:\/\/tranarakademin.se\/utbildningar\/"},{"@type":"ListItem","position":3,"name":"Tr\u00e4ningens anatomi och fysiologi"}]},{"@type":"WebSite","@id":"https:\/\/tranarakademin.se\/#website","url":"https:\/\/tranarakademin.se\/","name":"Tr\u00e4narakademin","description":"Success, Science and Community","publisher":{"@id":"https:\/\/tranarakademin.se\/#organization"},"potentialAction":[{"@type":"SearchAction","target":{"@type":"EntryPoint","urlTemplate":"https:\/\/tranarakademin.se\/?s={search_term_string}"},"query-input":{"@type":"PropertyValueSpecification","valueRequired":true,"valueName":"search_term_string"}}],"inLanguage":"en-GB"},{"@type":"Organization","@id":"https:\/\/tranarakademin.se\/#organization","name":"Tr\u00e4narakademin","url":"https:\/\/tranarakademin.se\/","logo":{"@type":"ImageObject","inLanguage":"en-GB","@id":"https:\/\/tranarakademin.se\/#\/schema\/logo\/image\/","url":"https:\/\/tranarakademin.se\/wp-content\/uploads\/2020\/04\/Logotyp-TA_Vertical-small-Blue.png","contentUrl":"https:\/\/tranarakademin.se\/wp-content\/uploads\/2020\/04\/Logotyp-TA_Vertical-small-Blue.png","width":798,"height":464,"caption":"Tr\u00e4narakademin"},"image":{"@id":"https:\/\/tranarakademin.se\/#\/schema\/logo\/image\/"}}]}},"_links":{"self":[{"href":"https:\/\/tranarakademin.se\/en\/wp-json\/wp\/v2\/product\/13148","targetHints":{"allow":["GET"]}}],"collection":[{"href":"https:\/\/tranarakademin.se\/en\/wp-json\/wp\/v2\/product"}],"about":[{"href":"https:\/\/tranarakademin.se\/en\/wp-json\/wp\/v2\/types\/product"}],"wp:attachment":[{"href":"https:\/\/tranarakademin.se\/en\/wp-json\/wp\/v2\/media?parent=13148"}],"wp:term":[{"taxonomy":"product_brand","embeddable":true,"href":"https:\/\/tranarakademin.se\/en\/wp-json\/wp\/v2\/product_brand?post=13148"},{"taxonomy":"product_cat","embeddable":true,"href":"https:\/\/tranarakademin.se\/en\/wp-json\/wp\/v2\/product_cat?post=13148"},{"taxonomy":"product_tag","embeddable":true,"href":"https:\/\/tranarakademin.se\/en\/wp-json\/wp\/v2\/product_tag?post=13148"}],"curies":[{"name":"wp","href":"https:\/\/api.w.org\/{rel}","templated":true}]}}