{"id":8576,"date":"2020-04-29T08:26:09","date_gmt":"2020-04-29T08:26:09","guid":{"rendered":"https:\/\/tranarakademin.se\/?post_type=product&#038;p=8576"},"modified":"2026-03-06T12:39:01","modified_gmt":"2026-03-06T12:39:01","slug":"diplomerad-endurance-coach","status":"publish","type":"product","link":"https:\/\/tranarakademin.se\/en\/utbildning\/diplomerad-endurance-coach\/","title":{"rendered":"Dipl. Endurance Coach"},"content":{"rendered":"<p>Under utbildningen Dipl. Endurance Coach f\u00e5r du l\u00e4ra dig hur du kan hj\u00e4lpa dina klienter att utveckla uth\u00e5llighet och kondition p\u00e5 ett individanpassat och evidensbaserat s\u00e4tt.<\/p>\n<p>Tillsammans med n\u00e5gra av Sveriges fr\u00e4msta experter inom uth\u00e5llighetstr\u00e4ning f\u00e5r du verktygen f\u00f6r att coacha b\u00e5de motion\u00e4rer och elitidrottare mot deras konditionsm\u00e5l. Du kommer att l\u00e4ra dig att skapa effektiva tr\u00e4ningsprogram, genomf\u00f6ra konditionstester (inklusive laktat- och VO2max-tester), samt hur du optimerar prestationer genom styrke- och r\u00f6rlighetstr\u00e4ning f\u00f6r olika uth\u00e5llighetsidrotter.<\/p>\n<p>Utbildningen \u00e4r utformad s\u00e5 att <strong>alla<\/strong> kan delta, oavsett bakgrund eller erfarenhetsniv\u00e5. Den anpassas efter dina f\u00f6ruts\u00e4ttningar s\u00e5 att du kan utvecklas i din egen takt och f\u00e5 de verktyg du beh\u00f6ver f\u00f6r att coacha dina klienter p\u00e5 b\u00e4sta s\u00e4tt.<\/p>\n<p><strong>Utbildningens uppl\u00e4gg:<\/strong><\/p>\n<ol>\n<li>Ett omfattande f\u00f6rinspelat material med videolektioner och praktiska \u00f6vningar som ger dig en djup f\u00f6rst\u00e5else f\u00f6r konditionstr\u00e4ningens principer.<\/li>\n<li>En interaktiv onlinef\u00f6rel\u00e4sning d\u00e4r du f\u00e5r l\u00e4ra dig att designa pass och program f\u00f6r att utveckla uth\u00e5llighet.<\/li>\n<li>Tv\u00e5 intensiva heldagar p\u00e5 Sveriges fr\u00e4msta idrottscentrum, <strong style=\"font-size: 16px;\">Bos\u00f6n<\/strong><span style=\"font-size: 16px;\">, d\u00e4r du l\u00e4r dig att genomf\u00f6ra laktat- och VO2max-tester, arbeta med styrke- och r\u00f6rlighetstr\u00e4ning f\u00f6r l\u00f6pare och andra uth\u00e5llighetsidrottare, samt vidareutveckla din kompetens inom pass- och programdesign.<\/span><\/li>\n<\/ol>\n<p>Den h\u00e4r utbildningen \u00e4r en unik m\u00f6jlighet f\u00f6r dig som vill f\u00f6rdjupa dina kunskaper inom uth\u00e5llighetstr\u00e4ning och f\u00e5 praktisk erfarenhet av att arbeta med konditionsidrottare p\u00e5 alla niv\u00e5er.<\/p>\n<p>Efter godk\u00e4nd utbildning erh\u00e5ller du ett diplom som intygar dina nya f\u00e4rdigheter som <strong>Diplomerad Endurance Coach<\/strong>.<\/p>","protected":false},"excerpt":{"rendered":"<p><strong>Digital &amp; fysisk undervisning<\/strong><\/p>\n<p>L\u00e4r dig bygga konditionspass och program enligt aktuell kunskap och att hantera tester, styrketr\u00e4ning och r\u00f6rlighetstr\u00e4ning f\u00f6r konditionsidrottare<\/p>","protected":false},"featured_media":12065,"template":"","meta":{"site-sidebar-layout":"default","site-content-layout":"default","ast-site-content-layout":"default","site-content-style":"default","site-sidebar-style":"default","ast-global-header-display":"","ast-banner-title-visibility":"","ast-main-header-display":"","ast-hfb-above-header-display":"","ast-hfb-below-header-display":"","ast-hfb-mobile-header-display":"","site-post-title":"","ast-breadcrumbs-content":"","ast-featured-img":"","footer-sml-layout":"","ast-disable-related-posts":"","theme-transparent-header-meta":"default","adv-header-id-meta":"","stick-header-meta":"default","header-above-stick-meta":"","header-main-stick-meta":"","header-below-stick-meta":"","astra-migrate-meta-layouts":"set","ast-page-background-enabled":"default","ast-page-background-meta":{"desktop":{"background-color":"","background-image":"","background-repeat":"repeat","background-position":"center center","background-size":"auto","background-attachment":"scroll","background-type":"","background-media":"","overlay-type":"","overlay-color":"","overlay-opacity":"","overlay-gradient":""},"tablet":{"background-color":"","background-image":"","background-repeat":"repeat","background-position":"center center","background-size":"auto","background-attachment":"scroll","background-type":"","background-media":"","overlay-type":"","overlay-color":"","overlay-opacity":"","overlay-gradient":""},"mobile":{"background-color":"","background-image":"","background-repeat":"repeat","background-position":"center center","background-size":"auto","background-attachment":"scroll","background-type":"","background-media":"","overlay-type":"","overlay-color":"","overlay-opacity":"","overlay-gradient":""}},"ast-content-background-meta":{"desktop":{"background-color":"var(--ast-global-color-5)","background-image":"","background-repeat":"repeat","background-position":"center center","background-size":"auto","background-attachment":"scroll","background-type":"","background-media":"","overlay-type":"","overlay-color":"","overlay-opacity":"","overlay-gradient":""},"tablet":{"background-color":"var(--ast-global-color-5)","background-image":"","background-repeat":"repeat","background-position":"center center","background-size":"auto","background-attachment":"scroll","background-type":"","background-media":"","overlay-type":"","overlay-color":"","overlay-opacity":"","overlay-gradient":""},"mobile":{"background-color":"var(--ast-global-color-5)","background-image":"","background-repeat":"repeat","background-position":"center center","background-size":"auto","background-attachment":"scroll","background-type":"","background-media":"","overlay-type":"","overlay-color":"","overlay-opacity":"","overlay-gradient":""}}},"product_brand":[],"product_cat":[120],"product_tag":[],"class_list":{"0":"post-8576","1":"product","2":"type-product","3":"status-publish","4":"has-post-thumbnail","6":"product_cat-kurser","7":"desktop-align-left","8":"tablet-align-left","9":"mobile-align-left","10":"ast-product-gallery-layout-horizontal-slider","11":"ast-product-single-variable","12":"ast-product-tabs-layout-horizontal","14":"first","15":"instock","16":"taxable","17":"shipping-taxable","18":"purchasable","19":"product-type-variable"},"yoast_head":"<!-- This site is optimized with the Yoast SEO plugin v27.2 - https:\/\/yoast.com\/product\/yoast-seo-wordpress\/ -->\n<title>Dipl. Endurance Coach - Tr\u00e4narakademin<\/title>\n<meta name=\"robots\" content=\"index, follow, max-snippet:-1, max-image-preview:large, max-video-preview:-1\" \/>\n<link rel=\"canonical\" href=\"https:\/\/tranarakademin.se\/en\/utbildning\/diplomerad-endurance-coach\/\" \/>\n<meta property=\"og:locale\" content=\"en_GB\" \/>\n<meta property=\"og:type\" content=\"article\" \/>\n<meta property=\"og:title\" content=\"Dipl. Endurance Coach - Tr\u00e4narakademin\" \/>\n<meta property=\"og:description\" content=\"Digital &amp; fysisk undervisning  L\u00e4r dig bygga konditionspass och program enligt aktuell kunskap och att hantera tester, styrketr\u00e4ning och r\u00f6rlighetstr\u00e4ning f\u00f6r konditionsidrottare\" \/>\n<meta property=\"og:url\" content=\"https:\/\/tranarakademin.se\/en\/utbildning\/diplomerad-endurance-coach\/\" \/>\n<meta property=\"og:site_name\" content=\"Tr\u00e4narakademin\" \/>\n<meta property=\"article:modified_time\" content=\"2026-03-06T12:39:01+00:00\" \/>\n<meta property=\"og:image\" content=\"https:\/\/tranarakademin.se\/wp-content\/uploads\/2020\/04\/3.jpg\" \/>\n\t<meta property=\"og:image:width\" content=\"600\" \/>\n\t<meta property=\"og:image:height\" content=\"600\" \/>\n\t<meta property=\"og:image:type\" content=\"image\/jpeg\" \/>\n<meta name=\"twitter:card\" content=\"summary_large_image\" \/>\n<meta name=\"twitter:label1\" content=\"Est. reading time\" \/>\n\t<meta name=\"twitter:data1\" content=\"2 minutes\" \/>\n<script type=\"application\/ld+json\" class=\"yoast-schema-graph\">{\"@context\":\"https:\/\/schema.org\",\"@graph\":[{\"@type\":\"WebPage\",\"@id\":\"https:\/\/tranarakademin.se\/utbildning\/diplomerad-endurance-coach\/\",\"url\":\"https:\/\/tranarakademin.se\/utbildning\/diplomerad-endurance-coach\/\",\"name\":\"Dipl. Endurance Coach - Tr\u00e4narakademin\",\"isPartOf\":{\"@id\":\"https:\/\/tranarakademin.se\/#website\"},\"primaryImageOfPage\":{\"@id\":\"https:\/\/tranarakademin.se\/utbildning\/diplomerad-endurance-coach\/#primaryimage\"},\"image\":{\"@id\":\"https:\/\/tranarakademin.se\/utbildning\/diplomerad-endurance-coach\/#primaryimage\"},\"thumbnailUrl\":\"https:\/\/tranarakademin.se\/wp-content\/uploads\/2020\/04\/3.jpg\",\"datePublished\":\"2020-04-29T08:26:09+00:00\",\"dateModified\":\"2026-03-06T12:39:01+00:00\",\"breadcrumb\":{\"@id\":\"https:\/\/tranarakademin.se\/utbildning\/diplomerad-endurance-coach\/#breadcrumb\"},\"inLanguage\":\"en-GB\",\"potentialAction\":[{\"@type\":\"ReadAction\",\"target\":[\"https:\/\/tranarakademin.se\/utbildning\/diplomerad-endurance-coach\/\"]}]},{\"@type\":\"ImageObject\",\"inLanguage\":\"en-GB\",\"@id\":\"https:\/\/tranarakademin.se\/utbildning\/diplomerad-endurance-coach\/#primaryimage\",\"url\":\"https:\/\/tranarakademin.se\/wp-content\/uploads\/2020\/04\/3.jpg\",\"contentUrl\":\"https:\/\/tranarakademin.se\/wp-content\/uploads\/2020\/04\/3.jpg\",\"width\":600,\"height\":600,\"caption\":\"Dipl. Endurance Coach\"},{\"@type\":\"BreadcrumbList\",\"@id\":\"https:\/\/tranarakademin.se\/utbildning\/diplomerad-endurance-coach\/#breadcrumb\",\"itemListElement\":[{\"@type\":\"ListItem\",\"position\":1,\"name\":\"Hem\",\"item\":\"https:\/\/tranarakademin.se\/\"},{\"@type\":\"ListItem\",\"position\":2,\"name\":\"V\u00e5ra utbildningar\",\"item\":\"https:\/\/tranarakademin.se\/utbildningar\/\"},{\"@type\":\"ListItem\",\"position\":3,\"name\":\"Dipl. Endurance Coach\"}]},{\"@type\":\"WebSite\",\"@id\":\"https:\/\/tranarakademin.se\/#website\",\"url\":\"https:\/\/tranarakademin.se\/\",\"name\":\"Tr\u00e4narakademin\",\"description\":\"Framg\u00e5ng, Vetenskap och Gemenskap\",\"publisher\":{\"@id\":\"https:\/\/tranarakademin.se\/#organization\"},\"potentialAction\":[{\"@type\":\"SearchAction\",\"target\":{\"@type\":\"EntryPoint\",\"urlTemplate\":\"https:\/\/tranarakademin.se\/?s={search_term_string}\"},\"query-input\":{\"@type\":\"PropertyValueSpecification\",\"valueRequired\":true,\"valueName\":\"search_term_string\"}}],\"inLanguage\":\"en-GB\"},{\"@type\":\"Organization\",\"@id\":\"https:\/\/tranarakademin.se\/#organization\",\"name\":\"Tr\u00e4narakademin\",\"url\":\"https:\/\/tranarakademin.se\/\",\"logo\":{\"@type\":\"ImageObject\",\"inLanguage\":\"en-GB\",\"@id\":\"https:\/\/tranarakademin.se\/#\/schema\/logo\/image\/\",\"url\":\"https:\/\/tranarakademin.se\/wp-content\/uploads\/2020\/04\/Logotyp-TA_Vertical-small-Blue.png\",\"contentUrl\":\"https:\/\/tranarakademin.se\/wp-content\/uploads\/2020\/04\/Logotyp-TA_Vertical-small-Blue.png\",\"width\":798,\"height\":464,\"caption\":\"Tr\u00e4narakademin\"},\"image\":{\"@id\":\"https:\/\/tranarakademin.se\/#\/schema\/logo\/image\/\"}}]}<\/script>\n<!-- \/ Yoast SEO plugin. -->","yoast_head_json":{"title":"Dipl. Endurance Coach - Tr\u00e4narakademin","robots":{"index":"index","follow":"follow","max-snippet":"max-snippet:-1","max-image-preview":"max-image-preview:large","max-video-preview":"max-video-preview:-1"},"canonical":"https:\/\/tranarakademin.se\/en\/utbildning\/diplomerad-endurance-coach\/","og_locale":"en_GB","og_type":"article","og_title":"Dipl. Endurance Coach - Tr\u00e4narakademin","og_description":"Digital &amp; fysisk undervisning  L\u00e4r dig bygga konditionspass och program enligt aktuell kunskap och att hantera tester, styrketr\u00e4ning och r\u00f6rlighetstr\u00e4ning f\u00f6r konditionsidrottare","og_url":"https:\/\/tranarakademin.se\/en\/utbildning\/diplomerad-endurance-coach\/","og_site_name":"Tr\u00e4narakademin","article_modified_time":"2026-03-06T12:39:01+00:00","og_image":[{"width":600,"height":600,"url":"https:\/\/tranarakademin.se\/wp-content\/uploads\/2020\/04\/3.jpg","type":"image\/jpeg"}],"twitter_card":"summary_large_image","twitter_misc":{"Est. reading time":"2 minutes"},"schema":{"@context":"https:\/\/schema.org","@graph":[{"@type":"WebPage","@id":"https:\/\/tranarakademin.se\/utbildning\/diplomerad-endurance-coach\/","url":"https:\/\/tranarakademin.se\/utbildning\/diplomerad-endurance-coach\/","name":"Dipl. Endurance Coach - Tr\u00e4narakademin","isPartOf":{"@id":"https:\/\/tranarakademin.se\/#website"},"primaryImageOfPage":{"@id":"https:\/\/tranarakademin.se\/utbildning\/diplomerad-endurance-coach\/#primaryimage"},"image":{"@id":"https:\/\/tranarakademin.se\/utbildning\/diplomerad-endurance-coach\/#primaryimage"},"thumbnailUrl":"https:\/\/tranarakademin.se\/wp-content\/uploads\/2020\/04\/3.jpg","datePublished":"2020-04-29T08:26:09+00:00","dateModified":"2026-03-06T12:39:01+00:00","breadcrumb":{"@id":"https:\/\/tranarakademin.se\/utbildning\/diplomerad-endurance-coach\/#breadcrumb"},"inLanguage":"en-GB","potentialAction":[{"@type":"ReadAction","target":["https:\/\/tranarakademin.se\/utbildning\/diplomerad-endurance-coach\/"]}]},{"@type":"ImageObject","inLanguage":"en-GB","@id":"https:\/\/tranarakademin.se\/utbildning\/diplomerad-endurance-coach\/#primaryimage","url":"https:\/\/tranarakademin.se\/wp-content\/uploads\/2020\/04\/3.jpg","contentUrl":"https:\/\/tranarakademin.se\/wp-content\/uploads\/2020\/04\/3.jpg","width":600,"height":600,"caption":"Dipl. Endurance Coach"},{"@type":"BreadcrumbList","@id":"https:\/\/tranarakademin.se\/utbildning\/diplomerad-endurance-coach\/#breadcrumb","itemListElement":[{"@type":"ListItem","position":1,"name":"Hem","item":"https:\/\/tranarakademin.se\/"},{"@type":"ListItem","position":2,"name":"V\u00e5ra utbildningar","item":"https:\/\/tranarakademin.se\/utbildningar\/"},{"@type":"ListItem","position":3,"name":"Dipl. Endurance Coach"}]},{"@type":"WebSite","@id":"https:\/\/tranarakademin.se\/#website","url":"https:\/\/tranarakademin.se\/","name":"Tr\u00e4narakademin","description":"Success, Science and Community","publisher":{"@id":"https:\/\/tranarakademin.se\/#organization"},"potentialAction":[{"@type":"SearchAction","target":{"@type":"EntryPoint","urlTemplate":"https:\/\/tranarakademin.se\/?s={search_term_string}"},"query-input":{"@type":"PropertyValueSpecification","valueRequired":true,"valueName":"search_term_string"}}],"inLanguage":"en-GB"},{"@type":"Organization","@id":"https:\/\/tranarakademin.se\/#organization","name":"Tr\u00e4narakademin","url":"https:\/\/tranarakademin.se\/","logo":{"@type":"ImageObject","inLanguage":"en-GB","@id":"https:\/\/tranarakademin.se\/#\/schema\/logo\/image\/","url":"https:\/\/tranarakademin.se\/wp-content\/uploads\/2020\/04\/Logotyp-TA_Vertical-small-Blue.png","contentUrl":"https:\/\/tranarakademin.se\/wp-content\/uploads\/2020\/04\/Logotyp-TA_Vertical-small-Blue.png","width":798,"height":464,"caption":"Tr\u00e4narakademin"},"image":{"@id":"https:\/\/tranarakademin.se\/#\/schema\/logo\/image\/"}}]}},"_links":{"self":[{"href":"https:\/\/tranarakademin.se\/en\/wp-json\/wp\/v2\/product\/8576","targetHints":{"allow":["GET"]}}],"collection":[{"href":"https:\/\/tranarakademin.se\/en\/wp-json\/wp\/v2\/product"}],"about":[{"href":"https:\/\/tranarakademin.se\/en\/wp-json\/wp\/v2\/types\/product"}],"wp:featuredmedia":[{"embeddable":true,"href":"https:\/\/tranarakademin.se\/en\/wp-json\/wp\/v2\/media\/12065"}],"wp:attachment":[{"href":"https:\/\/tranarakademin.se\/en\/wp-json\/wp\/v2\/media?parent=8576"}],"wp:term":[{"taxonomy":"product_brand","embeddable":true,"href":"https:\/\/tranarakademin.se\/en\/wp-json\/wp\/v2\/product_brand?post=8576"},{"taxonomy":"product_cat","embeddable":true,"href":"https:\/\/tranarakademin.se\/en\/wp-json\/wp\/v2\/product_cat?post=8576"},{"taxonomy":"product_tag","embeddable":true,"href":"https:\/\/tranarakademin.se\/en\/wp-json\/wp\/v2\/product_tag?post=8576"}],"curies":[{"name":"wp","href":"https:\/\/api.w.org\/{rel}","templated":true}]}}